{"id":2819,"date":"2025-07-08T15:48:57","date_gmt":"2025-07-08T15:48:57","guid":{"rendered":"https:\/\/steeltechitalia.com\/thunder\/"},"modified":"2025-08-26T15:44:34","modified_gmt":"2025-08-26T15:44:34","slug":"thunder","status":"publish","type":"page","link":"https:\/\/steeltechitalia.com\/es\/thunder\/","title":{"rendered":"THUNDER"},"content":{"rendered":"\t\t<div data-elementor-type=\"wp-page\" data-elementor-id=\"2819\" class=\"elementor elementor-2819 elementor-875\" data-elementor-post-type=\"page\">\n\t\t\t\t<div class=\"elementor-element elementor-element-57a4f01 e-flex e-con-boxed e-con e-parent\" data-id=\"57a4f01\" data-element_type=\"container\" data-settings=\"{&quot;background_background&quot;:&quot;classic&quot;,&quot;background_motion_fx_motion_fx_scrolling&quot;:&quot;yes&quot;,&quot;background_motion_fx_translateY_effect&quot;:&quot;yes&quot;,&quot;background_motion_fx_translateY_speed&quot;:{&quot;unit&quot;:&quot;px&quot;,&quot;size&quot;:6.9,&quot;sizes&quot;:[]},&quot;background_motion_fx_translateY_affectedRange&quot;:{&quot;unit&quot;:&quot;%&quot;,&quot;size&quot;:&quot;&quot;,&quot;sizes&quot;:{&quot;start&quot;:0,&quot;end&quot;:100}},&quot;background_motion_fx_devices&quot;:[&quot;desktop&quot;,&quot;tablet&quot;,&quot;mobile&quot;]}\">\n\t\t\t\t\t<div class=\"e-con-inner\">\n\t\t\t\t<div class=\"elementor-element elementor-element-bd15889 elementor-widget elementor-widget-heading\" data-id=\"bd15889\" data-element_type=\"widget\" data-widget_type=\"heading.default\">\n\t\t\t\t<div class=\"elementor-widget-container\">\n\t\t\t\t\t<p class=\"elementor-heading-title elementor-size-default\">INVESTIGACI\u00d3N Y DESARROLLO<\/p>\t\t\t\t<\/div>\n\t\t\t\t<\/div>\n\t\t\t\t<div class=\"elementor-element elementor-element-3a1c3fa elementor-widget__width-initial elementor-widget elementor-widget-heading\" data-id=\"3a1c3fa\" data-element_type=\"widget\" data-widget_type=\"heading.default\">\n\t\t\t\t<div class=\"elementor-widget-container\">\n\t\t\t\t\t<h1 class=\"elementor-heading-title elementor-size-default\">THUNDER<\/h1>\t\t\t\t<\/div>\n\t\t\t\t<\/div>\n\t\t\t\t<div class=\"elementor-element elementor-element-eba62ad elementor-widget__width-initial elementor-widget elementor-widget-heading\" data-id=\"eba62ad\" data-element_type=\"widget\" data-widget_type=\"heading.default\">\n\t\t\t\t<div class=\"elementor-widget-container\">\n\t\t\t\t\t<p class=\"elementor-heading-title elementor-size-default\">Es el proyecto europeo de I+D en el que estamos trabajando junto con otros importantes socios italianos y extranjeros, cuyo objetivo es recuperar el calor residual de grandes centros de datos.<\/p>\t\t\t\t<\/div>\n\t\t\t\t<\/div>\n\t\t\t\t\t<\/div>\n\t\t\t\t<\/div>\n\t\t<div class=\"elementor-element elementor-element-17e13e5 e-flex e-con-boxed e-con e-parent\" data-id=\"17e13e5\" data-element_type=\"container\" data-settings=\"{&quot;background_background&quot;:&quot;classic&quot;}\">\n\t\t\t\t\t<div class=\"e-con-inner\">\n\t\t<div class=\"elementor-element elementor-element-dda39d9 e-con-full e-flex e-con e-child\" data-id=\"dda39d9\" data-element_type=\"container\">\n\t\t\t\t<div class=\"elementor-element elementor-element-d7c60e3 elementor-widget elementor-widget-image\" data-id=\"d7c60e3\" data-element_type=\"widget\" data-widget_type=\"image.default\">\n\t\t\t\t<div class=\"elementor-widget-container\">\n\t\t\t\t\t\t\t\t\t\t\t\t\t\t\t<img fetchpriority=\"high\" decoding=\"async\" width=\"400\" height=\"150\" src=\"https:\/\/steeltechitalia.com\/wp-content\/uploads\/2025\/07\/logo-thunder-400x150-1.jpg\" class=\"attachment-large size-large wp-image-2231\" alt=\"Logo thunder 400x150\" srcset=\"https:\/\/steeltechitalia.com\/wp-content\/uploads\/2025\/07\/logo-thunder-400x150-1.jpg 400w, https:\/\/steeltechitalia.com\/wp-content\/uploads\/2025\/07\/logo-thunder-400x150-1-300x113.jpg 300w\" sizes=\"(max-width: 400px) 100vw, 400px\" \/>\t\t\t\t\t\t\t\t\t\t\t\t\t\t\t<\/div>\n\t\t\t\t<\/div>\n\t\t\t\t<\/div>\n\t\t<div class=\"elementor-element elementor-element-50c6b0b e-con-full e-flex e-con e-child\" data-id=\"50c6b0b\" data-element_type=\"container\">\n\t\t\t\t<div class=\"elementor-element elementor-element-3bcb037 elementor-widget elementor-widget-heading\" data-id=\"3bcb037\" data-element_type=\"widget\" data-widget_type=\"heading.default\">\n\t\t\t\t<div class=\"elementor-widget-container\">\n\t\t\t\t\t<p class=\"elementor-heading-title elementor-size-default\">NUESTRO COMPROMISO<\/p>\t\t\t\t<\/div>\n\t\t\t\t<\/div>\n\t\t\t\t<div class=\"elementor-element elementor-element-dd36af6 elementor-widget__width-initial elementor-widget elementor-widget-heading\" data-id=\"dd36af6\" data-element_type=\"widget\" data-widget_type=\"heading.default\">\n\t\t\t\t<div class=\"elementor-widget-container\">\n\t\t\t\t\t<h2 class=\"elementor-heading-title elementor-size-default\">Recuperaci\u00f3n y almacenamiento del calor residual de los centros de datos<\/h2>\t\t\t\t<\/div>\n\t\t\t\t<\/div>\n\t\t\t\t<div class=\"elementor-element elementor-element-93ee8ae elementor-widget-divider--view-line elementor-widget elementor-widget-divider\" data-id=\"93ee8ae\" data-element_type=\"widget\" data-widget_type=\"divider.default\">\n\t\t\t\t<div class=\"elementor-widget-container\">\n\t\t\t\t\t\t\t<div class=\"elementor-divider\">\n\t\t\t<span class=\"elementor-divider-separator\">\n\t\t\t\t\t\t<\/span>\n\t\t<\/div>\n\t\t\t\t\t\t<\/div>\n\t\t\t\t<\/div>\n\t\t\t\t<div class=\"elementor-element elementor-element-1d115ca elementor-widget__width-initial elementor-widget elementor-widget-text-editor\" data-id=\"1d115ca\" data-element_type=\"widget\" data-widget_type=\"text-editor.default\">\n\t\t\t\t<div class=\"elementor-widget-container\">\n\t\t\t\t\t\t\t\t\t<p>Thunder es un proyecto cofinanciado por la Comisi\u00f3n Europea dentro del Programa de Investigaci\u00f3n e Innovaci\u00f3n Horizon Europe.<\/p><p>El objetivo es desarrollar un sistema que permita acumular el calor residual de un gran centro de datos situado en Varna, Bulgaria, durante el verano y liberarlo en invierno para su uso en el entorno urbano circundante.<\/p>\t\t\t\t\t\t\t\t<\/div>\n\t\t\t\t<\/div>\n\t\t\t\t<div class=\"elementor-element elementor-element-f4c250d elementor-align-center elementor-widget elementor-widget-button\" data-id=\"f4c250d\" data-element_type=\"widget\" data-widget_type=\"button.default\">\n\t\t\t\t<div class=\"elementor-widget-container\">\n\t\t\t\t\t\t\t\t\t<div class=\"elementor-button-wrapper\">\n\t\t\t\t\t<a class=\"elementor-button elementor-button-link elementor-size-sm\" href=\"https:\/\/www.thunderproject.eu\/\" target=\"_blank\">\n\t\t\t\t\t\t<span class=\"elementor-button-content-wrapper\">\n\t\t\t\t\t\t\t\t\t<span class=\"elementor-button-text\">Visita el sitio web del proyecto<\/span>\n\t\t\t\t\t<\/span>\n\t\t\t\t\t<\/a>\n\t\t\t\t<\/div>\n\t\t\t\t\t\t\t\t<\/div>\n\t\t\t\t<\/div>\n\t\t<div class=\"elementor-element elementor-element-96af7c3 e-con-full e-flex e-con e-child\" data-id=\"96af7c3\" data-element_type=\"container\">\n\t\t<div class=\"elementor-element elementor-element-41abab2 e-con-full e-flex e-con e-child\" data-id=\"41abab2\" data-element_type=\"container\">\n\t\t\t\t<div class=\"elementor-element elementor-element-1365494 elementor-widget elementor-widget-image\" data-id=\"1365494\" data-element_type=\"widget\" data-widget_type=\"image.default\">\n\t\t\t\t<div class=\"elementor-widget-container\">\n\t\t\t\t\t\t\t\t\t\t\t\t\t\t\t<img decoding=\"async\" width=\"400\" height=\"109\" src=\"https:\/\/steeltechitalia.com\/wp-content\/uploads\/2025\/07\/Co-Funded-By-the-EU-400x109-1.png\" class=\"attachment-large size-large wp-image-2411\" alt=\"Co Funded By the EU 400x109\" srcset=\"https:\/\/steeltechitalia.com\/wp-content\/uploads\/2025\/07\/Co-Funded-By-the-EU-400x109-1.png 400w, https:\/\/steeltechitalia.com\/wp-content\/uploads\/2025\/07\/Co-Funded-By-the-EU-400x109-1-300x82.png 300w\" sizes=\"(max-width: 400px) 100vw, 400px\" \/>\t\t\t\t\t\t\t\t\t\t\t\t\t\t\t<\/div>\n\t\t\t\t<\/div>\n\t\t\t\t<\/div>\n\t\t\t\t<\/div>\n\t\t\t\t<\/div>\n\t\t\t\t\t<\/div>\n\t\t\t\t<\/div>\n\t\t<div class=\"elementor-element elementor-element-a052e41 e-con-full e-flex e-con e-parent\" data-id=\"a052e41\" data-element_type=\"container\">\n\t\t<div class=\"elementor-element elementor-element-fd8522e e-con-full e-flex e-con e-child\" data-id=\"fd8522e\" data-element_type=\"container\" data-settings=\"{&quot;background_background&quot;:&quot;classic&quot;}\">\n\t\t<div class=\"elementor-element elementor-element-dfae590 e-con-full e-flex e-con e-child\" data-id=\"dfae590\" data-element_type=\"container\">\n\t\t\t\t<div class=\"elementor-element elementor-element-5c6d90f elementor-widget elementor-widget-heading\" data-id=\"5c6d90f\" data-element_type=\"widget\" data-widget_type=\"heading.default\">\n\t\t\t\t<div class=\"elementor-widget-container\">\n\t\t\t\t\t<h3 class=\"elementor-heading-title elementor-size-default\">DATA CENTER<\/h3>\t\t\t\t<\/div>\n\t\t\t\t<\/div>\n\t\t\t\t<div class=\"elementor-element elementor-element-d6d9b2a elementor-widget-divider--view-line elementor-widget elementor-widget-divider\" data-id=\"d6d9b2a\" data-element_type=\"widget\" data-widget_type=\"divider.default\">\n\t\t\t\t<div class=\"elementor-widget-container\">\n\t\t\t\t\t\t\t<div class=\"elementor-divider\">\n\t\t\t<span class=\"elementor-divider-separator\">\n\t\t\t\t\t\t<\/span>\n\t\t<\/div>\n\t\t\t\t\t\t<\/div>\n\t\t\t\t<\/div>\n\t\t\t\t<div class=\"elementor-element elementor-element-54875fb elementor-widget elementor-widget-text-editor\" data-id=\"54875fb\" data-element_type=\"widget\" data-widget_type=\"text-editor.default\">\n\t\t\t\t<div class=\"elementor-widget-container\">\n\t\t\t\t\t\t\t\t\t<p>Se estima que los centros de datos en todo el mundo representan alrededor del 2 % del consumo de electricidad y que en 2030 alcanzar\u00e1n el 3,2 % de la demanda total de electricidad, consumo que se destina principalmente a los sistemas de refrigeraci\u00f3n, indispensables para su correcto funcionamiento dada la gran cantidad de calor residual producido, que actualmente se disipa pero que constituye en realidad un recurso muy importante.<\/p>\t\t\t\t\t\t\t\t<\/div>\n\t\t\t\t<\/div>\n\t\t\t\t<\/div>\n\t\t\t\t<\/div>\n\t\t<div class=\"elementor-element elementor-element-fbd54ef e-con-full e-flex e-con e-child\" data-id=\"fbd54ef\" data-element_type=\"container\" data-settings=\"{&quot;background_background&quot;:&quot;classic&quot;}\">\n\t\t\t\t<\/div>\n\t\t\t\t<\/div>\n\t\t<div class=\"elementor-element elementor-element-29cdede e-flex e-con-boxed e-con e-parent\" data-id=\"29cdede\" data-element_type=\"container\" data-settings=\"{&quot;background_background&quot;:&quot;classic&quot;}\">\n\t\t\t\t\t<div class=\"e-con-inner\">\n\t\t<div class=\"elementor-element elementor-element-203b68f e-con-full e-flex e-con e-child\" data-id=\"203b68f\" data-element_type=\"container\">\n\t\t\t\t<div class=\"elementor-element elementor-element-ab686b4 elementor-widget elementor-widget-heading\" data-id=\"ab686b4\" data-element_type=\"widget\" data-widget_type=\"heading.default\">\n\t\t\t\t<div class=\"elementor-widget-container\">\n\t\t\t\t\t<h3 class=\"elementor-heading-title elementor-size-default\">NUESTRO SISTEMA<\/h3>\t\t\t\t<\/div>\n\t\t\t\t<\/div>\n\t\t\t\t<div class=\"elementor-element elementor-element-ab80184 elementor-widget-divider--view-line elementor-widget elementor-widget-divider\" data-id=\"ab80184\" data-element_type=\"widget\" data-widget_type=\"divider.default\">\n\t\t\t\t<div class=\"elementor-widget-container\">\n\t\t\t\t\t\t\t<div class=\"elementor-divider\">\n\t\t\t<span class=\"elementor-divider-separator\">\n\t\t\t\t\t\t<\/span>\n\t\t<\/div>\n\t\t\t\t\t\t<\/div>\n\t\t\t\t<\/div>\n\t\t\t\t<div class=\"elementor-element elementor-element-0f74521 elementor-widget elementor-widget-text-editor\" data-id=\"0f74521\" data-element_type=\"widget\" data-widget_type=\"text-editor.default\">\n\t\t\t\t<div class=\"elementor-widget-container\">\n\t\t\t\t\t\t\t\t\t<div class=\"fusion-text fusion-text-15\"><div class=\"fusion-text fusion-text-17\"><p>El almacenamiento t\u00e9rmico estacional es un sistema de almacenamiento avanzado basado en materiales termoqu\u00edmicos (TCM) seleccionados para aumentar la capacidad de acumulaci\u00f3n mediante procesos de transferencia de calor con p\u00e9rdidas t\u00e9rmicas cercanas a cero. Se basa en una tecnolog\u00eda de almacenamiento innovadora basada en reacciones qu\u00edmicas y procesos de absorci\u00f3n, que ofrece una soluci\u00f3n de almacenamiento eficiente y compacta capaz de aprovechar los flujos t\u00e9rmicos residuales y de baja calidad procedentes de los centros de datos. <\/p><\/div><\/div>\t\t\t\t\t\t\t\t<\/div>\n\t\t\t\t<\/div>\n\t\t\t\t<div class=\"elementor-element elementor-element-e698248 elementor-widget elementor-widget-heading\" data-id=\"e698248\" data-element_type=\"widget\" data-widget_type=\"heading.default\">\n\t\t\t\t<div class=\"elementor-widget-container\">\n\t\t\t\t\t<h3 class=\"elementor-heading-title elementor-size-default\">VENTAJAS<\/h3>\t\t\t\t<\/div>\n\t\t\t\t<\/div>\n\t\t\t\t<div class=\"elementor-element elementor-element-f0178e3 elementor-widget-divider--view-line elementor-widget elementor-widget-divider\" data-id=\"f0178e3\" data-element_type=\"widget\" data-widget_type=\"divider.default\">\n\t\t\t\t<div class=\"elementor-widget-container\">\n\t\t\t\t\t\t\t<div class=\"elementor-divider\">\n\t\t\t<span class=\"elementor-divider-separator\">\n\t\t\t\t\t\t<\/span>\n\t\t<\/div>\n\t\t\t\t\t\t<\/div>\n\t\t\t\t<\/div>\n\t\t\t\t<div class=\"elementor-element elementor-element-ee9293f elementor-widget elementor-widget-text-editor\" data-id=\"ee9293f\" data-element_type=\"widget\" data-widget_type=\"text-editor.default\">\n\t\t\t\t<div class=\"elementor-widget-container\">\n\t\t\t\t\t\t\t\t\t<div class=\"fusion-text fusion-text-15\"><div class=\"fusion-text fusion-text-17\"><p>El almacenamiento t\u00e9rmico estacional tiene como objetivo almacenar el calor durante un largo per\u00edodo (hasta 6 meses) con la m\u00ednima p\u00e9rdida de energ\u00eda posible. Este almacenamiento t\u00e9rmico estacional permitir\u00e1 finalmente valorizar la gran cantidad de calor residual producido por los centros de datos, poni\u00e9ndolo a disposici\u00f3n cuando m\u00e1s se necesite, como en los meses de invierno, reduciendo as\u00ed las emisiones, los costes de calefacci\u00f3n y el uso de fuentes de combustibles f\u00f3siles. El calor residual podr\u00eda utilizarse para satisfacer las necesidades de calefacci\u00f3n de aproximadamente el 2,5 % del parque inmobiliario europeo.  <\/p><\/div><\/div>\t\t\t\t\t\t\t\t<\/div>\n\t\t\t\t<\/div>\n\t\t\t\t<div class=\"elementor-element elementor-element-0d5e502 elementor-align-justify elementor-widget elementor-widget-button\" data-id=\"0d5e502\" data-element_type=\"widget\" data-widget_type=\"button.default\">\n\t\t\t\t<div class=\"elementor-widget-container\">\n\t\t\t\t\t\t\t\t\t<div class=\"elementor-button-wrapper\">\n\t\t\t\t\t<a class=\"elementor-button elementor-button-link elementor-size-sm\" href=\"https:\/\/steeltechitalia.com\/es\/contactanos\/\">\n\t\t\t\t\t\t<span class=\"elementor-button-content-wrapper\">\n\t\t\t\t\t\t\t\t\t<span class=\"elementor-button-text\">CONT\u00c1CTANOS AHORA<\/span>\n\t\t\t\t\t<\/span>\n\t\t\t\t\t<\/a>\n\t\t\t\t<\/div>\n\t\t\t\t\t\t\t\t<\/div>\n\t\t\t\t<\/div>\n\t\t\t\t<\/div>\n\t\t<div class=\"elementor-element elementor-element-220d13b e-con-full e-flex e-con e-child\" data-id=\"220d13b\" data-element_type=\"container\">\n\t\t\t\t<div class=\"elementor-element elementor-element-a05a078 elementor-widget elementor-widget-image\" data-id=\"a05a078\" data-element_type=\"widget\" data-widget_type=\"image.default\">\n\t\t\t\t<div class=\"elementor-widget-container\">\n\t\t\t\t\t\t\t\t\t\t\t\t\t\t\t<img decoding=\"async\" width=\"800\" height=\"534\" src=\"https:\/\/steeltechitalia.com\/wp-content\/uploads\/2025\/07\/st-3412-1024x683.jpg\" class=\"attachment-large size-large wp-image-2426\" alt=\"St\" srcset=\"https:\/\/steeltechitalia.com\/wp-content\/uploads\/2025\/07\/st-3412-1024x683.jpg 1024w, https:\/\/steeltechitalia.com\/wp-content\/uploads\/2025\/07\/st-3412-300x200.jpg 300w, https:\/\/steeltechitalia.com\/wp-content\/uploads\/2025\/07\/st-3412-768x512.jpg 768w, https:\/\/steeltechitalia.com\/wp-content\/uploads\/2025\/07\/st-3412-1536x1024.jpg 1536w, https:\/\/steeltechitalia.com\/wp-content\/uploads\/2025\/07\/st-3412.jpg 1920w\" sizes=\"(max-width: 800px) 100vw, 800px\" \/>\t\t\t\t\t\t\t\t\t\t\t\t\t\t\t<\/div>\n\t\t\t\t<\/div>\n\t\t\t\t<\/div>\n\t\t\t\t\t<\/div>\n\t\t\t\t<\/div>\n\t\t\t\t<\/div>\n\t\t","protected":false},"excerpt":{"rendered":"<p>INVESTIGACI\u00d3N Y DESARROLLO THUNDER Es el proyecto europeo de I+D en el que estamos trabajando junto con otros importantes socios italianos y extranjeros, cuyo objetivo es recuperar el calor residual de grandes centros de datos. NUESTRO COMPROMISO Recuperaci\u00f3n y almacenamiento del calor residual de los centros de datos Thunder es un proyecto cofinanciado por la [&hellip;]<\/p>\n","protected":false},"author":1,"featured_media":0,"parent":0,"menu_order":0,"comment_status":"closed","ping_status":"closed","template":"","meta":{"_acf_changed":false,"slim_seo":{"title":"THUNDER - SteelTech srl","description":"INVESTIGACI\u00d3N Y DESARROLLO THUNDER Es el proyecto europeo de I+D en el que estamos trabajando junto con otros importantes socios italianos y extranjeros, cuyo o"},"footnotes":""},"class_list":["post-2819","page","type-page","status-publish","hentry"],"acf":[],"_links":{"self":[{"href":"https:\/\/steeltechitalia.com\/es\/wp-json\/wp\/v2\/pages\/2819","targetHints":{"allow":["GET"]}}],"collection":[{"href":"https:\/\/steeltechitalia.com\/es\/wp-json\/wp\/v2\/pages"}],"about":[{"href":"https:\/\/steeltechitalia.com\/es\/wp-json\/wp\/v2\/types\/page"}],"author":[{"embeddable":true,"href":"https:\/\/steeltechitalia.com\/es\/wp-json\/wp\/v2\/users\/1"}],"replies":[{"embeddable":true,"href":"https:\/\/steeltechitalia.com\/es\/wp-json\/wp\/v2\/comments?post=2819"}],"version-history":[{"count":1,"href":"https:\/\/steeltechitalia.com\/es\/wp-json\/wp\/v2\/pages\/2819\/revisions"}],"predecessor-version":[{"id":2820,"href":"https:\/\/steeltechitalia.com\/es\/wp-json\/wp\/v2\/pages\/2819\/revisions\/2820"}],"wp:attachment":[{"href":"https:\/\/steeltechitalia.com\/es\/wp-json\/wp\/v2\/media?parent=2819"}],"curies":[{"name":"wp","href":"https:\/\/api.w.org\/{rel}","templated":true}]}}