{"id":2831,"date":"2025-07-08T15:36:46","date_gmt":"2025-07-08T15:36:46","guid":{"rendered":"https:\/\/steeltechitalia.com\/rehouse\/"},"modified":"2025-08-26T15:43:46","modified_gmt":"2025-08-26T15:43:46","slug":"rehouse","status":"publish","type":"page","link":"https:\/\/steeltechitalia.com\/es\/rehouse\/","title":{"rendered":"Rehouse"},"content":{"rendered":"\t\t<div data-elementor-type=\"wp-page\" data-elementor-id=\"2831\" class=\"elementor elementor-2831 elementor-861\" data-elementor-post-type=\"page\">\n\t\t\t\t<div class=\"elementor-element elementor-element-abfb743 e-flex e-con-boxed e-con e-parent\" data-id=\"abfb743\" data-element_type=\"container\" data-settings=\"{&quot;background_background&quot;:&quot;classic&quot;,&quot;background_motion_fx_motion_fx_scrolling&quot;:&quot;yes&quot;,&quot;background_motion_fx_translateY_effect&quot;:&quot;yes&quot;,&quot;background_motion_fx_translateY_speed&quot;:{&quot;unit&quot;:&quot;px&quot;,&quot;size&quot;:6.9,&quot;sizes&quot;:[]},&quot;background_motion_fx_translateY_affectedRange&quot;:{&quot;unit&quot;:&quot;%&quot;,&quot;size&quot;:&quot;&quot;,&quot;sizes&quot;:{&quot;start&quot;:0,&quot;end&quot;:100}},&quot;background_motion_fx_devices&quot;:[&quot;desktop&quot;,&quot;tablet&quot;,&quot;mobile&quot;]}\">\n\t\t\t\t\t<div class=\"e-con-inner\">\n\t\t\t\t<div class=\"elementor-element elementor-element-fae16db elementor-widget elementor-widget-heading\" data-id=\"fae16db\" data-element_type=\"widget\" data-widget_type=\"heading.default\">\n\t\t\t\t<div class=\"elementor-widget-container\">\n\t\t\t\t\t<p class=\"elementor-heading-title elementor-size-default\">INVESTIGACI\u00d3N Y DESARROLLO<\/p>\t\t\t\t<\/div>\n\t\t\t\t<\/div>\n\t\t\t\t<div class=\"elementor-element elementor-element-d1e73d0 elementor-widget__width-initial elementor-widget elementor-widget-heading\" data-id=\"d1e73d0\" data-element_type=\"widget\" data-widget_type=\"heading.default\">\n\t\t\t\t<div class=\"elementor-widget-container\">\n\t\t\t\t\t<h1 class=\"elementor-heading-title elementor-size-default\">REHOUSE<\/h1>\t\t\t\t<\/div>\n\t\t\t\t<\/div>\n\t\t\t\t<div class=\"elementor-element elementor-element-e0ce439 elementor-widget__width-initial elementor-widget elementor-widget-heading\" data-id=\"e0ce439\" data-element_type=\"widget\" data-widget_type=\"heading.default\">\n\t\t\t\t<div class=\"elementor-widget-container\">\n\t\t\t\t\t<p class=\"elementor-heading-title elementor-size-default\">El proyecto europeo de I+D en el que estamos trabajando junto con otros importantes socios italianos y extranjeros para la rehabilitaci\u00f3n energ\u00e9tica en el \u00e1mbito de la construcci\u00f3n.<\/p>\t\t\t\t<\/div>\n\t\t\t\t<\/div>\n\t\t\t\t\t<\/div>\n\t\t\t\t<\/div>\n\t\t<div class=\"elementor-element elementor-element-16da30f e-flex e-con-boxed e-con e-parent\" data-id=\"16da30f\" data-element_type=\"container\" data-settings=\"{&quot;background_background&quot;:&quot;classic&quot;}\">\n\t\t\t\t\t<div class=\"e-con-inner\">\n\t\t<div class=\"elementor-element elementor-element-e80d9f2 e-con-full e-flex e-con e-child\" data-id=\"e80d9f2\" data-element_type=\"container\">\n\t\t\t\t<div class=\"elementor-element elementor-element-df24ee4 elementor-widget elementor-widget-image\" data-id=\"df24ee4\" data-element_type=\"widget\" data-widget_type=\"image.default\">\n\t\t\t\t<div class=\"elementor-widget-container\">\n\t\t\t\t\t\t\t\t\t\t\t\t\t\t\t<img fetchpriority=\"high\" decoding=\"async\" width=\"400\" height=\"200\" src=\"https:\/\/steeltechitalia.com\/wp-content\/uploads\/2025\/07\/REDHOUSE-800X400-400x200-1.png\" class=\"attachment-large size-large wp-image-2234\" alt=\"REDHOUSE 800X400 400x200\" srcset=\"https:\/\/steeltechitalia.com\/wp-content\/uploads\/2025\/07\/REDHOUSE-800X400-400x200-1.png 400w, https:\/\/steeltechitalia.com\/wp-content\/uploads\/2025\/07\/REDHOUSE-800X400-400x200-1-300x150.png 300w\" sizes=\"(max-width: 400px) 100vw, 400px\" \/>\t\t\t\t\t\t\t\t\t\t\t\t\t\t\t<\/div>\n\t\t\t\t<\/div>\n\t\t\t\t<\/div>\n\t\t<div class=\"elementor-element elementor-element-cb0a49f e-con-full e-flex e-con e-child\" data-id=\"cb0a49f\" data-element_type=\"container\">\n\t\t\t\t<div class=\"elementor-element elementor-element-79815ed elementor-widget elementor-widget-heading\" data-id=\"79815ed\" data-element_type=\"widget\" data-widget_type=\"heading.default\">\n\t\t\t\t<div class=\"elementor-widget-container\">\n\t\t\t\t\t<p class=\"elementor-heading-title elementor-size-default\">NUESTRO COMPROMISO<\/p>\t\t\t\t<\/div>\n\t\t\t\t<\/div>\n\t\t\t\t<div class=\"elementor-element elementor-element-40bf2be elementor-widget__width-initial elementor-widget elementor-widget-heading\" data-id=\"40bf2be\" data-element_type=\"widget\" data-widget_type=\"heading.default\">\n\t\t\t\t<div class=\"elementor-widget-container\">\n\t\t\t\t\t<h2 class=\"elementor-heading-title elementor-size-default\">Un innovador sistema de almacenamiento t\u00e9rmico sostenible y econ\u00f3mico.<\/h2>\t\t\t\t<\/div>\n\t\t\t\t<\/div>\n\t\t\t\t<div class=\"elementor-element elementor-element-3607f61 elementor-widget-divider--view-line elementor-widget elementor-widget-divider\" data-id=\"3607f61\" data-element_type=\"widget\" data-widget_type=\"divider.default\">\n\t\t\t\t<div class=\"elementor-widget-container\">\n\t\t\t\t\t\t\t<div class=\"elementor-divider\">\n\t\t\t<span class=\"elementor-divider-separator\">\n\t\t\t\t\t\t<\/span>\n\t\t<\/div>\n\t\t\t\t\t\t<\/div>\n\t\t\t\t<\/div>\n\t\t\t\t<div class=\"elementor-element elementor-element-26f448a elementor-widget__width-initial elementor-widget elementor-widget-text-editor\" data-id=\"26f448a\" data-element_type=\"widget\" data-widget_type=\"text-editor.default\">\n\t\t\t\t<div class=\"elementor-widget-container\">\n\t\t\t\t\t\t\t\t\t<p>Rehouse es un proyecto cofinanciado por la Comisi\u00f3n Europea dentro del Programa de Investigaci\u00f3n e Innovaci\u00f3n Horizon Europe. Su objetivo es mejorar la eficiencia de las actividades de renovaci\u00f3n de edificios y de rehabilitaci\u00f3n energ\u00e9tica mediante el desarrollo de soluciones innovadoras que, implementadas a gran escala, pueden contribuir a acelerar la tasa actual de renovaciones. En particular, el proyecto Rehouse prev\u00e9 la rehabilitaci\u00f3n de 4 edificios residenciales en Grecia, Hungr\u00eda, Francia e Italia. Steel Tech est\u00e1 desarrollando su sistema para el sitio de demostraci\u00f3n italiano, que contempla la rehabilitaci\u00f3n energ\u00e9tica de un edificio de vivienda social de 4 plantas y 8 apartamentos, con una superficie total de 880 m\u00b2, situado en Margherita di Savoia. <\/p>\t\t\t\t\t\t\t\t<\/div>\n\t\t\t\t<\/div>\n\t\t\t\t<div class=\"elementor-element elementor-element-657ec3c elementor-align-center elementor-widget elementor-widget-button\" data-id=\"657ec3c\" data-element_type=\"widget\" data-widget_type=\"button.default\">\n\t\t\t\t<div class=\"elementor-widget-container\">\n\t\t\t\t\t\t\t\t\t<div class=\"elementor-button-wrapper\">\n\t\t\t\t\t<a class=\"elementor-button elementor-button-link elementor-size-sm\" href=\"https:\/\/rehouse-project.eu\/\" target=\"_blank\">\n\t\t\t\t\t\t<span class=\"elementor-button-content-wrapper\">\n\t\t\t\t\t\t\t\t\t<span class=\"elementor-button-text\">Visita el sitio web del proyecto<\/span>\n\t\t\t\t\t<\/span>\n\t\t\t\t\t<\/a>\n\t\t\t\t<\/div>\n\t\t\t\t\t\t\t\t<\/div>\n\t\t\t\t<\/div>\n\t\t<div class=\"elementor-element elementor-element-fea97dd e-con-full e-flex e-con e-child\" data-id=\"fea97dd\" data-element_type=\"container\">\n\t\t<div class=\"elementor-element elementor-element-4991c3b e-con-full e-flex e-con e-child\" data-id=\"4991c3b\" data-element_type=\"container\">\n\t\t\t\t<div class=\"elementor-element elementor-element-7704c68 elementor-widget elementor-widget-image\" data-id=\"7704c68\" data-element_type=\"widget\" data-widget_type=\"image.default\">\n\t\t\t\t<div class=\"elementor-widget-container\">\n\t\t\t\t\t\t\t\t\t\t\t\t\t\t\t<img decoding=\"async\" width=\"400\" height=\"109\" src=\"https:\/\/steeltechitalia.com\/wp-content\/uploads\/2025\/07\/Co-Funded-By-the-EU-400x109-1.png\" class=\"attachment-large size-large wp-image-2411\" alt=\"Co Funded By the EU 400x109\" srcset=\"https:\/\/steeltechitalia.com\/wp-content\/uploads\/2025\/07\/Co-Funded-By-the-EU-400x109-1.png 400w, https:\/\/steeltechitalia.com\/wp-content\/uploads\/2025\/07\/Co-Funded-By-the-EU-400x109-1-300x82.png 300w\" sizes=\"(max-width: 400px) 100vw, 400px\" \/>\t\t\t\t\t\t\t\t\t\t\t\t\t\t\t<\/div>\n\t\t\t\t<\/div>\n\t\t\t\t<\/div>\n\t\t\t\t<\/div>\n\t\t\t\t<\/div>\n\t\t\t\t\t<\/div>\n\t\t\t\t<\/div>\n\t\t<div class=\"elementor-element elementor-element-2f7d6c7 e-con-full e-flex e-con e-parent\" data-id=\"2f7d6c7\" data-element_type=\"container\">\n\t\t<div class=\"elementor-element elementor-element-16d5ad2 e-con-full e-flex e-con e-child\" data-id=\"16d5ad2\" data-element_type=\"container\" data-settings=\"{&quot;background_background&quot;:&quot;classic&quot;}\">\n\t\t<div class=\"elementor-element elementor-element-ea0ce9a e-con-full e-flex e-con e-child\" data-id=\"ea0ce9a\" data-element_type=\"container\">\n\t\t\t\t<div class=\"elementor-element elementor-element-55e5455 elementor-widget elementor-widget-heading\" data-id=\"55e5455\" data-element_type=\"widget\" data-widget_type=\"heading.default\">\n\t\t\t\t<div class=\"elementor-widget-container\">\n\t\t\t\t\t<h3 class=\"elementor-heading-title elementor-size-default\">INMOBILIARIO EN EUROPA<\/h3>\t\t\t\t<\/div>\n\t\t\t\t<\/div>\n\t\t\t\t<div class=\"elementor-element elementor-element-2769553 elementor-widget-divider--view-line elementor-widget elementor-widget-divider\" data-id=\"2769553\" data-element_type=\"widget\" data-widget_type=\"divider.default\">\n\t\t\t\t<div class=\"elementor-widget-container\">\n\t\t\t\t\t\t\t<div class=\"elementor-divider\">\n\t\t\t<span class=\"elementor-divider-separator\">\n\t\t\t\t\t\t<\/span>\n\t\t<\/div>\n\t\t\t\t\t\t<\/div>\n\t\t\t\t<\/div>\n\t\t\t\t<div class=\"elementor-element elementor-element-f007d10 elementor-widget elementor-widget-text-editor\" data-id=\"f007d10\" data-element_type=\"widget\" data-widget_type=\"text-editor.default\">\n\t\t\t\t<div class=\"elementor-widget-container\">\n\t\t\t\t\t\t\t\t\t<p>La mayor parte del parque inmobiliario europeo es antiguo e ineficiente, y rehabilitarlo en un corto plazo constituye una medida fundamental para el proceso de descarbonizaci\u00f3n y para la lucha contra la pobreza energ\u00e9tica.<\/p>\t\t\t\t\t\t\t\t<\/div>\n\t\t\t\t<\/div>\n\t\t\t\t<\/div>\n\t\t\t\t<\/div>\n\t\t<div class=\"elementor-element elementor-element-f295e44 e-con-full e-flex e-con e-child\" data-id=\"f295e44\" data-element_type=\"container\" data-settings=\"{&quot;background_background&quot;:&quot;classic&quot;}\">\n\t\t\t\t<\/div>\n\t\t\t\t<\/div>\n\t\t<div class=\"elementor-element elementor-element-fe2bc7c e-flex e-con-boxed e-con e-parent\" data-id=\"fe2bc7c\" data-element_type=\"container\" data-settings=\"{&quot;background_background&quot;:&quot;classic&quot;}\">\n\t\t\t\t\t<div class=\"e-con-inner\">\n\t\t<div class=\"elementor-element elementor-element-73dedb6 e-con-full e-flex e-con e-child\" data-id=\"73dedb6\" data-element_type=\"container\">\n\t\t\t\t<div class=\"elementor-element elementor-element-7e1ffde elementor-widget elementor-widget-heading\" data-id=\"7e1ffde\" data-element_type=\"widget\" data-widget_type=\"heading.default\">\n\t\t\t\t<div class=\"elementor-widget-container\">\n\t\t\t\t\t<h3 class=\"elementor-heading-title elementor-size-default\">NUESTRO SISTEMA<\/h3>\t\t\t\t<\/div>\n\t\t\t\t<\/div>\n\t\t\t\t<div class=\"elementor-element elementor-element-f65db5f elementor-widget-divider--view-line elementor-widget elementor-widget-divider\" data-id=\"f65db5f\" data-element_type=\"widget\" data-widget_type=\"divider.default\">\n\t\t\t\t<div class=\"elementor-widget-container\">\n\t\t\t\t\t\t\t<div class=\"elementor-divider\">\n\t\t\t<span class=\"elementor-divider-separator\">\n\t\t\t\t\t\t<\/span>\n\t\t<\/div>\n\t\t\t\t\t\t<\/div>\n\t\t\t\t<\/div>\n\t\t\t\t<div class=\"elementor-element elementor-element-4c3c8b8 elementor-widget elementor-widget-text-editor\" data-id=\"4c3c8b8\" data-element_type=\"widget\" data-widget_type=\"text-editor.default\">\n\t\t\t\t<div class=\"elementor-widget-container\">\n\t\t\t\t\t\t\t\t\t<div class=\"fusion-text fusion-text-15\"><div class=\"fusion-text fusion-text-17\"><p>El STEH, Smart Thermal Energy Hub, es un sistema innovador de gesti\u00f3n y almacenamiento de la energ\u00eda producida a partir de fuentes renovables y sistemas de cogeneraci\u00f3n. Basado en una revolucionaria bater\u00eda t\u00e9rmica por estratificaci\u00f3n que utiliza materiales de cambio de fase de origen org\u00e1nico, representa una soluci\u00f3n de almacenamiento energ\u00e9tico econ\u00f3mica, segura y no perjudicial para la salud ni para el medio ambiente. <\/p><\/div><\/div>\t\t\t\t\t\t\t\t<\/div>\n\t\t\t\t<\/div>\n\t\t\t\t<div class=\"elementor-element elementor-element-214cb73 elementor-widget elementor-widget-heading\" data-id=\"214cb73\" data-element_type=\"widget\" data-widget_type=\"heading.default\">\n\t\t\t\t<div class=\"elementor-widget-container\">\n\t\t\t\t\t<h3 class=\"elementor-heading-title elementor-size-default\">VENTAJAS<\/h3>\t\t\t\t<\/div>\n\t\t\t\t<\/div>\n\t\t\t\t<div class=\"elementor-element elementor-element-302cccb elementor-widget-divider--view-line elementor-widget elementor-widget-divider\" data-id=\"302cccb\" data-element_type=\"widget\" data-widget_type=\"divider.default\">\n\t\t\t\t<div class=\"elementor-widget-container\">\n\t\t\t\t\t\t\t<div class=\"elementor-divider\">\n\t\t\t<span class=\"elementor-divider-separator\">\n\t\t\t\t\t\t<\/span>\n\t\t<\/div>\n\t\t\t\t\t\t<\/div>\n\t\t\t\t<\/div>\n\t\t\t\t<div class=\"elementor-element elementor-element-3786744 elementor-widget elementor-widget-text-editor\" data-id=\"3786744\" data-element_type=\"widget\" data-widget_type=\"text-editor.default\">\n\t\t\t\t<div class=\"elementor-widget-container\">\n\t\t\t\t\t\t\t\t\t<div class=\"fusion-text fusion-text-15\"><div class=\"fusion-text fusion-text-17\"><p>El sistema de almacenamiento, que utiliza materiales naturales y reciclados para la recuperaci\u00f3n t\u00e9rmica, es sostenible en t\u00e9rminos ambientales y econ\u00f3micos, ya que no emplea sustancias contaminantes ni costosas. Es interconectable con diferentes fuentes renovables \u2014el\u00e9ctricas, t\u00e9rmicas y sistemas de cogeneraci\u00f3n\u2014 y se puede integrar con bombas de calor, ofreciendo recuperaci\u00f3n energ\u00e9tica y eficiencia en un volumen reducido. El STEH es un sistema inteligente, gestionado por un algoritmo que optimiza su funcionamiento y su conexi\u00f3n con los sistemas de producci\u00f3n y gesti\u00f3n de la energ\u00eda, la dom\u00f3tica y la Industria 4.0. El sistema de almacenamiento tambi\u00e9n puede implementarse en procesos productivos, especialmente aquellos que generan mucho calor o vapor, permitiendo la recuperaci\u00f3n t\u00e9rmica. Gracias a sus caracter\u00edsticas, el STEH representa un verdadero hub para las comunidades energ\u00e9ticas.  <\/p><\/div><\/div>\t\t\t\t\t\t\t\t<\/div>\n\t\t\t\t<\/div>\n\t\t\t\t<div class=\"elementor-element elementor-element-c9097f9 elementor-align-justify elementor-widget elementor-widget-button\" data-id=\"c9097f9\" data-element_type=\"widget\" data-widget_type=\"button.default\">\n\t\t\t\t<div class=\"elementor-widget-container\">\n\t\t\t\t\t\t\t\t\t<div class=\"elementor-button-wrapper\">\n\t\t\t\t\t<a class=\"elementor-button elementor-button-link elementor-size-sm\" href=\"https:\/\/steeltechitalia.com\/es\/contactanos\/\">\n\t\t\t\t\t\t<span class=\"elementor-button-content-wrapper\">\n\t\t\t\t\t\t\t\t\t<span class=\"elementor-button-text\">CONT\u00c1CTANOS AHORA<\/span>\n\t\t\t\t\t<\/span>\n\t\t\t\t\t<\/a>\n\t\t\t\t<\/div>\n\t\t\t\t\t\t\t\t<\/div>\n\t\t\t\t<\/div>\n\t\t\t\t<\/div>\n\t\t<div class=\"elementor-element elementor-element-1c5af1c e-con-full e-flex e-con e-child\" data-id=\"1c5af1c\" data-element_type=\"container\">\n\t\t\t\t<div class=\"elementor-element elementor-element-9a2e869 elementor-widget elementor-widget-image\" data-id=\"9a2e869\" data-element_type=\"widget\" data-widget_type=\"image.default\">\n\t\t\t\t<div class=\"elementor-widget-container\">\n\t\t\t\t\t\t\t\t\t\t\t\t\t\t\t<img decoding=\"async\" width=\"800\" height=\"534\" src=\"https:\/\/steeltechitalia.com\/wp-content\/uploads\/2025\/07\/st-9223-1024x683.jpg\" class=\"attachment-large size-large wp-image-2417\" alt=\"St\" srcset=\"https:\/\/steeltechitalia.com\/wp-content\/uploads\/2025\/07\/st-9223-1024x683.jpg 1024w, https:\/\/steeltechitalia.com\/wp-content\/uploads\/2025\/07\/st-9223-300x200.jpg 300w, https:\/\/steeltechitalia.com\/wp-content\/uploads\/2025\/07\/st-9223-768x512.jpg 768w, https:\/\/steeltechitalia.com\/wp-content\/uploads\/2025\/07\/st-9223-1536x1024.jpg 1536w, https:\/\/steeltechitalia.com\/wp-content\/uploads\/2025\/07\/st-9223.jpg 1920w\" sizes=\"(max-width: 800px) 100vw, 800px\" \/>\t\t\t\t\t\t\t\t\t\t\t\t\t\t\t<\/div>\n\t\t\t\t<\/div>\n\t\t\t\t<\/div>\n\t\t\t\t\t<\/div>\n\t\t\t\t<\/div>\n\t\t\t\t<\/div>\n\t\t","protected":false},"excerpt":{"rendered":"<p>INVESTIGACI\u00d3N Y DESARROLLO REHOUSE El proyecto europeo de I+D en el que estamos trabajando junto con otros importantes socios italianos y extranjeros para la rehabilitaci\u00f3n energ\u00e9tica en el \u00e1mbito de la construcci\u00f3n. NUESTRO COMPROMISO Un innovador sistema de almacenamiento t\u00e9rmico sostenible y econ\u00f3mico. Rehouse es un proyecto cofinanciado por la Comisi\u00f3n Europea dentro del Programa [&hellip;]<\/p>\n","protected":false},"author":1,"featured_media":0,"parent":0,"menu_order":0,"comment_status":"closed","ping_status":"closed","template":"","meta":{"_acf_changed":false,"slim_seo":{"title":"Rehouse - SteelTech srl","description":"INVESTIGACI\u00d3N Y DESARROLLO REHOUSE El proyecto europeo de I+D en el que estamos trabajando junto con otros importantes socios italianos y extranjeros para la re"},"footnotes":""},"class_list":["post-2831","page","type-page","status-publish","hentry"],"acf":[],"_links":{"self":[{"href":"https:\/\/steeltechitalia.com\/es\/wp-json\/wp\/v2\/pages\/2831","targetHints":{"allow":["GET"]}}],"collection":[{"href":"https:\/\/steeltechitalia.com\/es\/wp-json\/wp\/v2\/pages"}],"about":[{"href":"https:\/\/steeltechitalia.com\/es\/wp-json\/wp\/v2\/types\/page"}],"author":[{"embeddable":true,"href":"https:\/\/steeltechitalia.com\/es\/wp-json\/wp\/v2\/users\/1"}],"replies":[{"embeddable":true,"href":"https:\/\/steeltechitalia.com\/es\/wp-json\/wp\/v2\/comments?post=2831"}],"version-history":[{"count":1,"href":"https:\/\/steeltechitalia.com\/es\/wp-json\/wp\/v2\/pages\/2831\/revisions"}],"predecessor-version":[{"id":2832,"href":"https:\/\/steeltechitalia.com\/es\/wp-json\/wp\/v2\/pages\/2831\/revisions\/2832"}],"wp:attachment":[{"href":"https:\/\/steeltechitalia.com\/es\/wp-json\/wp\/v2\/media?parent=2831"}],"curies":[{"name":"wp","href":"https:\/\/api.w.org\/{rel}","templated":true}]}}