{"id":3110,"date":"2025-08-01T08:47:37","date_gmt":"2025-08-01T08:47:37","guid":{"rendered":"https:\/\/steeltechitalia.com\/construccion-de-silos-y-tanques-segun-las-ntc-2018-y-las-normativas-europeas\/"},"modified":"2025-08-26T15:43:05","modified_gmt":"2025-08-26T15:43:05","slug":"construccion-de-silos-y-tanques-segun-las-ntc-2018-y-las-normativas-europeas","status":"publish","type":"page","link":"https:\/\/steeltechitalia.com\/es\/construccion-de-silos-y-tanques-segun-las-ntc-2018-y-las-normativas-europeas\/","title":{"rendered":"Construcci\u00f3n de silos y tanques seg\u00fan las NTC 2018 y las normativas europeas"},"content":{"rendered":"\t\t<div data-elementor-type=\"wp-page\" data-elementor-id=\"3110\" class=\"elementor elementor-3110 elementor-1623\" data-elementor-post-type=\"page\">\n\t\t\t\t<div class=\"elementor-element elementor-element-44d7a80 e-flex e-con-boxed e-con e-parent\" data-id=\"44d7a80\" data-element_type=\"container\" data-settings=\"{&quot;background_background&quot;:&quot;classic&quot;,&quot;background_motion_fx_motion_fx_scrolling&quot;:&quot;yes&quot;,&quot;background_motion_fx_translateY_effect&quot;:&quot;yes&quot;,&quot;background_motion_fx_translateY_speed&quot;:{&quot;unit&quot;:&quot;px&quot;,&quot;size&quot;:6.9,&quot;sizes&quot;:[]},&quot;background_motion_fx_translateY_affectedRange&quot;:{&quot;unit&quot;:&quot;%&quot;,&quot;size&quot;:&quot;&quot;,&quot;sizes&quot;:{&quot;start&quot;:0,&quot;end&quot;:100}},&quot;background_motion_fx_devices&quot;:[&quot;desktop&quot;,&quot;tablet&quot;,&quot;mobile&quot;]}\">\n\t\t\t\t\t<div class=\"e-con-inner\">\n\t\t\t\t<div class=\"elementor-element elementor-element-eac157c elementor-widget elementor-widget-heading\" data-id=\"eac157c\" data-element_type=\"widget\" data-widget_type=\"heading.default\">\n\t\t\t\t<div class=\"elementor-widget-container\">\n\t\t\t\t\t<p class=\"elementor-heading-title elementor-size-default\">Seguridad ambiental y cumplimiento normativo<\/p>\t\t\t\t<\/div>\n\t\t\t\t<\/div>\n\t\t\t\t<div class=\"elementor-element elementor-element-0810114 elementor-widget__width-initial elementor-widget elementor-widget-heading\" data-id=\"0810114\" data-element_type=\"widget\" data-widget_type=\"heading.default\">\n\t\t\t\t<div class=\"elementor-widget-container\">\n\t\t\t\t\t<h1 class=\"elementor-heading-title elementor-size-default\">Normativas europeas<\/h1>\t\t\t\t<\/div>\n\t\t\t\t<\/div>\n\t\t\t\t\t<\/div>\n\t\t\t\t<\/div>\n\t\t<div class=\"elementor-element elementor-element-398e6a4 e-flex e-con-boxed e-con e-parent\" data-id=\"398e6a4\" data-element_type=\"container\" data-settings=\"{&quot;background_background&quot;:&quot;classic&quot;}\">\n\t\t\t\t\t<div class=\"e-con-inner\">\n\t\t<div class=\"elementor-element elementor-element-035f440 e-con-full e-flex e-con e-child\" data-id=\"035f440\" data-element_type=\"container\" data-settings=\"{&quot;sticky&quot;:&quot;top&quot;,&quot;sticky_on&quot;:[&quot;desktop&quot;],&quot;sticky_parent&quot;:&quot;yes&quot;,&quot;sticky_offset&quot;:0,&quot;sticky_effects_offset&quot;:0,&quot;sticky_anchor_link_offset&quot;:0}\">\n\t\t<div class=\"elementor-element elementor-element-819a8f6 e-con-full e-flex e-con e-child\" data-id=\"819a8f6\" data-element_type=\"container\" data-settings=\"{&quot;background_background&quot;:&quot;classic&quot;}\">\n\t\t\t\t<div class=\"elementor-element elementor-element-c55422e elementor-widget elementor-widget-heading\" data-id=\"c55422e\" data-element_type=\"widget\" data-widget_type=\"heading.default\">\n\t\t\t\t<div class=\"elementor-widget-container\">\n\t\t\t\t\t<h4 class=\"elementor-heading-title elementor-size-default\">Nuestro equipo est\u00e1 aqu\u00ed para ti<\/h4>\t\t\t\t<\/div>\n\t\t\t\t<\/div>\n\t\t\t\t<div class=\"elementor-element elementor-element-51784c2 elementor-widget elementor-widget-text-editor\" data-id=\"51784c2\" data-element_type=\"widget\" data-widget_type=\"text-editor.default\">\n\t\t\t\t<div class=\"elementor-widget-container\">\n\t\t\t\t\t\t\t\t\t<p>\u00bfQuieres saber m\u00e1s sobre nuestros productos? \u00bfTe interesa descubrir las soluciones que podemos ofrecerte o prefieres recibir de inmediato un presupuesto personalizado? Cont\u00e1ctanos: estaremos encantados de darte toda la informaci\u00f3n que buscas.<\/p>\t\t\t\t\t\t\t\t<\/div>\n\t\t\t\t<\/div>\n\t\t\t\t<div class=\"elementor-element elementor-element-792dccd elementor-align-left elementor-widget elementor-widget-button\" data-id=\"792dccd\" data-element_type=\"widget\" data-widget_type=\"button.default\">\n\t\t\t\t<div class=\"elementor-widget-container\">\n\t\t\t\t\t\t\t\t\t<div class=\"elementor-button-wrapper\">\n\t\t\t\t\t<a class=\"elementor-button elementor-button-link elementor-size-sm\" href=\"https:\/\/steeltechitalia.com\/es\/contactanos\/\">\n\t\t\t\t\t\t<span class=\"elementor-button-content-wrapper\">\n\t\t\t\t\t\t<span class=\"elementor-button-icon\">\n\t\t\t\t<svg aria-hidden=\"true\" class=\"e-font-icon-svg e-fas-angle-right\" viewBox=\"0 0 256 512\" xmlns=\"http:\/\/www.w3.org\/2000\/svg\"><path d=\"M224.3 273l-136 136c-9.4 9.4-24.6 9.4-33.9 0l-22.6-22.6c-9.4-9.4-9.4-24.6 0-33.9l96.4-96.4-96.4-96.4c-9.4-9.4-9.4-24.6 0-33.9L54.3 103c9.4-9.4 24.6-9.4 33.9 0l136 136c9.5 9.4 9.5 24.6.1 34z\"><\/path><\/svg>\t\t\t<\/span>\n\t\t\t\t\t\t\t\t\t<span class=\"elementor-button-text\">Solicita un presupuesto<\/span>\n\t\t\t\t\t<\/span>\n\t\t\t\t\t<\/a>\n\t\t\t\t<\/div>\n\t\t\t\t\t\t\t\t<\/div>\n\t\t\t\t<\/div>\n\t\t\t\t<\/div>\n\t\t<div class=\"elementor-element elementor-element-9597f47 e-con-full e-flex e-con e-child\" data-id=\"9597f47\" data-element_type=\"container\" data-settings=\"{&quot;background_background&quot;:&quot;classic&quot;}\">\n\t\t\t\t<div class=\"elementor-element elementor-element-b255a9f elementor-icon-list--layout-traditional elementor-list-item-link-full_width elementor-widget elementor-widget-icon-list\" data-id=\"b255a9f\" data-element_type=\"widget\" data-widget_type=\"icon-list.default\">\n\t\t\t\t<div class=\"elementor-widget-container\">\n\t\t\t\t\t\t\t<ul class=\"elementor-icon-list-items\">\n\t\t\t\t\t\t\t<li class=\"elementor-icon-list-item\">\n\t\t\t\t\t\t\t\t\t\t\t<span class=\"elementor-icon-list-icon\">\n\t\t\t\t\t\t\t<svg xmlns=\"http:\/\/www.w3.org\/2000\/svg\" xmlns:xlink=\"http:\/\/www.w3.org\/1999\/xlink\" width=\"512\" height=\"512\" x=\"0\" y=\"0\" viewBox=\"0 0 25.625 25.625\" style=\"enable-background:new 0 0 512 512\" xml:space=\"preserve\" class=\"\"><rect width=\"25.625\" height=\"25.625\" rx=\"5.125\" ry=\"5.125\" fill=\"#025ba4\"><\/rect><g transform=\"matrix(0.7,0,0,0.7,3.843821507692338,3.8436547994613655)\"><path d=\"M22.079 17.835c-1.548-1.324-3.119-2.126-4.648-.804l-.913.799c-.668.58-1.91 3.29-6.712-2.234-4.801-5.517-1.944-6.376-1.275-6.951l.918-.8c1.521-1.325.947-2.993-.15-4.71l-.662-1.04C7.535.382 6.335-.743 4.81.58l-.824.72c-.674.491-2.558 2.087-3.015 5.119-.55 3.638 1.185 7.804 5.16 12.375 3.97 4.573 7.857 6.87 11.539 6.83 3.06-.033 4.908-1.675 5.486-2.272l.827-.721c1.521-1.322.576-2.668-.973-3.995l-.931-.801z\" style=\"\" fill=\"#ffffff\" data-original=\"#030104\" class=\"\" opacity=\"1\"><\/path><\/g><\/svg>\t\t\t\t\t\t<\/span>\n\t\t\t\t\t\t\t\t\t\t<span class=\"elementor-icon-list-text\">  +39 080 8721785<\/span>\n\t\t\t\t\t\t\t\t\t<\/li>\n\t\t\t\t\t\t\t\t<li class=\"elementor-icon-list-item\">\n\t\t\t\t\t\t\t\t\t\t\t<a href=\"mailto:%20info@steeltechitalia.com\">\n\n\t\t\t\t\t\t\t\t\t\t\t\t<span class=\"elementor-icon-list-icon\">\n\t\t\t\t\t\t\t<svg xmlns=\"http:\/\/www.w3.org\/2000\/svg\" xmlns:xlink=\"http:\/\/www.w3.org\/1999\/xlink\" width=\"512\" height=\"512\" x=\"0\" y=\"0\" viewBox=\"0 0 32 32\" style=\"enable-background:new 0 0 512 512\" xml:space=\"preserve\" class=\"\"><rect width=\"32\" height=\"32\" rx=\"6.4\" ry=\"6.4\" fill=\"#025ba4\"><\/rect><g transform=\"matrix(0.7,0,0,0.7,4.798022845387459,4.785767304897309)\"><path d=\"M31.348 13.8A15.5 15.5 0 0 0 .627 18.015a15.614 15.614 0 0 0 13.31 13.351 16.058 16.058 0 0 0 2.08.136 15.351 15.351 0 0 0 7.972-2.217 1.5 1.5 0 0 0-1.548-2.57 12.5 12.5 0 1 1-4.789-23.109 12.5 12.5 0 0 1 10.162 16.488 2.166 2.166 0 0 1-2.079 1.406 2.238 2.238 0 0 1-2.235-2.235V10a1.5 1.5 0 0 0-3 0v.014a7.5 7.5 0 1 0 .541 11.523 5.224 5.224 0 0 0 4.694 2.963 5.167 5.167 0 0 0 4.914-3.424 15.535 15.535 0 0 0 .699-7.276zM16 20.5a4.5 4.5 0 1 1 4.5-4.5 4.505 4.505 0 0 1-4.5 4.5z\" fill=\"#ffffff\" opacity=\"1\" data-original=\"#000000\" class=\"\"><\/path><\/g><\/svg>\t\t\t\t\t\t<\/span>\n\t\t\t\t\t\t\t\t\t\t<span class=\"elementor-icon-list-text\"> info@steeltechitalia.com<\/span>\n\t\t\t\t\t\t\t\t\t\t\t<\/a>\n\t\t\t\t\t\t\t\t\t<\/li>\n\t\t\t\t\t\t<\/ul>\n\t\t\t\t\t\t<\/div>\n\t\t\t\t<\/div>\n\t\t\t\t<\/div>\n\t\t\t\t<\/div>\n\t\t<div class=\"elementor-element elementor-element-7037d0c e-con-full e-flex e-con e-child\" data-id=\"7037d0c\" data-element_type=\"container\">\n\t\t\t\t<div class=\"elementor-element elementor-element-5837882 elementor-widget elementor-widget-heading\" data-id=\"5837882\" data-element_type=\"widget\" data-widget_type=\"heading.default\">\n\t\t\t\t<div class=\"elementor-widget-container\">\n\t\t\t\t\t<p class=\"elementor-heading-title elementor-size-default\">Las normas<\/p>\t\t\t\t<\/div>\n\t\t\t\t<\/div>\n\t\t\t\t<div class=\"elementor-element elementor-element-673cd29 elementor-widget__width-initial elementor-widget elementor-widget-heading\" data-id=\"673cd29\" data-element_type=\"widget\" data-widget_type=\"heading.default\">\n\t\t\t\t<div class=\"elementor-widget-container\">\n\t\t\t\t\t<h2 class=\"elementor-heading-title elementor-size-default\">Construcci\u00f3n de silos y tanques seg\u00fan las NTC 2018 y las normativas europeas<\/h2>\t\t\t\t<\/div>\n\t\t\t\t<\/div>\n\t\t\t\t<div class=\"elementor-element elementor-element-a5d4df3 elementor-widget-divider--view-line elementor-widget elementor-widget-divider\" data-id=\"a5d4df3\" data-element_type=\"widget\" data-widget_type=\"divider.default\">\n\t\t\t\t<div class=\"elementor-widget-container\">\n\t\t\t\t\t\t\t<div class=\"elementor-divider\">\n\t\t\t<span class=\"elementor-divider-separator\">\n\t\t\t\t\t\t<\/span>\n\t\t<\/div>\n\t\t\t\t\t\t<\/div>\n\t\t\t\t<\/div>\n\t\t\t\t<div class=\"elementor-element elementor-element-e90a9a1 elementor-widget elementor-widget-heading\" data-id=\"e90a9a1\" data-element_type=\"widget\" data-widget_type=\"heading.default\">\n\t\t\t\t<div class=\"elementor-widget-container\">\n\t\t\t\t\t<h3 class=\"elementor-heading-title elementor-size-default\">Prioridad a la seguridad estructural y al cumplimiento normativo\nPanorama de las normas NTC 2018 y de los Euroc\u00f3digos de referencia<\/h3>\t\t\t\t<\/div>\n\t\t\t\t<\/div>\n\t\t\t\t<div class=\"elementor-element elementor-element-a6514ec elementor-widget__width-initial elementor-widget elementor-widget-text-editor\" data-id=\"a6514ec\" data-element_type=\"widget\" data-widget_type=\"text-editor.default\">\n\t\t\t\t<div class=\"elementor-widget-container\">\n\t\t\t\t\t\t\t\t\t<p>Las <strong>NTC 2018<\/strong> (Normas T\u00e9cnicas para las Construcciones) constituyen la principal referencia normativa en Italia para el <strong>dise\u00f1o, la verificaci\u00f3n y la prueba de estructuras<\/strong>, incluidas las destinadas al <strong>almacenamiento de l\u00edquidos o materiales a granel<\/strong>, como <strong>silos y tanques<\/strong>. Al integrar los principios de los <strong>Euroc\u00f3digos<\/strong>, las NTC garantizan un enfoque cient\u00edfico y riguroso de la <strong>seguridad estructural,<\/strong> la <strong>resistencia s\u00edsmica <\/strong>y la <strong>durabilidad <\/strong>en el tiempo de las construcciones.<\/p><p>Dise\u00f1ar y construir conforme a las NTC 2018 significa asegurar que cada estructura sea capaz de soportar de manera fiable las <strong>acciones est\u00e1ticas y din\u00e1micas previstas<\/strong>, incluidas las <strong>presiones internas, las cargas de viento y nieve, las acciones s\u00edsmicas y los fen\u00f3menos de inestabilidad.<\/strong> Las normas tambi\u00e9n requieren una evaluaci\u00f3n cuidadosa de las <strong>caracter\u00edsticas mec\u00e1nicas de los materiales<\/strong>, de las <strong>t\u00e9cnicas constructivas adoptadas<\/strong> y de la interacci\u00f3n con el terreno.<\/p><p>Las verificaciones estructurales se basan principalmente en los <strong>Euroc\u00f3digos estructurales<\/strong>, entre los cuales:<\/p><ul><li><strong>EN 1991 <\/strong>para la definici\u00f3n de cargas y acciones ambientales<\/li><li><strong>EN 1993<\/strong> para el dise\u00f1o en acero, incluidos los fen\u00f3menos de inestabilidad y fatiga<\/li><li><strong>EN 1998 <\/strong>para el dise\u00f1o s\u00edsmico de estructuras industriales<\/li><\/ul><p>La aplicaci\u00f3n conjunta de las NTC y de los Euroc\u00f3digos garantiza que la obra cumpla con los m\u00e1s altos est\u00e1ndares europeos de <strong>seguridad, fiabilidad y sostenibilidad.<\/strong><br>El proceso de dise\u00f1o incluye <strong>an\u00e1lisis estructurales detallados<\/strong>, <strong>modelizaciones FEM<\/strong>, <strong>controles documentales<\/strong> y, cuando procede, la <strong>validaci\u00f3n por parte de los organismos competentes en control s\u00edsmico y estructural.<\/strong><\/p><p>Los silos y tanques construidos en conformidad con las NTC 2018 representan por lo tanto no solo una inversi\u00f3n segura y duradera, sino tambi\u00e9n un claro indicador de la <strong>calidad de dise\u00f1o<\/strong> y del <strong>cumplimiento de las normativas vigentes<\/strong> en el contexto nacional y europeo.<\/p>\t\t\t\t\t\t\t\t<\/div>\n\t\t\t\t<\/div>\n\t\t\t\t<div class=\"elementor-element elementor-element-09deaf0 elementor-widget elementor-widget-image\" data-id=\"09deaf0\" data-element_type=\"widget\" data-widget_type=\"image.default\">\n\t\t\t\t<div class=\"elementor-widget-container\">\n\t\t\t\t\t\t\t\t\t\t\t\t\t\t\t<img fetchpriority=\"high\" decoding=\"async\" width=\"585\" height=\"820\" src=\"https:\/\/steeltechitalia.com\/wp-content\/uploads\/2025\/08\/EN-14015.png\" class=\"attachment-large size-large wp-image-2681\" alt=\"EN\" srcset=\"https:\/\/steeltechitalia.com\/wp-content\/uploads\/2025\/08\/EN-14015.png 585w, https:\/\/steeltechitalia.com\/wp-content\/uploads\/2025\/08\/EN-14015-214x300.png 214w\" sizes=\"(max-width: 585px) 100vw, 585px\" \/>\t\t\t\t\t\t\t\t\t\t\t\t\t\t\t<\/div>\n\t\t\t\t<\/div>\n\t\t\t\t<div class=\"elementor-element elementor-element-d3b6a09 elementor-widget__width-initial elementor-widget elementor-widget-text-editor\" data-id=\"d3b6a09\" data-element_type=\"widget\" data-widget_type=\"text-editor.default\">\n\t\t\t\t<div class=\"elementor-widget-container\">\n\t\t\t\t\t\t\t\t\t<p><strong>Qu\u00e9 significa el cumplimiento normativo en la construcci\u00f3n de tanques industriales<\/strong><\/p><p><strong>Dise\u00f1o estructural (NTC 2018 + Euroc\u00f3digos)<\/strong><br>La conformidad con las <strong>NTC 2018<\/strong> y los <strong>Euroc\u00f3digos <\/strong>garantiza que los tanques est\u00e9n dimensionados para resistir cargas est\u00e1ticas, din\u00e1micas y s\u00edsmicas, de acuerdo con los m\u00e1s altos est\u00e1ndares de seguridad estructural previstos por la normativa europea e italiana.<\/p><p><strong>Sistema de prevenci\u00f3n de fugas<\/strong><br>Todas las normas mencionadas contemplan medidas espec\u00edficas para <strong>impedir fugas accidentales<\/strong>, mediante el uso de paredes m\u00faltiples, dispositivos de seguridad, controles autom\u00e1ticos y planes de inspecci\u00f3n.<\/p><p><strong>Sistema de monitorizaci\u00f3n y ensayos<\/strong><br>Es obligatorio realizar <strong>verificaciones funcionales y estructurales<\/strong>, incluidas pruebas de estanqueidad, pruebas de presi\u00f3n y ensayos finales, para asegurar la idoneidad del tanque antes de su puesta en servicio.<\/p><p><strong>Inspecciones peri\u00f3dicas y mantenimiento<\/strong><br>La normativa exige que los tanques sean objeto de <strong>inspecciones regulares<\/strong> por t\u00e9cnicos cualificados u organismos notificados, con una frecuencia que var\u00eda seg\u00fan el tipo de servicio y la categor\u00eda de riesgo.<\/p><p><strong>Documentaci\u00f3n t\u00e9cnica y trazabilidad<\/strong><br>Cada tanque debe ir acompa\u00f1ado de una <strong>documentaci\u00f3n completa<\/strong> que acredite los materiales utilizados, los procesos de soldadura, los controles realizados y el plan de mantenimiento, garantizando la trazabilidad y el cumplimiento normativo.<\/p><p><strong>Competencia consolidada \u2013 NTC 2018 + Euroc\u00f3digos<\/strong><\/p><p>En la realizaci\u00f3n de estructuras de soporte y tanques sometidos a acciones s\u00edsmicas y ambientales, Steeltech aplica rigurosamente las <strong>NTC 2018<\/strong> y los <strong>Euroc\u00f3digos <\/strong>correspondientes, asegurando el cumplimiento de la normativa italiana de seguridad estructural.<br>Gracias a un dise\u00f1o integrado y al uso de software FEM avanzado, la empresa garantiza que cada estructura sea<strong> calculada, verificada y probada<\/strong> para resistir condiciones de servicio exigentes, en pleno respeto de la normativa t\u00e9cnica.<br>Steeltech es reconocida por su <strong>fiabilidad en el dise\u00f1o y su capacidad de di\u00e1logo con organismos p\u00fablicos y privados<\/strong> para obras sujetas a denuncia s\u00edsmica y controles est\u00e1ticos.<\/p><p><strong>Por qu\u00e9 elegir Steeltech para sus recipientes certificados<\/strong><\/p><p>En cada proyecto, Steeltech aplica un <strong>profundo conocimiento normativo<\/strong> y una <strong>metodolog\u00eda de trabajo certificada<\/strong>, respaldada por un equipo t\u00e9cnico cualificado, soldadores homologados, ensayos no destructivos y documentaci\u00f3n t\u00e9cnica completa.<\/p><p>Los recipientes fabricados por Steeltech est\u00e1n dise\u00f1ados para garantizar:<\/p><ul><li><strong>Fiabilidad estructural en el tiempo<\/strong><\/li><li><strong>Conformidad con las normativas italianas, europeas e internacionales<\/strong><\/li><li><strong>Adaptabilidad a diferentes sectores industriales <\/strong>(qu\u00edmico, alimentario, farmac\u00e9utico, medioambiental, energ\u00eda, tratamiento de aguas)<\/li><\/ul><p><strong>Gesti\u00f3n completa del proyecto<\/strong>, desde el dise\u00f1o hasta las pruebas finales<\/p>\t\t\t\t\t\t\t\t<\/div>\n\t\t\t\t<\/div>\n\t\t\t\t<\/div>\n\t\t\t\t\t<\/div>\n\t\t\t\t<\/div>\n\t\t<div class=\"elementor-element elementor-element-dfc4f0e e-flex e-con-boxed e-con e-parent\" data-id=\"dfc4f0e\" data-element_type=\"container\" data-settings=\"{&quot;background_background&quot;:&quot;classic&quot;}\">\n\t\t\t\t\t<div class=\"e-con-inner\">\n\t\t\t\t<div class=\"elementor-element elementor-element-35b7884 elementor-widget elementor-widget-heading\" data-id=\"35b7884\" data-element_type=\"widget\" data-widget_type=\"heading.default\">\n\t\t\t\t<div class=\"elementor-widget-container\">\n\t\t\t\t\t<p class=\"elementor-heading-title elementor-size-default\">Soluciones llave en mano<\/p>\t\t\t\t<\/div>\n\t\t\t\t<\/div>\n\t\t\t\t<div class=\"elementor-element elementor-element-147807f elementor-widget__width-initial elementor-widget elementor-widget-heading\" data-id=\"147807f\" data-element_type=\"widget\" data-widget_type=\"heading.default\">\n\t\t\t\t<div class=\"elementor-widget-container\">\n\t\t\t\t\t<h2 class=\"elementor-heading-title elementor-size-default\">Recipientes certificados seg\u00fan las normas internacionales<\/h2>\t\t\t\t<\/div>\n\t\t\t\t<\/div>\n\t\t\t\t<div class=\"elementor-element elementor-element-ce218fd elementor-widget-divider--view-line elementor-widget elementor-widget-divider\" data-id=\"ce218fd\" data-element_type=\"widget\" data-widget_type=\"divider.default\">\n\t\t\t\t<div class=\"elementor-widget-container\">\n\t\t\t\t\t\t\t<div class=\"elementor-divider\">\n\t\t\t<span class=\"elementor-divider-separator\">\n\t\t\t\t\t\t<\/span>\n\t\t<\/div>\n\t\t\t\t\t\t<\/div>\n\t\t\t\t<\/div>\n\t\t\t\t<div class=\"elementor-element elementor-element-5b07810 elementor-widget__width-initial elementor-widget elementor-widget-text-editor\" data-id=\"5b07810\" data-element_type=\"widget\" data-widget_type=\"text-editor.default\">\n\t\t\t\t<div class=\"elementor-widget-container\">\n\t\t\t\t\t\t\t\t\t<p>Dise\u00f1amos recipientes en conformidad con las normas y est\u00e1ndares m\u00e1s recientes utilizados en todo el mundo, como:<\/p>\t\t\t\t\t\t\t\t<\/div>\n\t\t\t\t<\/div>\n\t\t\t\t\t<\/div>\n\t\t\t\t<\/div>\n\t\t<div class=\"elementor-element elementor-element-154ec16 e-flex e-con-boxed e-con e-parent\" data-id=\"154ec16\" data-element_type=\"container\" data-settings=\"{&quot;background_background&quot;:&quot;classic&quot;}\">\n\t\t\t\t\t<div class=\"e-con-inner\">\n\t\t<a class=\"elementor-element elementor-element-7c1ee70 e-con-full e-flex e-con e-child\" data-id=\"7c1ee70\" data-element_type=\"container\" href=\"https:\/\/steeltechitalia.com\/es\/construccion-de-tanques-a-presion-segun-la-norma-uni-en-13455-y-la-directiva-ped\/\">\n\t\t\t\t<div class=\"elementor-element elementor-element-6c90640 elementor-widget elementor-widget-heading\" data-id=\"6c90640\" data-element_type=\"widget\" data-widget_type=\"heading.default\">\n\t\t\t\t<div class=\"elementor-widget-container\">\n\t\t\t\t\t<h4 class=\"elementor-heading-title elementor-size-default\">EN13445<\/h4>\t\t\t\t<\/div>\n\t\t\t\t<\/div>\n\t\t\t\t<\/a>\n\t\t<a class=\"elementor-element elementor-element-022a5e2 e-con-full e-flex e-con e-child\" data-id=\"022a5e2\" data-element_type=\"container\" href=\"https:\/\/steeltechitalia.com\/es\/construccion-de-tanques-de-acero-conforme-a-la-norma-uni-en-14015\/\">\n\t\t\t\t<div class=\"elementor-element elementor-element-898279c elementor-widget elementor-widget-heading\" data-id=\"898279c\" data-element_type=\"widget\" data-widget_type=\"heading.default\">\n\t\t\t\t<div class=\"elementor-widget-container\">\n\t\t\t\t\t<h4 class=\"elementor-heading-title elementor-size-default\">EN14015<\/h4>\t\t\t\t<\/div>\n\t\t\t\t<\/div>\n\t\t\t\t<\/a>\n\t\t<a class=\"elementor-element elementor-element-528bcbb e-con-full e-flex e-con e-child\" data-id=\"528bcbb\" data-element_type=\"container\" href=\"https:\/\/steeltechitalia.com\/es\/construccion-de-tanques-segun-la-norma-api-650\/\">\n\t\t\t\t<div class=\"elementor-element elementor-element-904a009 elementor-widget elementor-widget-heading\" data-id=\"904a009\" data-element_type=\"widget\" data-widget_type=\"heading.default\">\n\t\t\t\t<div class=\"elementor-widget-container\">\n\t\t\t\t\t<h4 class=\"elementor-heading-title elementor-size-default\">API650<\/h4>\t\t\t\t<\/div>\n\t\t\t\t<\/div>\n\t\t\t\t<\/a>\n\t\t<a class=\"elementor-element elementor-element-91a884a e-con-full e-flex e-con e-child\" data-id=\"91a884a\" data-element_type=\"container\" href=\"https:\/\/steeltechitalia.com\/es\/construccion-de-silos-y-tanques-segun-las-ntc-2018-y-las-normativas-europeas\/\">\n\t\t\t\t<div class=\"elementor-element elementor-element-64aa5e6 elementor-widget elementor-widget-heading\" data-id=\"64aa5e6\" data-element_type=\"widget\" data-widget_type=\"heading.default\">\n\t\t\t\t<div class=\"elementor-widget-container\">\n\t\t\t\t\t<h4 class=\"elementor-heading-title elementor-size-default\">NTC 2018<\/h4>\t\t\t\t<\/div>\n\t\t\t\t<\/div>\n\t\t\t\t<\/a>\n\t\t<a class=\"elementor-element elementor-element-8b4c8a6 e-con-full e-flex e-con e-child\" data-id=\"8b4c8a6\" data-element_type=\"container\" href=\"https:\/\/steeltechitalia.com\/serbatoi-in-acciaio-inox-conformi-agli-standard-whg\/\">\n\t\t\t\t<div class=\"elementor-element elementor-element-3bd18fa elementor-widget elementor-widget-heading\" data-id=\"3bd18fa\" data-element_type=\"widget\" data-widget_type=\"heading.default\">\n\t\t\t\t<div class=\"elementor-widget-container\">\n\t\t\t\t\t<h4 class=\"elementor-heading-title elementor-size-default\">WHC<\/h4>\t\t\t\t<\/div>\n\t\t\t\t<\/div>\n\t\t\t\t<\/a>\n\t\t\t\t\t<\/div>\n\t\t\t\t<\/div>\n\t\t<div class=\"elementor-element elementor-element-34b1b00 e-flex e-con-boxed e-con e-parent\" data-id=\"34b1b00\" data-element_type=\"container\" data-settings=\"{&quot;background_background&quot;:&quot;classic&quot;}\">\n\t\t\t\t\t<div class=\"e-con-inner\">\n\t\t\t\t<div class=\"elementor-element elementor-element-fdf08f2 elementor-widget__width-initial elementor-widget elementor-widget-text-editor\" data-id=\"fdf08f2\" data-element_type=\"widget\" data-widget_type=\"text-editor.default\">\n\t\t\t\t<div class=\"elementor-widget-container\">\n\t\t\t\t\t\t\t\t\t<p>Gracias a su know-how y a la experiencia adquirida en 50 a\u00f1os, Steel Tech es capaz de ofrecer un producto llave en mano que abarca desde el dise\u00f1o, los informes de c\u00e1lculo, la construcci\u00f3n, la entrega y la instalaci\u00f3n\/montaje en obra.<\/p>\t\t\t\t\t\t\t\t<\/div>\n\t\t\t\t<\/div>\n\t\t\t\t\t<\/div>\n\t\t\t\t<\/div>\n\t\t\t\t<\/div>\n\t\t","protected":false},"excerpt":{"rendered":"<p>Seguridad ambiental y cumplimiento normativo Normativas europeas Nuestro equipo est\u00e1 aqu\u00ed para ti \u00bfQuieres saber m\u00e1s sobre nuestros productos? \u00bfTe interesa descubrir las soluciones que podemos ofrecerte o prefieres recibir de inmediato un presupuesto personalizado? Cont\u00e1ctanos: estaremos encantados de darte toda la informaci\u00f3n que buscas. Solicita un presupuesto +39 080 8721785 info@steeltechitalia.com Las normas Construcci\u00f3n [&hellip;]<\/p>\n","protected":false},"author":1,"featured_media":0,"parent":0,"menu_order":0,"comment_status":"closed","ping_status":"closed","template":"","meta":{"_acf_changed":false,"slim_seo":{"title":"Construcci\u00f3n de silos y tanques seg\u00fan las NTC 2018 y las normativas europeas - SteelTech srl","description":"Seguridad ambiental y cumplimiento normativo Normativas europeas Nuestro equipo est\u00e1 aqu\u00ed para ti \u00bfQuieres saber m\u00e1s sobre nuestros productos? \u00bfTe interesa desc"},"footnotes":""},"class_list":["post-3110","page","type-page","status-publish","hentry"],"acf":[],"_links":{"self":[{"href":"https:\/\/steeltechitalia.com\/es\/wp-json\/wp\/v2\/pages\/3110","targetHints":{"allow":["GET"]}}],"collection":[{"href":"https:\/\/steeltechitalia.com\/es\/wp-json\/wp\/v2\/pages"}],"about":[{"href":"https:\/\/steeltechitalia.com\/es\/wp-json\/wp\/v2\/types\/page"}],"author":[{"embeddable":true,"href":"https:\/\/steeltechitalia.com\/es\/wp-json\/wp\/v2\/users\/1"}],"replies":[{"embeddable":true,"href":"https:\/\/steeltechitalia.com\/es\/wp-json\/wp\/v2\/comments?post=3110"}],"version-history":[{"count":3,"href":"https:\/\/steeltechitalia.com\/es\/wp-json\/wp\/v2\/pages\/3110\/revisions"}],"predecessor-version":[{"id":3131,"href":"https:\/\/steeltechitalia.com\/es\/wp-json\/wp\/v2\/pages\/3110\/revisions\/3131"}],"wp:attachment":[{"href":"https:\/\/steeltechitalia.com\/es\/wp-json\/wp\/v2\/media?parent=3110"}],"curies":[{"name":"wp","href":"https:\/\/api.w.org\/{rel}","templated":true}]}}