{"id":3153,"date":"2025-08-01T09:31:55","date_gmt":"2025-08-01T09:31:55","guid":{"rendered":"https:\/\/steeltechitalia.com\/tanques-de-acero-inoxidable-conformes-a-las-normas-whg\/"},"modified":"2025-08-26T15:47:58","modified_gmt":"2025-08-26T15:47:58","slug":"tanques-de-acero-inoxidable-conformes-a-las-normas-whg","status":"publish","type":"page","link":"https:\/\/steeltechitalia.com\/es\/tanques-de-acero-inoxidable-conformes-a-las-normas-whg\/","title":{"rendered":"Tanques de acero inoxidable conformes a las normas WHG"},"content":{"rendered":"\t\t<div data-elementor-type=\"wp-page\" data-elementor-id=\"3153\" class=\"elementor elementor-3153 elementor-1673\" data-elementor-post-type=\"page\">\n\t\t\t\t<div class=\"elementor-element elementor-element-44d7a80 e-flex e-con-boxed e-con e-parent\" data-id=\"44d7a80\" data-element_type=\"container\" data-settings=\"{&quot;background_background&quot;:&quot;classic&quot;,&quot;background_motion_fx_motion_fx_scrolling&quot;:&quot;yes&quot;,&quot;background_motion_fx_translateY_effect&quot;:&quot;yes&quot;,&quot;background_motion_fx_translateY_speed&quot;:{&quot;unit&quot;:&quot;px&quot;,&quot;size&quot;:6.9,&quot;sizes&quot;:[]},&quot;background_motion_fx_translateY_affectedRange&quot;:{&quot;unit&quot;:&quot;%&quot;,&quot;size&quot;:&quot;&quot;,&quot;sizes&quot;:{&quot;start&quot;:0,&quot;end&quot;:100}},&quot;background_motion_fx_devices&quot;:[&quot;desktop&quot;,&quot;tablet&quot;,&quot;mobile&quot;]}\">\n\t\t\t\t\t<div class=\"e-con-inner\">\n\t\t\t\t<div class=\"elementor-element elementor-element-eac157c elementor-widget elementor-widget-heading\" data-id=\"eac157c\" data-element_type=\"widget\" data-widget_type=\"heading.default\">\n\t\t\t\t<div class=\"elementor-widget-container\">\n\t\t\t\t\t<p class=\"elementor-heading-title elementor-size-default\">Seguridad ambiental y cumplimiento normativo<\/p>\t\t\t\t<\/div>\n\t\t\t\t<\/div>\n\t\t\t\t<div class=\"elementor-element elementor-element-0810114 elementor-widget__width-initial elementor-widget elementor-widget-heading\" data-id=\"0810114\" data-element_type=\"widget\" data-widget_type=\"heading.default\">\n\t\t\t\t<div class=\"elementor-widget-container\">\n\t\t\t\t\t<h1 class=\"elementor-heading-title elementor-size-default\">Normativas europeas<\/h1>\t\t\t\t<\/div>\n\t\t\t\t<\/div>\n\t\t\t\t\t<\/div>\n\t\t\t\t<\/div>\n\t\t<div class=\"elementor-element elementor-element-398e6a4 e-flex e-con-boxed e-con e-parent\" data-id=\"398e6a4\" data-element_type=\"container\" data-settings=\"{&quot;background_background&quot;:&quot;classic&quot;}\">\n\t\t\t\t\t<div class=\"e-con-inner\">\n\t\t<div class=\"elementor-element elementor-element-035f440 e-con-full e-flex e-con e-child\" data-id=\"035f440\" data-element_type=\"container\" data-settings=\"{&quot;sticky&quot;:&quot;top&quot;,&quot;sticky_on&quot;:[&quot;desktop&quot;],&quot;sticky_parent&quot;:&quot;yes&quot;,&quot;sticky_offset&quot;:0,&quot;sticky_effects_offset&quot;:0,&quot;sticky_anchor_link_offset&quot;:0}\">\n\t\t<div class=\"elementor-element elementor-element-819a8f6 e-con-full e-flex e-con e-child\" data-id=\"819a8f6\" data-element_type=\"container\" data-settings=\"{&quot;background_background&quot;:&quot;classic&quot;}\">\n\t\t\t\t<div class=\"elementor-element elementor-element-c55422e elementor-widget elementor-widget-heading\" data-id=\"c55422e\" data-element_type=\"widget\" data-widget_type=\"heading.default\">\n\t\t\t\t<div class=\"elementor-widget-container\">\n\t\t\t\t\t<h4 class=\"elementor-heading-title elementor-size-default\">Nuestro equipo est\u00e1 aqu\u00ed para ti<\/h4>\t\t\t\t<\/div>\n\t\t\t\t<\/div>\n\t\t\t\t<div class=\"elementor-element elementor-element-51784c2 elementor-widget elementor-widget-text-editor\" data-id=\"51784c2\" data-element_type=\"widget\" data-widget_type=\"text-editor.default\">\n\t\t\t\t<div class=\"elementor-widget-container\">\n\t\t\t\t\t\t\t\t\t<p>\u00bfQuieres saber m\u00e1s sobre nuestros productos? \u00bfTe interesa descubrir las soluciones que podemos ofrecerte o prefieres recibir de inmediato un presupuesto personalizado? Cont\u00e1ctanos: estaremos encantados de darte toda la informaci\u00f3n que buscas.<\/p>\t\t\t\t\t\t\t\t<\/div>\n\t\t\t\t<\/div>\n\t\t\t\t<div class=\"elementor-element elementor-element-792dccd elementor-align-left elementor-widget elementor-widget-button\" data-id=\"792dccd\" data-element_type=\"widget\" data-widget_type=\"button.default\">\n\t\t\t\t<div class=\"elementor-widget-container\">\n\t\t\t\t\t\t\t\t\t<div class=\"elementor-button-wrapper\">\n\t\t\t\t\t<a class=\"elementor-button elementor-button-link elementor-size-sm\" href=\"https:\/\/steeltechitalia.com\/es\/contactanos\/\">\n\t\t\t\t\t\t<span class=\"elementor-button-content-wrapper\">\n\t\t\t\t\t\t<span class=\"elementor-button-icon\">\n\t\t\t\t<svg aria-hidden=\"true\" class=\"e-font-icon-svg e-fas-angle-right\" viewBox=\"0 0 256 512\" xmlns=\"http:\/\/www.w3.org\/2000\/svg\"><path d=\"M224.3 273l-136 136c-9.4 9.4-24.6 9.4-33.9 0l-22.6-22.6c-9.4-9.4-9.4-24.6 0-33.9l96.4-96.4-96.4-96.4c-9.4-9.4-9.4-24.6 0-33.9L54.3 103c9.4-9.4 24.6-9.4 33.9 0l136 136c9.5 9.4 9.5 24.6.1 34z\"><\/path><\/svg>\t\t\t<\/span>\n\t\t\t\t\t\t\t\t\t<span class=\"elementor-button-text\">Solicita un presupuesto<\/span>\n\t\t\t\t\t<\/span>\n\t\t\t\t\t<\/a>\n\t\t\t\t<\/div>\n\t\t\t\t\t\t\t\t<\/div>\n\t\t\t\t<\/div>\n\t\t\t\t<\/div>\n\t\t<div class=\"elementor-element elementor-element-9597f47 e-con-full e-flex e-con e-child\" data-id=\"9597f47\" data-element_type=\"container\" data-settings=\"{&quot;background_background&quot;:&quot;classic&quot;}\">\n\t\t\t\t<div class=\"elementor-element elementor-element-b255a9f elementor-icon-list--layout-traditional elementor-list-item-link-full_width elementor-widget elementor-widget-icon-list\" data-id=\"b255a9f\" data-element_type=\"widget\" data-widget_type=\"icon-list.default\">\n\t\t\t\t<div class=\"elementor-widget-container\">\n\t\t\t\t\t\t\t<ul class=\"elementor-icon-list-items\">\n\t\t\t\t\t\t\t<li class=\"elementor-icon-list-item\">\n\t\t\t\t\t\t\t\t\t\t\t<span class=\"elementor-icon-list-icon\">\n\t\t\t\t\t\t\t<svg xmlns=\"http:\/\/www.w3.org\/2000\/svg\" xmlns:xlink=\"http:\/\/www.w3.org\/1999\/xlink\" width=\"512\" height=\"512\" x=\"0\" y=\"0\" viewBox=\"0 0 25.625 25.625\" style=\"enable-background:new 0 0 512 512\" xml:space=\"preserve\" class=\"\"><rect width=\"25.625\" height=\"25.625\" rx=\"5.125\" ry=\"5.125\" fill=\"#025ba4\"><\/rect><g transform=\"matrix(0.7,0,0,0.7,3.843821507692338,3.8436547994613655)\"><path d=\"M22.079 17.835c-1.548-1.324-3.119-2.126-4.648-.804l-.913.799c-.668.58-1.91 3.29-6.712-2.234-4.801-5.517-1.944-6.376-1.275-6.951l.918-.8c1.521-1.325.947-2.993-.15-4.71l-.662-1.04C7.535.382 6.335-.743 4.81.58l-.824.72c-.674.491-2.558 2.087-3.015 5.119-.55 3.638 1.185 7.804 5.16 12.375 3.97 4.573 7.857 6.87 11.539 6.83 3.06-.033 4.908-1.675 5.486-2.272l.827-.721c1.521-1.322.576-2.668-.973-3.995l-.931-.801z\" style=\"\" fill=\"#ffffff\" data-original=\"#030104\" class=\"\" opacity=\"1\"><\/path><\/g><\/svg>\t\t\t\t\t\t<\/span>\n\t\t\t\t\t\t\t\t\t\t<span class=\"elementor-icon-list-text\">  +39 080 8721785<\/span>\n\t\t\t\t\t\t\t\t\t<\/li>\n\t\t\t\t\t\t\t\t<li class=\"elementor-icon-list-item\">\n\t\t\t\t\t\t\t\t\t\t\t<a href=\"mailto:%20info@steeltechitalia.com\">\n\n\t\t\t\t\t\t\t\t\t\t\t\t<span class=\"elementor-icon-list-icon\">\n\t\t\t\t\t\t\t<svg xmlns=\"http:\/\/www.w3.org\/2000\/svg\" xmlns:xlink=\"http:\/\/www.w3.org\/1999\/xlink\" width=\"512\" height=\"512\" x=\"0\" y=\"0\" viewBox=\"0 0 32 32\" style=\"enable-background:new 0 0 512 512\" xml:space=\"preserve\" class=\"\"><rect width=\"32\" height=\"32\" rx=\"6.4\" ry=\"6.4\" fill=\"#025ba4\"><\/rect><g transform=\"matrix(0.7,0,0,0.7,4.798022845387459,4.785767304897309)\"><path d=\"M31.348 13.8A15.5 15.5 0 0 0 .627 18.015a15.614 15.614 0 0 0 13.31 13.351 16.058 16.058 0 0 0 2.08.136 15.351 15.351 0 0 0 7.972-2.217 1.5 1.5 0 0 0-1.548-2.57 12.5 12.5 0 1 1-4.789-23.109 12.5 12.5 0 0 1 10.162 16.488 2.166 2.166 0 0 1-2.079 1.406 2.238 2.238 0 0 1-2.235-2.235V10a1.5 1.5 0 0 0-3 0v.014a7.5 7.5 0 1 0 .541 11.523 5.224 5.224 0 0 0 4.694 2.963 5.167 5.167 0 0 0 4.914-3.424 15.535 15.535 0 0 0 .699-7.276zM16 20.5a4.5 4.5 0 1 1 4.5-4.5 4.505 4.505 0 0 1-4.5 4.5z\" fill=\"#ffffff\" opacity=\"1\" data-original=\"#000000\" class=\"\"><\/path><\/g><\/svg>\t\t\t\t\t\t<\/span>\n\t\t\t\t\t\t\t\t\t\t<span class=\"elementor-icon-list-text\"> info@steeltechitalia.com<\/span>\n\t\t\t\t\t\t\t\t\t\t\t<\/a>\n\t\t\t\t\t\t\t\t\t<\/li>\n\t\t\t\t\t\t<\/ul>\n\t\t\t\t\t\t<\/div>\n\t\t\t\t<\/div>\n\t\t\t\t<\/div>\n\t\t\t\t<\/div>\n\t\t<div class=\"elementor-element elementor-element-7037d0c e-con-full e-flex e-con e-child\" data-id=\"7037d0c\" data-element_type=\"container\">\n\t\t\t\t<div class=\"elementor-element elementor-element-5837882 elementor-widget elementor-widget-heading\" data-id=\"5837882\" data-element_type=\"widget\" data-widget_type=\"heading.default\">\n\t\t\t\t<div class=\"elementor-widget-container\">\n\t\t\t\t\t<p class=\"elementor-heading-title elementor-size-default\">Las normas<\/p>\t\t\t\t<\/div>\n\t\t\t\t<\/div>\n\t\t\t\t<div class=\"elementor-element elementor-element-673cd29 elementor-widget__width-initial elementor-widget elementor-widget-heading\" data-id=\"673cd29\" data-element_type=\"widget\" data-widget_type=\"heading.default\">\n\t\t\t\t<div class=\"elementor-widget-container\">\n\t\t\t\t\t<h2 class=\"elementor-heading-title elementor-size-default\">Tanques de acero inoxidable conformes a las normas WHG<\/h2>\t\t\t\t<\/div>\n\t\t\t\t<\/div>\n\t\t\t\t<div class=\"elementor-element elementor-element-a5d4df3 elementor-widget-divider--view-line elementor-widget elementor-widget-divider\" data-id=\"a5d4df3\" data-element_type=\"widget\" data-widget_type=\"divider.default\">\n\t\t\t\t<div class=\"elementor-widget-container\">\n\t\t\t\t\t\t\t<div class=\"elementor-divider\">\n\t\t\t<span class=\"elementor-divider-separator\">\n\t\t\t\t\t\t<\/span>\n\t\t<\/div>\n\t\t\t\t\t\t<\/div>\n\t\t\t\t<\/div>\n\t\t\t\t<div class=\"elementor-element elementor-element-e90a9a1 elementor-widget elementor-widget-heading\" data-id=\"e90a9a1\" data-element_type=\"widget\" data-widget_type=\"heading.default\">\n\t\t\t\t<div class=\"elementor-widget-container\">\n\t\t\t\t\t<h3 class=\"elementor-heading-title elementor-size-default\">M\u00e1xima atenci\u00f3n a la seguridad ambiental y al cumplimiento normativo<\/h3>\t\t\t\t<\/div>\n\t\t\t\t<\/div>\n\t\t\t\t<div class=\"elementor-element elementor-element-a6514ec elementor-widget__width-initial elementor-widget elementor-widget-text-editor\" data-id=\"a6514ec\" data-element_type=\"widget\" data-widget_type=\"text-editor.default\">\n\t\t\t\t<div class=\"elementor-widget-container\">\n\t\t\t\t\t\t\t\t\t<h3>Panorama de las normas WHG<\/h3>\nLas normas WHG (Wasserhaushaltsgesetz), establecidas por la normativa federal alemana sobre la protecci\u00f3n de los recursos h\u00eddricos, representan una referencia esencial para la construcci\u00f3n de tanques destinados al almacenamiento de sustancias peligrosas\nSteeltech de Corato, gracias a su experiencia y competencia t\u00e9cnica, es capaz de dise\u00f1ar y fabricar tanques de acero inoxidable plenamente conformes a los requisitos WHG, asegurando la m\u00e1xima protecci\u00f3n de los recursos h\u00eddricos y del medio ambiente.\n<h3>Qu\u00e9 significa construir seg\u00fan las normas WHG<\/h3>\nPara garantizar el pleno cumplimiento de los requisitos WHG, Steeltech integra en sus tanques:\n\u2013 Materiales de alta calidad: uso de aceros inoxidables resistentes a la corrosi\u00f3n.\n\u2013 Sistemas antidesbordamiento: dispositivos que evitan superar el nivel m\u00e1ximo.\n\u2013 Prevenci\u00f3n de fugas: configuraciones de doble pared y sistemas de sellado avanzados.\n\u2013 Sistemas de detecci\u00f3n: dispositivos de monitorizaci\u00f3n activa de fugas.\n\u2013 Robustez estructural: resistencia a impactos, solicitaciones y variaciones t\u00e9rmicas.\n\u2013 Planes de prueba e inspecci\u00f3n: ensayos de presi\u00f3n, estanqueidad e integridad de los materiales.\n\u2013 Verificaciones peri\u00f3dicas: inspecciones quinquenales realizadas por organismos notificados.\n\u2013 Trazabilidad documental: documentaci\u00f3n t\u00e9cnica completa de cada fase.\t\t\t\t\t\t\t\t<\/div>\n\t\t\t\t<\/div>\n\t\t\t\t<div class=\"elementor-element elementor-element-09deaf0 elementor-widget elementor-widget-image\" data-id=\"09deaf0\" data-element_type=\"widget\" data-widget_type=\"image.default\">\n\t\t\t\t<div class=\"elementor-widget-container\">\n\t\t\t\t\t\t\t\t\t\t\t\t\t\t\t<img fetchpriority=\"high\" decoding=\"async\" width=\"800\" height=\"529\" src=\"https:\/\/steeltechitalia.com\/wp-content\/uploads\/2025\/08\/NTC-2018-1.png\" class=\"attachment-large size-large wp-image-2687\" alt=\"NTC\" srcset=\"https:\/\/steeltechitalia.com\/wp-content\/uploads\/2025\/08\/NTC-2018-1.png 942w, https:\/\/steeltechitalia.com\/wp-content\/uploads\/2025\/08\/NTC-2018-1-300x198.png 300w, https:\/\/steeltechitalia.com\/wp-content\/uploads\/2025\/08\/NTC-2018-1-768x508.png 768w\" sizes=\"(max-width: 800px) 100vw, 800px\" \/>\t\t\t\t\t\t\t\t\t\t\t\t\t\t\t<\/div>\n\t\t\t\t<\/div>\n\t\t\t\t<div class=\"elementor-element elementor-element-d3b6a09 elementor-widget__width-initial elementor-widget elementor-widget-text-editor\" data-id=\"d3b6a09\" data-element_type=\"widget\" data-widget_type=\"text-editor.default\">\n\t\t\t\t<div class=\"elementor-widget-container\">\n\t\t\t\t\t\t\t\t\t<h3>La experiencia de Steeltech en la realizaci\u00f3n de tanques WHG<\/h3>\nSteeltech de Corato ha adquirido una s\u00f3lida experiencia en el dise\u00f1o y la producci\u00f3n de tanques conformes a las normas WHG, destinados a sitios industriales e instalaciones en toda Europa.\nLa capacidad de cumplir con requisitos estrictos y de colaborar con organismos de certificaci\u00f3n convierte a Steeltech en un socio fiable para las empresas que operan en sectores de alto riesgo ambiental.\n<h3>Un valor reconocido tambi\u00e9n a nivel internacional<\/h3>\nAunque las normas WHG son espec\u00edficas de Alemania, su importancia est\u00e1 ampliamente reconocida tambi\u00e9n a nivel europeo e internacional.\nPara las empresas de los sectores qu\u00edmico, farmac\u00e9utico, de tratamiento de aguas y agroalimentario, la conformidad WHG es sin\u00f3nimo de calidad t\u00e9cnica y respeto por el medio ambiente, independientemente del destino del tanque.\n<h3>Steeltech: el socio t\u00e9cnico para sus tanques certificados WHG<\/h3>\nCon una s\u00f3lida base de ingenier\u00eda, un equipo t\u00e9cnico cualificado y una experiencia consolidada, Steeltech se presenta como interlocutor de referencia para el suministro de tanques certificados WHG.\nCada instalaci\u00f3n est\u00e1 dise\u00f1ada para ofrecer:\n\u2013 Fiabilidad en la gesti\u00f3n de sustancias peligrosas.\n\u2013 Conformidad con las normativas WHG, PED y europeas.\n\u2013 Soporte t\u00e9cnico completo hasta la certificaci\u00f3n final.\n\nContacta a nuestros expertos para obtener m\u00e1s informaci\u00f3n y evaluar juntos la soluci\u00f3n m\u00e1s adecuada a tus necesidades.\t\t\t\t\t\t\t\t<\/div>\n\t\t\t\t<\/div>\n\t\t\t\t<\/div>\n\t\t\t\t\t<\/div>\n\t\t\t\t<\/div>\n\t\t<div class=\"elementor-element elementor-element-dfc4f0e e-flex e-con-boxed e-con e-parent\" data-id=\"dfc4f0e\" data-element_type=\"container\" data-settings=\"{&quot;background_background&quot;:&quot;classic&quot;}\">\n\t\t\t\t\t<div class=\"e-con-inner\">\n\t\t\t\t<div class=\"elementor-element elementor-element-35b7884 elementor-widget elementor-widget-heading\" data-id=\"35b7884\" data-element_type=\"widget\" data-widget_type=\"heading.default\">\n\t\t\t\t<div class=\"elementor-widget-container\">\n\t\t\t\t\t<p class=\"elementor-heading-title elementor-size-default\">Soluciones llave en mano<\/p>\t\t\t\t<\/div>\n\t\t\t\t<\/div>\n\t\t\t\t<div class=\"elementor-element elementor-element-147807f elementor-widget__width-initial elementor-widget elementor-widget-heading\" data-id=\"147807f\" data-element_type=\"widget\" data-widget_type=\"heading.default\">\n\t\t\t\t<div class=\"elementor-widget-container\">\n\t\t\t\t\t<h2 class=\"elementor-heading-title elementor-size-default\">Recipientes certificados seg\u00fan las normas internacionales<\/h2>\t\t\t\t<\/div>\n\t\t\t\t<\/div>\n\t\t\t\t<div class=\"elementor-element elementor-element-ce218fd elementor-widget-divider--view-line elementor-widget elementor-widget-divider\" data-id=\"ce218fd\" data-element_type=\"widget\" data-widget_type=\"divider.default\">\n\t\t\t\t<div class=\"elementor-widget-container\">\n\t\t\t\t\t\t\t<div class=\"elementor-divider\">\n\t\t\t<span class=\"elementor-divider-separator\">\n\t\t\t\t\t\t<\/span>\n\t\t<\/div>\n\t\t\t\t\t\t<\/div>\n\t\t\t\t<\/div>\n\t\t\t\t<div class=\"elementor-element elementor-element-5b07810 elementor-widget__width-initial elementor-widget elementor-widget-text-editor\" data-id=\"5b07810\" data-element_type=\"widget\" data-widget_type=\"text-editor.default\">\n\t\t\t\t<div class=\"elementor-widget-container\">\n\t\t\t\t\t\t\t\t\t<p>Dise\u00f1amos recipientes en conformidad con las normas y est\u00e1ndares m\u00e1s recientes utilizados en todo el mundo, como:<\/p>\t\t\t\t\t\t\t\t<\/div>\n\t\t\t\t<\/div>\n\t\t\t\t\t<\/div>\n\t\t\t\t<\/div>\n\t\t<div class=\"elementor-element elementor-element-7b4dd251 e-flex e-con-boxed e-con e-parent\" data-id=\"7b4dd251\" data-element_type=\"container\" data-settings=\"{&quot;background_background&quot;:&quot;classic&quot;}\">\n\t\t\t\t\t<div class=\"e-con-inner\">\n\t\t<a class=\"elementor-element elementor-element-eda8f5e e-con-full e-flex e-con e-child\" data-id=\"eda8f5e\" data-element_type=\"container\" href=\"https:\/\/steeltechitalia.com\/es\/construccion-de-tanques-a-presion-segun-la-norma-uni-en-13455-y-la-directiva-ped\/\">\n\t\t\t\t<div class=\"elementor-element elementor-element-68817735 elementor-widget elementor-widget-heading\" data-id=\"68817735\" data-element_type=\"widget\" data-widget_type=\"heading.default\">\n\t\t\t\t<div class=\"elementor-widget-container\">\n\t\t\t\t\t<h4 class=\"elementor-heading-title elementor-size-default\">EN13445<\/h4>\t\t\t\t<\/div>\n\t\t\t\t<\/div>\n\t\t\t\t<\/a>\n\t\t<a class=\"elementor-element elementor-element-216755ce e-con-full e-flex e-con e-child\" data-id=\"216755ce\" data-element_type=\"container\" href=\"https:\/\/steeltechitalia.com\/es\/construccion-de-tanques-de-acero-conforme-a-la-norma-uni-en-14015\/\">\n\t\t\t\t<div class=\"elementor-element elementor-element-12208259 elementor-widget elementor-widget-heading\" data-id=\"12208259\" data-element_type=\"widget\" data-widget_type=\"heading.default\">\n\t\t\t\t<div class=\"elementor-widget-container\">\n\t\t\t\t\t<h4 class=\"elementor-heading-title elementor-size-default\">EN14015<\/h4>\t\t\t\t<\/div>\n\t\t\t\t<\/div>\n\t\t\t\t<\/a>\n\t\t<a class=\"elementor-element elementor-element-6a75c1e7 e-con-full e-flex e-con e-child\" data-id=\"6a75c1e7\" data-element_type=\"container\" href=\"https:\/\/steeltechitalia.com\/es\/construccion-de-tanques-segun-la-norma-api-650\/\">\n\t\t\t\t<div class=\"elementor-element elementor-element-7507b70c elementor-widget elementor-widget-heading\" data-id=\"7507b70c\" data-element_type=\"widget\" data-widget_type=\"heading.default\">\n\t\t\t\t<div class=\"elementor-widget-container\">\n\t\t\t\t\t<h4 class=\"elementor-heading-title elementor-size-default\">API650<\/h4>\t\t\t\t<\/div>\n\t\t\t\t<\/div>\n\t\t\t\t<\/a>\n\t\t<a class=\"elementor-element elementor-element-2943ade5 e-con-full e-flex e-con e-child\" data-id=\"2943ade5\" data-element_type=\"container\" href=\"https:\/\/steeltechitalia.com\/es\/construccion-de-silos-y-tanques-segun-las-ntc-2018-y-las-normativas-europeas\/\">\n\t\t\t\t<div class=\"elementor-element elementor-element-5228fd8 elementor-widget elementor-widget-heading\" data-id=\"5228fd8\" data-element_type=\"widget\" data-widget_type=\"heading.default\">\n\t\t\t\t<div class=\"elementor-widget-container\">\n\t\t\t\t\t<h4 class=\"elementor-heading-title elementor-size-default\">NTC 2018<\/h4>\t\t\t\t<\/div>\n\t\t\t\t<\/div>\n\t\t\t\t<\/a>\n\t\t<a class=\"elementor-element elementor-element-116216cc e-con-full e-flex e-con e-child\" data-id=\"116216cc\" data-element_type=\"container\" href=\"https:\/\/steeltechitalia.com\/es\/tanques-de-acero-inoxidable-conformes-a-las-normas-whg\/\">\n\t\t\t\t<div class=\"elementor-element elementor-element-76bb452e elementor-widget elementor-widget-heading\" data-id=\"76bb452e\" data-element_type=\"widget\" data-widget_type=\"heading.default\">\n\t\t\t\t<div class=\"elementor-widget-container\">\n\t\t\t\t\t<h4 class=\"elementor-heading-title elementor-size-default\">WHC<\/h4>\t\t\t\t<\/div>\n\t\t\t\t<\/div>\n\t\t\t\t<\/a>\n\t\t\t\t\t<\/div>\n\t\t\t\t<\/div>\n\t\t<div class=\"elementor-element elementor-element-34b1b00 e-flex e-con-boxed e-con e-parent\" data-id=\"34b1b00\" data-element_type=\"container\" data-settings=\"{&quot;background_background&quot;:&quot;classic&quot;}\">\n\t\t\t\t\t<div class=\"e-con-inner\">\n\t\t\t\t<div class=\"elementor-element elementor-element-fdf08f2 elementor-widget__width-initial elementor-widget elementor-widget-text-editor\" data-id=\"fdf08f2\" data-element_type=\"widget\" data-widget_type=\"text-editor.default\">\n\t\t\t\t<div class=\"elementor-widget-container\">\n\t\t\t\t\t\t\t\t\t<p>Gracias a su know-how y a la experiencia adquirida en 50 a\u00f1os, Steel Tech es capaz de ofrecer un producto llave en mano que abarca desde el dise\u00f1o, los informes de c\u00e1lculo, la construcci\u00f3n, la entrega y la instalaci\u00f3n\/montaje en obra.<\/p>\t\t\t\t\t\t\t\t<\/div>\n\t\t\t\t<\/div>\n\t\t\t\t\t<\/div>\n\t\t\t\t<\/div>\n\t\t\t\t<\/div>\n\t\t","protected":false},"excerpt":{"rendered":"<p>Seguridad ambiental y cumplimiento normativo Normativas europeas Nuestro equipo est\u00e1 aqu\u00ed para ti \u00bfQuieres saber m\u00e1s sobre nuestros productos? \u00bfTe interesa descubrir las soluciones que podemos ofrecerte o prefieres recibir de inmediato un presupuesto personalizado? Cont\u00e1ctanos: estaremos encantados de darte toda la informaci\u00f3n que buscas. Solicita un presupuesto +39 080 8721785 info@steeltechitalia.com Las normas Tanques [&hellip;]<\/p>\n","protected":false},"author":1,"featured_media":0,"parent":0,"menu_order":0,"comment_status":"closed","ping_status":"closed","template":"","meta":{"_acf_changed":false,"slim_seo":{"title":"Tanques de acero inoxidable conformes a las normas WHG - SteelTech srl","description":"Seguridad ambiental y cumplimiento normativo Normativas europeas Nuestro equipo est\u00e1 aqu\u00ed para ti \u00bfQuieres saber m\u00e1s sobre nuestros productos? \u00bfTe interesa desc"},"footnotes":""},"class_list":["post-3153","page","type-page","status-publish","hentry"],"acf":[],"_links":{"self":[{"href":"https:\/\/steeltechitalia.com\/es\/wp-json\/wp\/v2\/pages\/3153","targetHints":{"allow":["GET"]}}],"collection":[{"href":"https:\/\/steeltechitalia.com\/es\/wp-json\/wp\/v2\/pages"}],"about":[{"href":"https:\/\/steeltechitalia.com\/es\/wp-json\/wp\/v2\/types\/page"}],"author":[{"embeddable":true,"href":"https:\/\/steeltechitalia.com\/es\/wp-json\/wp\/v2\/users\/1"}],"replies":[{"embeddable":true,"href":"https:\/\/steeltechitalia.com\/es\/wp-json\/wp\/v2\/comments?post=3153"}],"version-history":[{"count":1,"href":"https:\/\/steeltechitalia.com\/es\/wp-json\/wp\/v2\/pages\/3153\/revisions"}],"predecessor-version":[{"id":3154,"href":"https:\/\/steeltechitalia.com\/es\/wp-json\/wp\/v2\/pages\/3153\/revisions\/3154"}],"wp:attachment":[{"href":"https:\/\/steeltechitalia.com\/es\/wp-json\/wp\/v2\/media?parent=3153"}],"curies":[{"name":"wp","href":"https:\/\/api.w.org\/{rel}","templated":true}]}}