{"id":3451,"date":"2025-09-03T08:25:19","date_gmt":"2025-09-03T08:25:19","guid":{"rendered":"https:\/\/steeltechitalia.com\/politica-de-privacidad\/"},"modified":"2025-09-03T08:25:19","modified_gmt":"2025-09-03T08:25:19","slug":"politica-de-privacidad","status":"publish","type":"page","link":"https:\/\/steeltechitalia.com\/es\/politica-de-privacidad\/","title":{"rendered":"Pol\u00edtica de Privacidad"},"content":{"rendered":"<h1 class=\"privacy-policy-h1\">\u00daltima actualizaci\u00f3n el 03-Sep-2025<\/h1>\n<p>Fecha de entrada en vigor 03-Sep-2025<\/p>\n<p class=\"privacy-policy-p\">Esta Pol\u00edtica de Privacidad describe las pol\u00edticas de<\/p>\n<p>STEEL TECH SRL,<br \/>\nVia Vecchia Molfetta, 14,<br \/>\nBari<br \/>\n70033,<br \/>\nItalia,<br \/>\nemail: info@steeltechitalia.com,<br \/>\nphone: +39 080 3591770<\/p>\n<p>sobre la recopilaci\u00f3n,<br \/>\nuso y divulgaci\u00f3n de tu informaci\u00f3n que recopilamos<br \/>\ncuando utilizas nuestro sitio web (https:\/\/steeltechitalia.com).<br \/>\n(el \u00abServicio\u00bb). Al acceder o utilizar<br \/>\nel<br \/>\nServicio, aceptas la recopilaci\u00f3n, uso y<br \/>\ndivulgaci\u00f3n de tu informaci\u00f3n de acuerdo con esta<br \/>\nPol\u00edtica de Privacidad. Si no est\u00e1s de acuerdo,<br \/>\nte rogamos que no accedas ni utilices el Servicio.  <\/p>\n<p class=\"privacy-policy-p\">Podemos modificar esta Pol\u00edtica de Privacidad en cualquier momento sin<br \/>\nprevio aviso y publicaremos la Pol\u00edtica<br \/>\nrevisada en el Servicio. La Pol\u00edtica revisada entrar\u00e1<br \/>\nen vigor 180 d\u00edas despu\u00e9s de que la Pol\u00edtica<br \/>\nrevisada sea publicada en el Servicio y tu<br \/>\nacceso continuo o uso del Servicio despu\u00e9s de ese momento<br \/>\nconstituir\u00e1 tu aceptaci\u00f3n de la Pol\u00edtica de Privacidad revisada. Por lo tanto, te recomendamos revisar peri\u00f3dicamente esta p\u00e1gina.  <\/p>\n<ol class=\"privacy-policy-ol\">\n<li>\n<h2 class=\"privacy-policy-h2\">Informaci\u00f3n que Recopilamos:<\/h2>\n<p class=\"privacy-policy-p\">Recopilaremos y trataremos la siguiente<br \/>\ninformaci\u00f3n personal sobre ti:<\/p>\n<ol class=\"privacy-policy-ol\">\n<li>Nombre<\/li>\n<li>Apellido<\/li>\n<li>Empresa<\/li>\n<li>Email<\/li>\n<li>Tel\u00e9fono<\/li>\n<\/ol>\n<\/li>\n<li>\n<h2 class=\"privacy-policy-h2\">C\u00f3mo Utilizamos tu Informaci\u00f3n:<\/h2>\n<p class=\"privacy-policy-p\">Utilizaremos la informaci\u00f3n que recopilamos<br \/>\nsobre ti para los siguientes fines:<\/p>\n<ol class=\"privacy-policy-ol\">\n<li>Marketing\/Promocional<\/li>\n<\/ol>\n<p class=\"privacy-policy-p\">Si queremos utilizar tu informaci\u00f3n para cualquier otro<br \/>\nprop\u00f3sito, solicitaremos tu consentimiento y utilizaremos<br \/>\ntu informaci\u00f3n solo despu\u00e9s de haber recibido tu<br \/>\nconsentimiento y, posteriormente, \u00fanicamente para el\/los prop\u00f3sito(s) para<br \/>\nlos que otorgues dicho consentimiento, a menos que estemos obligados a hacer<br \/>\nlo contrario por ley.<\/p>\n<\/li>\n<li>\n<h2 class=\"privacy-policy-h2\">Conservaci\u00f3n de tu Informaci\u00f3n:<\/h2>\n<p class=\"privacy-policy-p\">Conservaremos tu informaci\u00f3n personal con nosotros<br \/>\npor<br \/>\n90 d\u00edas a 2 a\u00f1os despu\u00e9s de que los usuarios cierren sus cuentas<br \/>\no durante el tiempo<br \/>\nnecesario para cumplir los fines para<br \/>\nlos que se recopil\u00f3, seg\u00fan lo detallado en esta<br \/>\nPol\u00edtica de Privacidad. Podr\u00edamos necesitar conservar cierta<br \/>\ninformaci\u00f3n por per\u00edodos m\u00e1s prolongados como<br \/>\nmantenimiento de registros \/ informes de conformidad con<br \/>\nla ley aplicable u otros motivos leg\u00edtimos<br \/>\ncomo la aplicaci\u00f3n de derechos legales, prevenci\u00f3n de fraudes,<br \/>\netc. La informaci\u00f3n an\u00f3nima residual<br \/>\ny la informaci\u00f3n agregada, ninguna de las cuales te<br \/>\nidentifica (directa o indirectamente), puede<br \/>\nconservarse indefinidamente. <\/p>\n<\/li>\n<li>\n<h2 class=\"privacy-policy-h2\">Tus Derechos:<\/h2>\n<p class=\"privacy-policy-p\">Seg\u00fan la ley aplicable, podr\u00edas tener<br \/>\nel derecho de acceder, rectificar o eliminar tus<br \/>\ndatos personales o recibir una copia de tus datos<br \/>\npersonales, limitar u oponerte al tratamiento activo<br \/>\nde tus datos, solicitarnos que compartamos (transfiramos)<br \/>\ntu informaci\u00f3n personal a otra entidad,<br \/>\nretirar cualquier consentimiento que nos hayas otorgado para<br \/>\nprocesar tus datos, el derecho de presentar una reclamaci\u00f3n<br \/>\nante una autoridad competente y otros derechos<br \/>\nque puedan ser relevantes seg\u00fan las leyes aplicables. Para<br \/>\nejercer estos derechos, puedes escribirnos a<br \/>\ninfo@steeltechitalia.com.<br \/>\nResponderemos a tu<br \/>\nsolicitud de conformidad con la ley aplicable. <\/p>\n<p class=\"privacy-policy-p\">Ten en cuenta que si no nos permites recopilar<br \/>\no procesar la informaci\u00f3n personal solicitada o<br \/>\nretiras el consentimiento para procesarla con los<br \/>\nfines requeridos, es posible que no puedas acceder<br \/>\no utilizar los servicios para los que se solicit\u00f3 tu<br \/>\ninformaci\u00f3n.<\/p>\n<\/li>\n<li>\n<h2 class=\"privacy-policy-h2\">Cookie Ecc.<\/h2>\n<p>Para saber m\u00e1s sobre c\u00f3mo utilizamos estos<br \/>\ny tus opciones en relaci\u00f3n con estas tecnolog\u00edas de seguimiento, te rogamos que consultes nuestra<br \/>\n<a href=\"https:\/\/steeltechitalia.com\/es\/\">Pol\u00edtica de Cookies.<\/a><\/li>\n<li>\n<h2 class=\"privacy-policy-h2\">Seguridad:<\/h2>\n<p class=\"privacy-policy-p\">La seguridad de tu informaci\u00f3n es importante para<br \/>\nnosotros y utilizaremos medidas de seguridad razonables<br \/>\npara prevenir la p\u00e9rdida, el uso indebido o la alteraci\u00f3n no autorizada<br \/>\nde tu informaci\u00f3n bajo nuestro<br \/>\ncontrol. Sin embargo, dados los riesgos inherentes, no podemos<br \/>\ngarantizar la seguridad absoluta y,<br \/>\nen consecuencia, no podemos asegurar ni garantizar la<br \/>\nseguridad de cualquier informaci\u00f3n que nos transmitas,<br \/>\ny lo haces bajo tu propio riesgo. <\/p>\n<\/li>\n<li>\n<h2 class=\"privacy-policy-h2\">Reclamaciones \/ Responsable de Protecci\u00f3n de Datos:<\/h2>\n<p class=\"privacy-policy-p\">Si tienes preguntas o inquietudes sobre<br \/>\nel tratamiento de tu informaci\u00f3n que est\u00e1 disponible<br \/>\ncon nosotros, puedes enviar un correo electr\u00f3nico a nuestro Responsable de Reclamaciones en<br \/>\nSTEEL TECH SRL,<br \/>\nVia Vecchia Molfetta, 14,<br \/>\ncorreo electr\u00f3nico: info@steeltechitalia.com.<br \/>\nAtenderemos tus inquietudes de conformidad con la ley aplicable.<\/p>\n<\/li>\n<\/ol>\n<p class=\"privacy-policy-p\">\n","protected":false},"excerpt":{"rendered":"<p>\u00daltima actualizaci\u00f3n el 03-Sep-2025 Fecha de entrada en vigor 03-Sep-2025 Esta Pol\u00edtica de Privacidad describe las pol\u00edticas de STEEL TECH SRL, Via Vecchia Molfetta, 14, Bari 70033, Italia, email: info@steeltechitalia.com, phone: +39 080 3591770 sobre la recopilaci\u00f3n, uso y divulgaci\u00f3n de tu informaci\u00f3n que recopilamos cuando utilizas nuestro sitio web (https:\/\/steeltechitalia.com). (el \u00abServicio\u00bb). Al acceder [&hellip;]<\/p>\n","protected":false},"author":1,"featured_media":0,"parent":0,"menu_order":0,"comment_status":"closed","ping_status":"closed","template":"","meta":{"_acf_changed":false,"slim_seo":{"title":"Pol\u00edtica de Privacidad - SteelTech srl","description":"\u00daltima actualizaci\u00f3n el 03-Sep-2025 Fecha de entrada en vigor 03-Sep-2025 Esta Pol\u00edtica de Privacidad describe las pol\u00edticas de STEEL TECH SRL, Via Vecchia Molf"},"footnotes":""},"class_list":["post-3451","page","type-page","status-publish","hentry"],"acf":[],"_links":{"self":[{"href":"https:\/\/steeltechitalia.com\/es\/wp-json\/wp\/v2\/pages\/3451","targetHints":{"allow":["GET"]}}],"collection":[{"href":"https:\/\/steeltechitalia.com\/es\/wp-json\/wp\/v2\/pages"}],"about":[{"href":"https:\/\/steeltechitalia.com\/es\/wp-json\/wp\/v2\/types\/page"}],"author":[{"embeddable":true,"href":"https:\/\/steeltechitalia.com\/es\/wp-json\/wp\/v2\/users\/1"}],"replies":[{"embeddable":true,"href":"https:\/\/steeltechitalia.com\/es\/wp-json\/wp\/v2\/comments?post=3451"}],"version-history":[{"count":0,"href":"https:\/\/steeltechitalia.com\/es\/wp-json\/wp\/v2\/pages\/3451\/revisions"}],"wp:attachment":[{"href":"https:\/\/steeltechitalia.com\/es\/wp-json\/wp\/v2\/media?parent=3451"}],"curies":[{"name":"wp","href":"https:\/\/api.w.org\/{rel}","templated":true}]}}