{"id":3452,"date":"2025-09-03T08:13:29","date_gmt":"2025-09-03T08:13:29","guid":{"rendered":"https:\/\/steeltechitalia.com\/politica-de-cookies\/"},"modified":"2025-09-03T08:13:29","modified_gmt":"2025-09-03T08:13:29","slug":"politica-de-cookies","status":"publish","type":"page","link":"https:\/\/steeltechitalia.com\/es\/politica-de-cookies\/","title":{"rendered":"Pol\u00edtica de cookies"},"content":{"rendered":"<p><!-- Start CookieYes cookie policy --><\/p>\n<style>\n  a.cky-banner-element {<br \/>    padding: 8px 30px;<br \/>    background: #f8f9fa;<br \/>    color: #858a8f;<br \/>    border: 1px solid #dee2e6;<br \/>    box-sizing: border-box;<br \/>    border-radius: 2px;<br \/>    cursor: pointer<br \/>  }<br \/><\/style>\n<div class=\"cookie-policy-date-container\">\n<p>Fecha de entrada en vigor: 03 de septiembre de 2025<br \/>\n\u00daltima actualizaci\u00f3n: 03 de septiembre de 2025<\/p>\n<\/div>\n<p>&nbsp;<\/p>\n<h2>\u00bfQu\u00e9 son las cookies?<\/h2>\n<div class=\"cookie-policy-p\">\n<p>La presente Pol\u00edtica de cookies explica qu\u00e9 son las cookies, c\u00f3mo las utilizamos, los tipos de cookies que usamos (es decir, la informaci\u00f3n que recopilamos mediante las cookies y c\u00f3mo se utiliza dicha informaci\u00f3n) y c\u00f3mo gestionar la configuraci\u00f3n de las cookies.<\/p>\n<p>Las cookies son peque\u00f1os archivos de texto utilizados para almacenar informaci\u00f3n. Se guardan en el dispositivo del usuario cuando un sitio web se carga en el navegador. Estas cookies ayudan a garantizar el correcto funcionamiento del sitio web, mejoran la seguridad, ofrecen una mejor experiencia de usuario y analizan el rendimiento para identificar qu\u00e9 funciona y d\u00f3nde se necesitan mejoras.  <\/p>\n<\/div>\n<p>&nbsp;<\/p>\n<h2>\u00bfC\u00f3mo utilizamos las cookies?<\/h2>\n<div class=\"cookie-policy-p\">\n<p>Como la mayor\u00eda de los servicios en l\u00ednea, nuestro sitio web utiliza cookies propias y de terceros para diversos fines. Las cookies propias son necesarias principalmente para el correcto funcionamiento del sitio web y no recopilan datos personales identificables. <\/p>\n<p>Las cookies de terceros utilizadas en nuestro sitio web nos ayudan principalmente a comprender el rendimiento del sitio, rastrear c\u00f3mo interact\u00faas con \u00e9l, garantizar la seguridad de nuestros servicios, ofrecer anuncios relevantes y mejorar tu experiencia general, optimizando al mismo tiempo la velocidad de tus futuras interacciones con nuestro sitio web.<\/p>\n<\/div>\n<p>&nbsp;<\/p>\n<h2>Tipos de cookies utilizadas<\/h2>\n<div class=\"cky-audit-table-element\"><\/div>\n<p>&nbsp;<\/p>\n<h2 style=\"margin-bottom: 20px;\">Gestionar las preferencias de cookies<\/h2>\n<p><a class=\"cky-banner-element\">Preferencias de consentimiento<\/a><\/p>\n<div>\n<p>Es posible modificar la configuraci\u00f3n de las cookies en cualquier momento haciendo clic en el bot\u00f3n \u00abPreferencias de consentimiento\u00bb en la parte superior. Esto permitir\u00e1 volver a mostrar el banner de consentimiento de cookies y actualizar tus preferencias o revocar tu consentimiento de forma inmediata. <\/p>\n<p>Adem\u00e1s, varios navegadores ofrecen diferentes m\u00e9todos para bloquear y eliminar las cookies utilizadas por los sitios web. Puedes modificar la configuraci\u00f3n del navegador para bloquear o eliminar las cookies. A continuaci\u00f3n, se incluyen enlaces a la documentaci\u00f3n de ayuda sobre c\u00f3mo gestionar y eliminar cookies en los principales navegadores web.  <\/p>\n<p>Chrome: <a href=\"https:\/\/support.google.com\/accounts\/answer\/32050\" target=\"_blank\" rel=\"noopener noreferrer\">https:\/\/support.google.com\/accounts\/answer\/32050<\/a><\/p>\n<p>Safari: <a href=\"https:\/\/support.apple.com\/en-in\/guide\/safari\/sfri11471\/mac\" target=\"_blank\" rel=\"noopener noreferrer\">https:\/\/support.apple.com\/en-in\/guide\/safari\/sfri11471\/mac<\/a><\/p>\n<p>Firefox: <a href=\"https:\/\/support.mozilla.org\/en-US\/kb\/clear-cookies-and-site-data-firefox?redirectslug=delete-cookies-remove-info-websites-stored&amp;redirectlocale=en-US\" target=\"_blank\" rel=\"noopener noreferrer\">https:\/\/support.mozilla.org\/en-US\/kb\/clear-cookies-and-site-data-firefox?redirectslug=delete-cookies-remove-info-websites-stored&amp;redirectlocale=en-US<\/a><\/p>\n<p>Internet Explorer: <a href=\"https:\/\/support.microsoft.com\/en-us\/topic\/how-to-delete-cookie-files-in-internet-explorer-bca9446f-d873-78de-77ba-d42645fa52fc\" target=\"_blank\" rel=\"noopener noreferrer\">https:\/\/support.microsoft.com\/en-us\/topic\/how-to-delete-cookie-files-in-internet-explorer-bca9446f-d873-78de-77ba-d42645fa52fc<\/a><\/p>\n<p>Si est\u00e1s utilizando un navegador web diferente, por favor consulta la documentaci\u00f3n oficial de asistencia.<\/p>\n<\/div>\n<p><!-- End CookieYes cookie policy --><\/p>\n","protected":false},"excerpt":{"rendered":"<p>Fecha de entrada en vigor: 03 de septiembre de 2025 \u00daltima actualizaci\u00f3n: 03 de septiembre de 2025 &nbsp; \u00bfQu\u00e9 son las cookies? La presente Pol\u00edtica de cookies explica qu\u00e9 son las cookies, c\u00f3mo las utilizamos, los tipos de cookies que usamos (es decir, la informaci\u00f3n que recopilamos mediante las cookies y c\u00f3mo se utiliza dicha [&hellip;]<\/p>\n","protected":false},"author":1,"featured_media":0,"parent":0,"menu_order":0,"comment_status":"closed","ping_status":"closed","template":"","meta":{"_acf_changed":false,"slim_seo":{"title":"Pol\u00edtica de cookies - SteelTech srl","description":"Fecha de entrada en vigor: 03 de septiembre de 2025 \u00daltima actualizaci\u00f3n: 03 de septiembre de 2025 &nbsp; \u00bfQu\u00e9 son las cookies? La presente Pol\u00edtica de cookies"},"footnotes":""},"class_list":["post-3452","page","type-page","status-publish","hentry"],"acf":[],"_links":{"self":[{"href":"https:\/\/steeltechitalia.com\/es\/wp-json\/wp\/v2\/pages\/3452","targetHints":{"allow":["GET"]}}],"collection":[{"href":"https:\/\/steeltechitalia.com\/es\/wp-json\/wp\/v2\/pages"}],"about":[{"href":"https:\/\/steeltechitalia.com\/es\/wp-json\/wp\/v2\/types\/page"}],"author":[{"embeddable":true,"href":"https:\/\/steeltechitalia.com\/es\/wp-json\/wp\/v2\/users\/1"}],"replies":[{"embeddable":true,"href":"https:\/\/steeltechitalia.com\/es\/wp-json\/wp\/v2\/comments?post=3452"}],"version-history":[{"count":0,"href":"https:\/\/steeltechitalia.com\/es\/wp-json\/wp\/v2\/pages\/3452\/revisions"}],"wp:attachment":[{"href":"https:\/\/steeltechitalia.com\/es\/wp-json\/wp\/v2\/media?parent=3452"}],"curies":[{"name":"wp","href":"https:\/\/api.w.org\/{rel}","templated":true}]}}