{"id":2817,"date":"2025-07-08T15:48:57","date_gmt":"2025-07-08T15:48:57","guid":{"rendered":"https:\/\/steeltechitalia.com\/thunder\/"},"modified":"2025-08-26T15:44:34","modified_gmt":"2025-08-26T15:44:34","slug":"thunder","status":"publish","type":"page","link":"https:\/\/steeltechitalia.com\/fr\/thunder\/","title":{"rendered":"THUNDER"},"content":{"rendered":"\t\t<div data-elementor-type=\"wp-page\" data-elementor-id=\"2817\" class=\"elementor elementor-2817 elementor-875\" data-elementor-post-type=\"page\">\n\t\t\t\t<div class=\"elementor-element elementor-element-57a4f01 e-flex e-con-boxed e-con e-parent\" data-id=\"57a4f01\" data-element_type=\"container\" data-settings=\"{&quot;background_background&quot;:&quot;classic&quot;,&quot;background_motion_fx_motion_fx_scrolling&quot;:&quot;yes&quot;,&quot;background_motion_fx_translateY_effect&quot;:&quot;yes&quot;,&quot;background_motion_fx_translateY_speed&quot;:{&quot;unit&quot;:&quot;px&quot;,&quot;size&quot;:6.9,&quot;sizes&quot;:[]},&quot;background_motion_fx_translateY_affectedRange&quot;:{&quot;unit&quot;:&quot;%&quot;,&quot;size&quot;:&quot;&quot;,&quot;sizes&quot;:{&quot;start&quot;:0,&quot;end&quot;:100}},&quot;background_motion_fx_devices&quot;:[&quot;desktop&quot;,&quot;tablet&quot;,&quot;mobile&quot;]}\">\n\t\t\t\t\t<div class=\"e-con-inner\">\n\t\t\t\t<div class=\"elementor-element elementor-element-bd15889 elementor-widget elementor-widget-heading\" data-id=\"bd15889\" data-element_type=\"widget\" data-widget_type=\"heading.default\">\n\t\t\t\t<div class=\"elementor-widget-container\">\n\t\t\t\t\t<p class=\"elementor-heading-title elementor-size-default\">RECHERCHE ET D\u00c9VELOPPEMENT<\/p>\t\t\t\t<\/div>\n\t\t\t\t<\/div>\n\t\t\t\t<div class=\"elementor-element elementor-element-3a1c3fa elementor-widget__width-initial elementor-widget elementor-widget-heading\" data-id=\"3a1c3fa\" data-element_type=\"widget\" data-widget_type=\"heading.default\">\n\t\t\t\t<div class=\"elementor-widget-container\">\n\t\t\t\t\t<h1 class=\"elementor-heading-title elementor-size-default\">THUNDER<\/h1>\t\t\t\t<\/div>\n\t\t\t\t<\/div>\n\t\t\t\t<div class=\"elementor-element elementor-element-eba62ad elementor-widget__width-initial elementor-widget elementor-widget-heading\" data-id=\"eba62ad\" data-element_type=\"widget\" data-widget_type=\"heading.default\">\n\t\t\t\t<div class=\"elementor-widget-container\">\n\t\t\t\t\t<p class=\"elementor-heading-title elementor-size-default\">C\u2019est le projet europ\u00e9en de R&amp;D sur lequel nous travaillons avec d\u2019autres partenaires italiens et \u00e9trangers importants, visant \u00e0 r\u00e9cup\u00e9rer la chaleur r\u00e9siduelle des grands centres de donn\u00e9es.<\/p>\t\t\t\t<\/div>\n\t\t\t\t<\/div>\n\t\t\t\t\t<\/div>\n\t\t\t\t<\/div>\n\t\t<div class=\"elementor-element elementor-element-17e13e5 e-flex e-con-boxed e-con e-parent\" data-id=\"17e13e5\" data-element_type=\"container\" data-settings=\"{&quot;background_background&quot;:&quot;classic&quot;}\">\n\t\t\t\t\t<div class=\"e-con-inner\">\n\t\t<div class=\"elementor-element elementor-element-dda39d9 e-con-full e-flex e-con e-child\" data-id=\"dda39d9\" data-element_type=\"container\">\n\t\t\t\t<div class=\"elementor-element elementor-element-d7c60e3 elementor-widget elementor-widget-image\" data-id=\"d7c60e3\" data-element_type=\"widget\" data-widget_type=\"image.default\">\n\t\t\t\t<div class=\"elementor-widget-container\">\n\t\t\t\t\t\t\t\t\t\t\t\t\t\t\t<img fetchpriority=\"high\" decoding=\"async\" width=\"400\" height=\"150\" src=\"https:\/\/steeltechitalia.com\/wp-content\/uploads\/2025\/07\/logo-thunder-400x150-1.jpg\" class=\"attachment-large size-large wp-image-2230\" alt=\"Logo thunder 400x150\" srcset=\"https:\/\/steeltechitalia.com\/wp-content\/uploads\/2025\/07\/logo-thunder-400x150-1.jpg 400w, https:\/\/steeltechitalia.com\/wp-content\/uploads\/2025\/07\/logo-thunder-400x150-1-300x113.jpg 300w\" sizes=\"(max-width: 400px) 100vw, 400px\" \/>\t\t\t\t\t\t\t\t\t\t\t\t\t\t\t<\/div>\n\t\t\t\t<\/div>\n\t\t\t\t<\/div>\n\t\t<div class=\"elementor-element elementor-element-50c6b0b e-con-full e-flex e-con e-child\" data-id=\"50c6b0b\" data-element_type=\"container\">\n\t\t\t\t<div class=\"elementor-element elementor-element-3bcb037 elementor-widget elementor-widget-heading\" data-id=\"3bcb037\" data-element_type=\"widget\" data-widget_type=\"heading.default\">\n\t\t\t\t<div class=\"elementor-widget-container\">\n\t\t\t\t\t<p class=\"elementor-heading-title elementor-size-default\">NOTRE ENGAGEMENT<\/p>\t\t\t\t<\/div>\n\t\t\t\t<\/div>\n\t\t\t\t<div class=\"elementor-element elementor-element-dd36af6 elementor-widget__width-initial elementor-widget elementor-widget-heading\" data-id=\"dd36af6\" data-element_type=\"widget\" data-widget_type=\"heading.default\">\n\t\t\t\t<div class=\"elementor-widget-container\">\n\t\t\t\t\t<h2 class=\"elementor-heading-title elementor-size-default\">R\u00e9cup\u00e9ration et stockage de la chaleur r\u00e9siduelle des centres de donn\u00e9es<\/h2>\t\t\t\t<\/div>\n\t\t\t\t<\/div>\n\t\t\t\t<div class=\"elementor-element elementor-element-93ee8ae elementor-widget-divider--view-line elementor-widget elementor-widget-divider\" data-id=\"93ee8ae\" data-element_type=\"widget\" data-widget_type=\"divider.default\">\n\t\t\t\t<div class=\"elementor-widget-container\">\n\t\t\t\t\t\t\t<div class=\"elementor-divider\">\n\t\t\t<span class=\"elementor-divider-separator\">\n\t\t\t\t\t\t<\/span>\n\t\t<\/div>\n\t\t\t\t\t\t<\/div>\n\t\t\t\t<\/div>\n\t\t\t\t<div class=\"elementor-element elementor-element-1d115ca elementor-widget__width-initial elementor-widget elementor-widget-text-editor\" data-id=\"1d115ca\" data-element_type=\"widget\" data-widget_type=\"text-editor.default\">\n\t\t\t\t<div class=\"elementor-widget-container\">\n\t\t\t\t\t\t\t\t\t<p>Thunder est un projet cofinanc\u00e9 par la Commission europ\u00e9enne dans le cadre du programme de recherche et d\u2019innovation Horizon Europe.<\/p><p>L\u2019objectif est de d\u00e9velopper un syst\u00e8me permettant d\u2019accumuler la chaleur r\u00e9siduelle d\u2019un grand centre de donn\u00e9es situ\u00e9 \u00e0 Varna, en Bulgarie, durant l\u2019\u00e9t\u00e9, puis de la restituer en hiver pour une utilisation dans le contexte urbain environnant.<\/p>\t\t\t\t\t\t\t\t<\/div>\n\t\t\t\t<\/div>\n\t\t\t\t<div class=\"elementor-element elementor-element-f4c250d elementor-align-center elementor-widget elementor-widget-button\" data-id=\"f4c250d\" data-element_type=\"widget\" data-widget_type=\"button.default\">\n\t\t\t\t<div class=\"elementor-widget-container\">\n\t\t\t\t\t\t\t\t\t<div class=\"elementor-button-wrapper\">\n\t\t\t\t\t<a class=\"elementor-button elementor-button-link elementor-size-sm\" href=\"https:\/\/www.thunderproject.eu\/\" target=\"_blank\">\n\t\t\t\t\t\t<span class=\"elementor-button-content-wrapper\">\n\t\t\t\t\t\t\t\t\t<span class=\"elementor-button-text\">Visitez le site du projet<\/span>\n\t\t\t\t\t<\/span>\n\t\t\t\t\t<\/a>\n\t\t\t\t<\/div>\n\t\t\t\t\t\t\t\t<\/div>\n\t\t\t\t<\/div>\n\t\t<div class=\"elementor-element elementor-element-96af7c3 e-con-full e-flex e-con e-child\" data-id=\"96af7c3\" data-element_type=\"container\">\n\t\t<div class=\"elementor-element elementor-element-41abab2 e-con-full e-flex e-con e-child\" data-id=\"41abab2\" data-element_type=\"container\">\n\t\t\t\t<div class=\"elementor-element elementor-element-1365494 elementor-widget elementor-widget-image\" data-id=\"1365494\" data-element_type=\"widget\" data-widget_type=\"image.default\">\n\t\t\t\t<div class=\"elementor-widget-container\">\n\t\t\t\t\t\t\t\t\t\t\t\t\t\t\t<img decoding=\"async\" width=\"400\" height=\"109\" src=\"https:\/\/steeltechitalia.com\/wp-content\/uploads\/2025\/07\/Co-Funded-By-the-EU-400x109-1.png\" class=\"attachment-large size-large wp-image-2410\" alt=\"Co Funded By the EU 400x109\" srcset=\"https:\/\/steeltechitalia.com\/wp-content\/uploads\/2025\/07\/Co-Funded-By-the-EU-400x109-1.png 400w, https:\/\/steeltechitalia.com\/wp-content\/uploads\/2025\/07\/Co-Funded-By-the-EU-400x109-1-300x82.png 300w\" sizes=\"(max-width: 400px) 100vw, 400px\" \/>\t\t\t\t\t\t\t\t\t\t\t\t\t\t\t<\/div>\n\t\t\t\t<\/div>\n\t\t\t\t<\/div>\n\t\t\t\t<\/div>\n\t\t\t\t<\/div>\n\t\t\t\t\t<\/div>\n\t\t\t\t<\/div>\n\t\t<div class=\"elementor-element elementor-element-a052e41 e-con-full e-flex e-con e-parent\" data-id=\"a052e41\" data-element_type=\"container\">\n\t\t<div class=\"elementor-element elementor-element-fd8522e e-con-full e-flex e-con e-child\" data-id=\"fd8522e\" data-element_type=\"container\" data-settings=\"{&quot;background_background&quot;:&quot;classic&quot;}\">\n\t\t<div class=\"elementor-element elementor-element-dfae590 e-con-full e-flex e-con e-child\" data-id=\"dfae590\" data-element_type=\"container\">\n\t\t\t\t<div class=\"elementor-element elementor-element-5c6d90f elementor-widget elementor-widget-heading\" data-id=\"5c6d90f\" data-element_type=\"widget\" data-widget_type=\"heading.default\">\n\t\t\t\t<div class=\"elementor-widget-container\">\n\t\t\t\t\t<h3 class=\"elementor-heading-title elementor-size-default\">DATA CENTER<\/h3>\t\t\t\t<\/div>\n\t\t\t\t<\/div>\n\t\t\t\t<div class=\"elementor-element elementor-element-d6d9b2a elementor-widget-divider--view-line elementor-widget elementor-widget-divider\" data-id=\"d6d9b2a\" data-element_type=\"widget\" data-widget_type=\"divider.default\">\n\t\t\t\t<div class=\"elementor-widget-container\">\n\t\t\t\t\t\t\t<div class=\"elementor-divider\">\n\t\t\t<span class=\"elementor-divider-separator\">\n\t\t\t\t\t\t<\/span>\n\t\t<\/div>\n\t\t\t\t\t\t<\/div>\n\t\t\t\t<\/div>\n\t\t\t\t<div class=\"elementor-element elementor-element-54875fb elementor-widget elementor-widget-text-editor\" data-id=\"54875fb\" data-element_type=\"widget\" data-widget_type=\"text-editor.default\">\n\t\t\t\t<div class=\"elementor-widget-container\">\n\t\t\t\t\t\t\t\t\t<p>On estime que les centres de donn\u00e9es mondiaux repr\u00e9sentent environ 2 % de la consommation d\u2019\u00e9lectricit\u00e9 et qu\u2019en 2030, ce chiffre atteindra 3,2 % de la demande totale d\u2019\u00e9lectricit\u00e9, principalement utilis\u00e9e pour les syst\u00e8mes de refroidissement, indispensables \u00e0 leur bon fonctionnement compte tenu de la grande quantit\u00e9 de chaleur r\u00e9siduelle produite, actuellement dissip\u00e9e alors qu\u2019elle constitue en r\u00e9alit\u00e9 une ressource tr\u00e8s importante.<\/p>\t\t\t\t\t\t\t\t<\/div>\n\t\t\t\t<\/div>\n\t\t\t\t<\/div>\n\t\t\t\t<\/div>\n\t\t<div class=\"elementor-element elementor-element-fbd54ef e-con-full e-flex e-con e-child\" data-id=\"fbd54ef\" data-element_type=\"container\" data-settings=\"{&quot;background_background&quot;:&quot;classic&quot;}\">\n\t\t\t\t<\/div>\n\t\t\t\t<\/div>\n\t\t<div class=\"elementor-element elementor-element-29cdede e-flex e-con-boxed e-con e-parent\" data-id=\"29cdede\" data-element_type=\"container\" data-settings=\"{&quot;background_background&quot;:&quot;classic&quot;}\">\n\t\t\t\t\t<div class=\"e-con-inner\">\n\t\t<div class=\"elementor-element elementor-element-203b68f e-con-full e-flex e-con e-child\" data-id=\"203b68f\" data-element_type=\"container\">\n\t\t\t\t<div class=\"elementor-element elementor-element-ab686b4 elementor-widget elementor-widget-heading\" data-id=\"ab686b4\" data-element_type=\"widget\" data-widget_type=\"heading.default\">\n\t\t\t\t<div class=\"elementor-widget-container\">\n\t\t\t\t\t<h3 class=\"elementor-heading-title elementor-size-default\">NOTRE SYST\u00c8ME<\/h3>\t\t\t\t<\/div>\n\t\t\t\t<\/div>\n\t\t\t\t<div class=\"elementor-element elementor-element-ab80184 elementor-widget-divider--view-line elementor-widget elementor-widget-divider\" data-id=\"ab80184\" data-element_type=\"widget\" data-widget_type=\"divider.default\">\n\t\t\t\t<div class=\"elementor-widget-container\">\n\t\t\t\t\t\t\t<div class=\"elementor-divider\">\n\t\t\t<span class=\"elementor-divider-separator\">\n\t\t\t\t\t\t<\/span>\n\t\t<\/div>\n\t\t\t\t\t\t<\/div>\n\t\t\t\t<\/div>\n\t\t\t\t<div class=\"elementor-element elementor-element-0f74521 elementor-widget elementor-widget-text-editor\" data-id=\"0f74521\" data-element_type=\"widget\" data-widget_type=\"text-editor.default\">\n\t\t\t\t<div class=\"elementor-widget-container\">\n\t\t\t\t\t\t\t\t\t<div class=\"fusion-text fusion-text-15\"><div class=\"fusion-text fusion-text-17\"><p>Le stockage thermique saisonnier est un syst\u00e8me de stockage avanc\u00e9 bas\u00e9 sur des mat\u00e9riaux thermochimiques (TCM) s\u00e9lectionn\u00e9s pour accro\u00eetre la capacit\u00e9 de stockage gr\u00e2ce \u00e0 des processus de transfert de chaleur avec des pertes thermiques proches de z\u00e9ro. Il repose sur une technologie de stockage innovante fond\u00e9e sur des r\u00e9actions chimiques et des processus d\u2019absorption, offrant une solution de stockage efficace et compacte capable d\u2019exploiter les flux thermiques r\u00e9siduels et de basse qualit\u00e9 provenant des centres de donn\u00e9es. <\/p><\/div><\/div>\t\t\t\t\t\t\t\t<\/div>\n\t\t\t\t<\/div>\n\t\t\t\t<div class=\"elementor-element elementor-element-e698248 elementor-widget elementor-widget-heading\" data-id=\"e698248\" data-element_type=\"widget\" data-widget_type=\"heading.default\">\n\t\t\t\t<div class=\"elementor-widget-container\">\n\t\t\t\t\t<h3 class=\"elementor-heading-title elementor-size-default\">AVANTAGES<\/h3>\t\t\t\t<\/div>\n\t\t\t\t<\/div>\n\t\t\t\t<div class=\"elementor-element elementor-element-f0178e3 elementor-widget-divider--view-line elementor-widget elementor-widget-divider\" data-id=\"f0178e3\" data-element_type=\"widget\" data-widget_type=\"divider.default\">\n\t\t\t\t<div class=\"elementor-widget-container\">\n\t\t\t\t\t\t\t<div class=\"elementor-divider\">\n\t\t\t<span class=\"elementor-divider-separator\">\n\t\t\t\t\t\t<\/span>\n\t\t<\/div>\n\t\t\t\t\t\t<\/div>\n\t\t\t\t<\/div>\n\t\t\t\t<div class=\"elementor-element elementor-element-ee9293f elementor-widget elementor-widget-text-editor\" data-id=\"ee9293f\" data-element_type=\"widget\" data-widget_type=\"text-editor.default\">\n\t\t\t\t<div class=\"elementor-widget-container\">\n\t\t\t\t\t\t\t\t\t<div class=\"fusion-text fusion-text-15\"><div class=\"fusion-text fusion-text-17\"><p>Le stockage thermique saisonnier a pour objectif d\u2019accumuler la chaleur sur une longue p\u00e9riode (jusqu\u2019\u00e0 6 mois) avec une perte d\u2019\u00e9nergie minimale. Ce stockage thermique saisonnier permettra enfin de valoriser la grande quantit\u00e9 de chaleur r\u00e9siduelle produite par les centres de donn\u00e9es, en la rendant disponible lorsque le besoin est le plus important, comme durant les mois d\u2019hiver, r\u00e9duisant ainsi les \u00e9missions, les co\u00fbts de chauffage et l\u2019utilisation des sources d\u2019\u00e9nergie fossiles. La chaleur r\u00e9siduelle pourrait \u00eatre utilis\u00e9e pour couvrir les besoins de chauffage d\u2019environ 2,5 % du parc immobilier europ\u00e9en.  <\/p><\/div><\/div>\t\t\t\t\t\t\t\t<\/div>\n\t\t\t\t<\/div>\n\t\t\t\t<div class=\"elementor-element elementor-element-0d5e502 elementor-align-justify elementor-widget elementor-widget-button\" data-id=\"0d5e502\" data-element_type=\"widget\" data-widget_type=\"button.default\">\n\t\t\t\t<div class=\"elementor-widget-container\">\n\t\t\t\t\t\t\t\t\t<div class=\"elementor-button-wrapper\">\n\t\t\t\t\t<a class=\"elementor-button elementor-button-link elementor-size-sm\" href=\"https:\/\/steeltechitalia.com\/fr\/contactez-nous\/\">\n\t\t\t\t\t\t<span class=\"elementor-button-content-wrapper\">\n\t\t\t\t\t\t\t\t\t<span class=\"elementor-button-text\">CONTACTEZ-NOUS MAINTENANT<\/span>\n\t\t\t\t\t<\/span>\n\t\t\t\t\t<\/a>\n\t\t\t\t<\/div>\n\t\t\t\t\t\t\t\t<\/div>\n\t\t\t\t<\/div>\n\t\t\t\t<\/div>\n\t\t<div class=\"elementor-element elementor-element-220d13b e-con-full e-flex e-con e-child\" data-id=\"220d13b\" data-element_type=\"container\">\n\t\t\t\t<div class=\"elementor-element elementor-element-a05a078 elementor-widget elementor-widget-image\" data-id=\"a05a078\" data-element_type=\"widget\" data-widget_type=\"image.default\">\n\t\t\t\t<div class=\"elementor-widget-container\">\n\t\t\t\t\t\t\t\t\t\t\t\t\t\t\t<img decoding=\"async\" width=\"800\" height=\"534\" src=\"https:\/\/steeltechitalia.com\/wp-content\/uploads\/2025\/07\/st-3412-1024x683.jpg\" class=\"attachment-large size-large wp-image-2425\" alt=\"St\" srcset=\"https:\/\/steeltechitalia.com\/wp-content\/uploads\/2025\/07\/st-3412-1024x683.jpg 1024w, https:\/\/steeltechitalia.com\/wp-content\/uploads\/2025\/07\/st-3412-300x200.jpg 300w, https:\/\/steeltechitalia.com\/wp-content\/uploads\/2025\/07\/st-3412-768x512.jpg 768w, https:\/\/steeltechitalia.com\/wp-content\/uploads\/2025\/07\/st-3412-1536x1024.jpg 1536w, https:\/\/steeltechitalia.com\/wp-content\/uploads\/2025\/07\/st-3412.jpg 1920w\" sizes=\"(max-width: 800px) 100vw, 800px\" \/>\t\t\t\t\t\t\t\t\t\t\t\t\t\t\t<\/div>\n\t\t\t\t<\/div>\n\t\t\t\t<\/div>\n\t\t\t\t\t<\/div>\n\t\t\t\t<\/div>\n\t\t\t\t<\/div>\n\t\t","protected":false},"excerpt":{"rendered":"<p>RECHERCHE ET D\u00c9VELOPPEMENT THUNDER C\u2019est le projet europ\u00e9en de R&amp;D sur lequel nous travaillons avec d\u2019autres partenaires italiens et \u00e9trangers importants, visant \u00e0 r\u00e9cup\u00e9rer la chaleur r\u00e9siduelle des grands centres de donn\u00e9es. NOTRE ENGAGEMENT R\u00e9cup\u00e9ration et stockage de la chaleur r\u00e9siduelle des centres de donn\u00e9es Thunder est un projet cofinanc\u00e9 par la Commission europ\u00e9enne dans [&hellip;]<\/p>\n","protected":false},"author":1,"featured_media":0,"parent":0,"menu_order":0,"comment_status":"closed","ping_status":"closed","template":"","meta":{"_acf_changed":false,"slim_seo":{"title":"THUNDER - SteelTech srl","description":"RECHERCHE ET D\u00c9VELOPPEMENT THUNDER C\u2019est le projet europ\u00e9en de R&amp;D sur lequel nous travaillons avec d\u2019autres partenaires italiens et \u00e9trangers importants, v"},"footnotes":""},"class_list":["post-2817","page","type-page","status-publish","hentry"],"acf":[],"_links":{"self":[{"href":"https:\/\/steeltechitalia.com\/fr\/wp-json\/wp\/v2\/pages\/2817","targetHints":{"allow":["GET"]}}],"collection":[{"href":"https:\/\/steeltechitalia.com\/fr\/wp-json\/wp\/v2\/pages"}],"about":[{"href":"https:\/\/steeltechitalia.com\/fr\/wp-json\/wp\/v2\/types\/page"}],"author":[{"embeddable":true,"href":"https:\/\/steeltechitalia.com\/fr\/wp-json\/wp\/v2\/users\/1"}],"replies":[{"embeddable":true,"href":"https:\/\/steeltechitalia.com\/fr\/wp-json\/wp\/v2\/comments?post=2817"}],"version-history":[{"count":1,"href":"https:\/\/steeltechitalia.com\/fr\/wp-json\/wp\/v2\/pages\/2817\/revisions"}],"predecessor-version":[{"id":2818,"href":"https:\/\/steeltechitalia.com\/fr\/wp-json\/wp\/v2\/pages\/2817\/revisions\/2818"}],"wp:attachment":[{"href":"https:\/\/steeltechitalia.com\/fr\/wp-json\/wp\/v2\/media?parent=2817"}],"curies":[{"name":"wp","href":"https:\/\/api.w.org\/{rel}","templated":true}]}}