{"id":2829,"date":"2025-07-08T15:36:46","date_gmt":"2025-07-08T15:36:46","guid":{"rendered":"https:\/\/steeltechitalia.com\/rehouse\/"},"modified":"2025-08-26T15:43:46","modified_gmt":"2025-08-26T15:43:46","slug":"rehouse","status":"publish","type":"page","link":"https:\/\/steeltechitalia.com\/fr\/rehouse\/","title":{"rendered":"Rehouse"},"content":{"rendered":"\t\t<div data-elementor-type=\"wp-page\" data-elementor-id=\"2829\" class=\"elementor elementor-2829 elementor-861\" data-elementor-post-type=\"page\">\n\t\t\t\t<div class=\"elementor-element elementor-element-abfb743 e-flex e-con-boxed e-con e-parent\" data-id=\"abfb743\" data-element_type=\"container\" data-settings=\"{&quot;background_background&quot;:&quot;classic&quot;,&quot;background_motion_fx_motion_fx_scrolling&quot;:&quot;yes&quot;,&quot;background_motion_fx_translateY_effect&quot;:&quot;yes&quot;,&quot;background_motion_fx_translateY_speed&quot;:{&quot;unit&quot;:&quot;px&quot;,&quot;size&quot;:6.9,&quot;sizes&quot;:[]},&quot;background_motion_fx_translateY_affectedRange&quot;:{&quot;unit&quot;:&quot;%&quot;,&quot;size&quot;:&quot;&quot;,&quot;sizes&quot;:{&quot;start&quot;:0,&quot;end&quot;:100}},&quot;background_motion_fx_devices&quot;:[&quot;desktop&quot;,&quot;tablet&quot;,&quot;mobile&quot;]}\">\n\t\t\t\t\t<div class=\"e-con-inner\">\n\t\t\t\t<div class=\"elementor-element elementor-element-fae16db elementor-widget elementor-widget-heading\" data-id=\"fae16db\" data-element_type=\"widget\" data-widget_type=\"heading.default\">\n\t\t\t\t<div class=\"elementor-widget-container\">\n\t\t\t\t\t<p class=\"elementor-heading-title elementor-size-default\">RECHERCHE ET D\u00c9VELOPPEMENT<\/p>\t\t\t\t<\/div>\n\t\t\t\t<\/div>\n\t\t\t\t<div class=\"elementor-element elementor-element-d1e73d0 elementor-widget__width-initial elementor-widget elementor-widget-heading\" data-id=\"d1e73d0\" data-element_type=\"widget\" data-widget_type=\"heading.default\">\n\t\t\t\t<div class=\"elementor-widget-container\">\n\t\t\t\t\t<h1 class=\"elementor-heading-title elementor-size-default\">REHOUSE<\/h1>\t\t\t\t<\/div>\n\t\t\t\t<\/div>\n\t\t\t\t<div class=\"elementor-element elementor-element-e0ce439 elementor-widget__width-initial elementor-widget elementor-widget-heading\" data-id=\"e0ce439\" data-element_type=\"widget\" data-widget_type=\"heading.default\">\n\t\t\t\t<div class=\"elementor-widget-container\">\n\t\t\t\t\t<p class=\"elementor-heading-title elementor-size-default\">Le projet europ\u00e9en de R&amp;D sur lequel nous travaillons avec d\u2019autres partenaires italiens et \u00e9trangers importants, visant \u00e0 la r\u00e9novation \u00e9nerg\u00e9tique dans le secteur du b\u00e2timent.<\/p>\t\t\t\t<\/div>\n\t\t\t\t<\/div>\n\t\t\t\t\t<\/div>\n\t\t\t\t<\/div>\n\t\t<div class=\"elementor-element elementor-element-16da30f e-flex e-con-boxed e-con e-parent\" data-id=\"16da30f\" data-element_type=\"container\" data-settings=\"{&quot;background_background&quot;:&quot;classic&quot;}\">\n\t\t\t\t\t<div class=\"e-con-inner\">\n\t\t<div class=\"elementor-element elementor-element-e80d9f2 e-con-full e-flex e-con e-child\" data-id=\"e80d9f2\" data-element_type=\"container\">\n\t\t\t\t<div class=\"elementor-element elementor-element-df24ee4 elementor-widget elementor-widget-image\" data-id=\"df24ee4\" data-element_type=\"widget\" data-widget_type=\"image.default\">\n\t\t\t\t<div class=\"elementor-widget-container\">\n\t\t\t\t\t\t\t\t\t\t\t\t\t\t\t<img fetchpriority=\"high\" decoding=\"async\" width=\"400\" height=\"200\" src=\"https:\/\/steeltechitalia.com\/wp-content\/uploads\/2025\/07\/REDHOUSE-800X400-400x200-1.png\" class=\"attachment-large size-large wp-image-2233\" alt=\"REDHOUSE 800X400 400x200\" srcset=\"https:\/\/steeltechitalia.com\/wp-content\/uploads\/2025\/07\/REDHOUSE-800X400-400x200-1.png 400w, https:\/\/steeltechitalia.com\/wp-content\/uploads\/2025\/07\/REDHOUSE-800X400-400x200-1-300x150.png 300w\" sizes=\"(max-width: 400px) 100vw, 400px\" \/>\t\t\t\t\t\t\t\t\t\t\t\t\t\t\t<\/div>\n\t\t\t\t<\/div>\n\t\t\t\t<\/div>\n\t\t<div class=\"elementor-element elementor-element-cb0a49f e-con-full e-flex e-con e-child\" data-id=\"cb0a49f\" data-element_type=\"container\">\n\t\t\t\t<div class=\"elementor-element elementor-element-79815ed elementor-widget elementor-widget-heading\" data-id=\"79815ed\" data-element_type=\"widget\" data-widget_type=\"heading.default\">\n\t\t\t\t<div class=\"elementor-widget-container\">\n\t\t\t\t\t<p class=\"elementor-heading-title elementor-size-default\">NOTRE ENGAGEMENT<\/p>\t\t\t\t<\/div>\n\t\t\t\t<\/div>\n\t\t\t\t<div class=\"elementor-element elementor-element-40bf2be elementor-widget__width-initial elementor-widget elementor-widget-heading\" data-id=\"40bf2be\" data-element_type=\"widget\" data-widget_type=\"heading.default\">\n\t\t\t\t<div class=\"elementor-widget-container\">\n\t\t\t\t\t<h2 class=\"elementor-heading-title elementor-size-default\">Un syst\u00e8me innovant de stockage thermique durable et \u00e9conomique.<\/h2>\t\t\t\t<\/div>\n\t\t\t\t<\/div>\n\t\t\t\t<div class=\"elementor-element elementor-element-3607f61 elementor-widget-divider--view-line elementor-widget elementor-widget-divider\" data-id=\"3607f61\" data-element_type=\"widget\" data-widget_type=\"divider.default\">\n\t\t\t\t<div class=\"elementor-widget-container\">\n\t\t\t\t\t\t\t<div class=\"elementor-divider\">\n\t\t\t<span class=\"elementor-divider-separator\">\n\t\t\t\t\t\t<\/span>\n\t\t<\/div>\n\t\t\t\t\t\t<\/div>\n\t\t\t\t<\/div>\n\t\t\t\t<div class=\"elementor-element elementor-element-26f448a elementor-widget__width-initial elementor-widget elementor-widget-text-editor\" data-id=\"26f448a\" data-element_type=\"widget\" data-widget_type=\"text-editor.default\">\n\t\t\t\t<div class=\"elementor-widget-container\">\n\t\t\t\t\t\t\t\t\t<p>Rehouse est un projet cofinanc\u00e9 par la Commission europ\u00e9enne dans le cadre du programme Horizon Europe de recherche et d\u2019innovation. Son objectif est d\u2019am\u00e9liorer l\u2019efficacit\u00e9 des activit\u00e9s de r\u00e9novation et de r\u00e9habilitation \u00e9nerg\u00e9tique des b\u00e2timents gr\u00e2ce au d\u00e9veloppement de solutions innovantes qui, mises en \u0153uvre \u00e0 grande \u00e9chelle, peuvent contribuer \u00e0 acc\u00e9l\u00e9rer le rythme actuel des r\u00e9novations. En particulier, le projet Rehouse pr\u00e9voit la r\u00e9novation \u00e9nerg\u00e9tique de 4 b\u00e2timents r\u00e9sidentiels en Gr\u00e8ce, en Hongrie, en France et en Italie. Steel Tech d\u00e9veloppe son syst\u00e8me pour le site de d\u00e9monstration italien, qui concerne la r\u00e9novation \u00e9nerg\u00e9tique d\u2019un immeuble de logements sociaux de 4 \u00e9tages et 8 appartements, pour un total de 880 m\u00b2, situ\u00e9 \u00e0 Margherita di Savoia. <\/p>\t\t\t\t\t\t\t\t<\/div>\n\t\t\t\t<\/div>\n\t\t\t\t<div class=\"elementor-element elementor-element-657ec3c elementor-align-center elementor-widget elementor-widget-button\" data-id=\"657ec3c\" data-element_type=\"widget\" data-widget_type=\"button.default\">\n\t\t\t\t<div class=\"elementor-widget-container\">\n\t\t\t\t\t\t\t\t\t<div class=\"elementor-button-wrapper\">\n\t\t\t\t\t<a class=\"elementor-button elementor-button-link elementor-size-sm\" href=\"https:\/\/rehouse-project.eu\/\" target=\"_blank\">\n\t\t\t\t\t\t<span class=\"elementor-button-content-wrapper\">\n\t\t\t\t\t\t\t\t\t<span class=\"elementor-button-text\">Visitez le site du projet<\/span>\n\t\t\t\t\t<\/span>\n\t\t\t\t\t<\/a>\n\t\t\t\t<\/div>\n\t\t\t\t\t\t\t\t<\/div>\n\t\t\t\t<\/div>\n\t\t<div class=\"elementor-element elementor-element-fea97dd e-con-full e-flex e-con e-child\" data-id=\"fea97dd\" data-element_type=\"container\">\n\t\t<div class=\"elementor-element elementor-element-4991c3b e-con-full e-flex e-con e-child\" data-id=\"4991c3b\" data-element_type=\"container\">\n\t\t\t\t<div class=\"elementor-element elementor-element-7704c68 elementor-widget elementor-widget-image\" data-id=\"7704c68\" data-element_type=\"widget\" data-widget_type=\"image.default\">\n\t\t\t\t<div class=\"elementor-widget-container\">\n\t\t\t\t\t\t\t\t\t\t\t\t\t\t\t<img decoding=\"async\" width=\"400\" height=\"109\" src=\"https:\/\/steeltechitalia.com\/wp-content\/uploads\/2025\/07\/Co-Funded-By-the-EU-400x109-1.png\" class=\"attachment-large size-large wp-image-2410\" alt=\"Co Funded By the EU 400x109\" srcset=\"https:\/\/steeltechitalia.com\/wp-content\/uploads\/2025\/07\/Co-Funded-By-the-EU-400x109-1.png 400w, https:\/\/steeltechitalia.com\/wp-content\/uploads\/2025\/07\/Co-Funded-By-the-EU-400x109-1-300x82.png 300w\" sizes=\"(max-width: 400px) 100vw, 400px\" \/>\t\t\t\t\t\t\t\t\t\t\t\t\t\t\t<\/div>\n\t\t\t\t<\/div>\n\t\t\t\t<\/div>\n\t\t\t\t<\/div>\n\t\t\t\t<\/div>\n\t\t\t\t\t<\/div>\n\t\t\t\t<\/div>\n\t\t<div class=\"elementor-element elementor-element-2f7d6c7 e-con-full e-flex e-con e-parent\" data-id=\"2f7d6c7\" data-element_type=\"container\">\n\t\t<div class=\"elementor-element elementor-element-16d5ad2 e-con-full e-flex e-con e-child\" data-id=\"16d5ad2\" data-element_type=\"container\" data-settings=\"{&quot;background_background&quot;:&quot;classic&quot;}\">\n\t\t<div class=\"elementor-element elementor-element-ea0ce9a e-con-full e-flex e-con e-child\" data-id=\"ea0ce9a\" data-element_type=\"container\">\n\t\t\t\t<div class=\"elementor-element elementor-element-55e5455 elementor-widget elementor-widget-heading\" data-id=\"55e5455\" data-element_type=\"widget\" data-widget_type=\"heading.default\">\n\t\t\t\t<div class=\"elementor-widget-container\">\n\t\t\t\t\t<h3 class=\"elementor-heading-title elementor-size-default\">IMMOBILIER EN EUROPE<\/h3>\t\t\t\t<\/div>\n\t\t\t\t<\/div>\n\t\t\t\t<div class=\"elementor-element elementor-element-2769553 elementor-widget-divider--view-line elementor-widget elementor-widget-divider\" data-id=\"2769553\" data-element_type=\"widget\" data-widget_type=\"divider.default\">\n\t\t\t\t<div class=\"elementor-widget-container\">\n\t\t\t\t\t\t\t<div class=\"elementor-divider\">\n\t\t\t<span class=\"elementor-divider-separator\">\n\t\t\t\t\t\t<\/span>\n\t\t<\/div>\n\t\t\t\t\t\t<\/div>\n\t\t\t\t<\/div>\n\t\t\t\t<div class=\"elementor-element elementor-element-f007d10 elementor-widget elementor-widget-text-editor\" data-id=\"f007d10\" data-element_type=\"widget\" data-widget_type=\"text-editor.default\">\n\t\t\t\t<div class=\"elementor-widget-container\">\n\t\t\t\t\t\t\t\t\t<p>La majeure partie du parc immobilier europ\u00e9en est ancienne et inefficace, et sa r\u00e9novation rapide constitue une mesure essentielle pour le processus de d\u00e9carbonisation et pour la lutte contre la pr\u00e9carit\u00e9 \u00e9nerg\u00e9tique.<\/p>\t\t\t\t\t\t\t\t<\/div>\n\t\t\t\t<\/div>\n\t\t\t\t<\/div>\n\t\t\t\t<\/div>\n\t\t<div class=\"elementor-element elementor-element-f295e44 e-con-full e-flex e-con e-child\" data-id=\"f295e44\" data-element_type=\"container\" data-settings=\"{&quot;background_background&quot;:&quot;classic&quot;}\">\n\t\t\t\t<\/div>\n\t\t\t\t<\/div>\n\t\t<div class=\"elementor-element elementor-element-fe2bc7c e-flex e-con-boxed e-con e-parent\" data-id=\"fe2bc7c\" data-element_type=\"container\" data-settings=\"{&quot;background_background&quot;:&quot;classic&quot;}\">\n\t\t\t\t\t<div class=\"e-con-inner\">\n\t\t<div class=\"elementor-element elementor-element-73dedb6 e-con-full e-flex e-con e-child\" data-id=\"73dedb6\" data-element_type=\"container\">\n\t\t\t\t<div class=\"elementor-element elementor-element-7e1ffde elementor-widget elementor-widget-heading\" data-id=\"7e1ffde\" data-element_type=\"widget\" data-widget_type=\"heading.default\">\n\t\t\t\t<div class=\"elementor-widget-container\">\n\t\t\t\t\t<h3 class=\"elementor-heading-title elementor-size-default\">NOTRE SYST\u00c8ME<\/h3>\t\t\t\t<\/div>\n\t\t\t\t<\/div>\n\t\t\t\t<div class=\"elementor-element elementor-element-f65db5f elementor-widget-divider--view-line elementor-widget elementor-widget-divider\" data-id=\"f65db5f\" data-element_type=\"widget\" data-widget_type=\"divider.default\">\n\t\t\t\t<div class=\"elementor-widget-container\">\n\t\t\t\t\t\t\t<div class=\"elementor-divider\">\n\t\t\t<span class=\"elementor-divider-separator\">\n\t\t\t\t\t\t<\/span>\n\t\t<\/div>\n\t\t\t\t\t\t<\/div>\n\t\t\t\t<\/div>\n\t\t\t\t<div class=\"elementor-element elementor-element-4c3c8b8 elementor-widget elementor-widget-text-editor\" data-id=\"4c3c8b8\" data-element_type=\"widget\" data-widget_type=\"text-editor.default\">\n\t\t\t\t<div class=\"elementor-widget-container\">\n\t\t\t\t\t\t\t\t\t<div class=\"fusion-text fusion-text-15\"><div class=\"fusion-text fusion-text-17\"><p>Le STEH, Smart Thermal Energy Hub, est un syst\u00e8me innovant de gestion et de stockage de l\u2019\u00e9nergie produite \u00e0 partir de sources renouvelables et de syst\u00e8mes de cog\u00e9n\u00e9ration. Bas\u00e9 sur une batterie thermique \u00e0 stratification r\u00e9volutionnaire utilisant des mat\u00e9riaux \u00e0 changement de phase d\u2019origine organique, il repr\u00e9sente une solution de stockage \u00e9nerg\u00e9tique \u00e9conomique, s\u00fbre et sans danger pour la sant\u00e9 ni pour l\u2019environnement. <\/p><\/div><\/div>\t\t\t\t\t\t\t\t<\/div>\n\t\t\t\t<\/div>\n\t\t\t\t<div class=\"elementor-element elementor-element-214cb73 elementor-widget elementor-widget-heading\" data-id=\"214cb73\" data-element_type=\"widget\" data-widget_type=\"heading.default\">\n\t\t\t\t<div class=\"elementor-widget-container\">\n\t\t\t\t\t<h3 class=\"elementor-heading-title elementor-size-default\">AVANTAGES<\/h3>\t\t\t\t<\/div>\n\t\t\t\t<\/div>\n\t\t\t\t<div class=\"elementor-element elementor-element-302cccb elementor-widget-divider--view-line elementor-widget elementor-widget-divider\" data-id=\"302cccb\" data-element_type=\"widget\" data-widget_type=\"divider.default\">\n\t\t\t\t<div class=\"elementor-widget-container\">\n\t\t\t\t\t\t\t<div class=\"elementor-divider\">\n\t\t\t<span class=\"elementor-divider-separator\">\n\t\t\t\t\t\t<\/span>\n\t\t<\/div>\n\t\t\t\t\t\t<\/div>\n\t\t\t\t<\/div>\n\t\t\t\t<div class=\"elementor-element elementor-element-3786744 elementor-widget elementor-widget-text-editor\" data-id=\"3786744\" data-element_type=\"widget\" data-widget_type=\"text-editor.default\">\n\t\t\t\t<div class=\"elementor-widget-container\">\n\t\t\t\t\t\t\t\t\t<div class=\"fusion-text fusion-text-15\"><div class=\"fusion-text fusion-text-17\"><p>Le syst\u00e8me de stockage utilisant des mat\u00e9riaux naturels et recycl\u00e9s pour la r\u00e9cup\u00e9ration de chaleur est durable sur le plan environnemental et \u00e9conomique, car il n\u2019utilise pas de substances polluantes ni co\u00fbteuses. Il peut s\u2019interfacer avec diff\u00e9rentes sources renouvelables \u2014 \u00e9lectriques, thermiques et cog\u00e9n\u00e9ration \u2014 et \u00eatre int\u00e9gr\u00e9 aux pompes \u00e0 chaleur, offrant ainsi la possibilit\u00e9 de r\u00e9cup\u00e9ration d\u2019\u00e9nergie et d\u2019efficacit\u00e9 dans un volume r\u00e9duit. Le STEH est un syst\u00e8me intelligent, g\u00e9r\u00e9 par un algorithme qui optimise son fonctionnement et sa connexion avec les syst\u00e8mes de production et de gestion de l\u2019\u00e9nergie, de domotique et d\u2019Industrie 4.0. Le syst\u00e8me de stockage peut \u00e9galement \u00eatre mis en \u0153uvre dans les processus de production, en particulier ceux qui g\u00e9n\u00e8rent beaucoup de chaleur ou de vapeur, permettant la r\u00e9cup\u00e9ration thermique. Gr\u00e2ce \u00e0 ses caract\u00e9ristiques, le STEH repr\u00e9sente un v\u00e9ritable hub pour les communaut\u00e9s \u00e9nerg\u00e9tiques.  <\/p><\/div><\/div>\t\t\t\t\t\t\t\t<\/div>\n\t\t\t\t<\/div>\n\t\t\t\t<div class=\"elementor-element elementor-element-c9097f9 elementor-align-justify elementor-widget elementor-widget-button\" data-id=\"c9097f9\" data-element_type=\"widget\" data-widget_type=\"button.default\">\n\t\t\t\t<div class=\"elementor-widget-container\">\n\t\t\t\t\t\t\t\t\t<div class=\"elementor-button-wrapper\">\n\t\t\t\t\t<a class=\"elementor-button elementor-button-link elementor-size-sm\" href=\"https:\/\/steeltechitalia.com\/fr\/contactez-nous\/\">\n\t\t\t\t\t\t<span class=\"elementor-button-content-wrapper\">\n\t\t\t\t\t\t\t\t\t<span class=\"elementor-button-text\">CONTACTEZ-NOUS MAINTENANT<\/span>\n\t\t\t\t\t<\/span>\n\t\t\t\t\t<\/a>\n\t\t\t\t<\/div>\n\t\t\t\t\t\t\t\t<\/div>\n\t\t\t\t<\/div>\n\t\t\t\t<\/div>\n\t\t<div class=\"elementor-element elementor-element-1c5af1c e-con-full e-flex e-con e-child\" data-id=\"1c5af1c\" data-element_type=\"container\">\n\t\t\t\t<div class=\"elementor-element elementor-element-9a2e869 elementor-widget elementor-widget-image\" data-id=\"9a2e869\" data-element_type=\"widget\" data-widget_type=\"image.default\">\n\t\t\t\t<div class=\"elementor-widget-container\">\n\t\t\t\t\t\t\t\t\t\t\t\t\t\t\t<img decoding=\"async\" width=\"800\" height=\"534\" src=\"https:\/\/steeltechitalia.com\/wp-content\/uploads\/2025\/07\/st-9223-1024x683.jpg\" class=\"attachment-large size-large wp-image-2416\" alt=\"St\" srcset=\"https:\/\/steeltechitalia.com\/wp-content\/uploads\/2025\/07\/st-9223-1024x683.jpg 1024w, https:\/\/steeltechitalia.com\/wp-content\/uploads\/2025\/07\/st-9223-300x200.jpg 300w, https:\/\/steeltechitalia.com\/wp-content\/uploads\/2025\/07\/st-9223-768x512.jpg 768w, https:\/\/steeltechitalia.com\/wp-content\/uploads\/2025\/07\/st-9223-1536x1024.jpg 1536w, https:\/\/steeltechitalia.com\/wp-content\/uploads\/2025\/07\/st-9223.jpg 1920w\" sizes=\"(max-width: 800px) 100vw, 800px\" \/>\t\t\t\t\t\t\t\t\t\t\t\t\t\t\t<\/div>\n\t\t\t\t<\/div>\n\t\t\t\t<\/div>\n\t\t\t\t\t<\/div>\n\t\t\t\t<\/div>\n\t\t\t\t<\/div>\n\t\t","protected":false},"excerpt":{"rendered":"<p>RECHERCHE ET D\u00c9VELOPPEMENT REHOUSE Le projet europ\u00e9en de R&amp;D sur lequel nous travaillons avec d\u2019autres partenaires italiens et \u00e9trangers importants, visant \u00e0 la r\u00e9novation \u00e9nerg\u00e9tique dans le secteur du b\u00e2timent. NOTRE ENGAGEMENT Un syst\u00e8me innovant de stockage thermique durable et \u00e9conomique. Rehouse est un projet cofinanc\u00e9 par la Commission europ\u00e9enne dans le cadre du programme [&hellip;]<\/p>\n","protected":false},"author":1,"featured_media":0,"parent":0,"menu_order":0,"comment_status":"closed","ping_status":"closed","template":"","meta":{"_acf_changed":false,"slim_seo":{"title":"Rehouse - SteelTech srl","description":"RECHERCHE ET D\u00c9VELOPPEMENT REHOUSE Le projet europ\u00e9en de R&amp;D sur lequel nous travaillons avec d\u2019autres partenaires italiens et \u00e9trangers importants, visant"},"footnotes":""},"class_list":["post-2829","page","type-page","status-publish","hentry"],"acf":[],"_links":{"self":[{"href":"https:\/\/steeltechitalia.com\/fr\/wp-json\/wp\/v2\/pages\/2829","targetHints":{"allow":["GET"]}}],"collection":[{"href":"https:\/\/steeltechitalia.com\/fr\/wp-json\/wp\/v2\/pages"}],"about":[{"href":"https:\/\/steeltechitalia.com\/fr\/wp-json\/wp\/v2\/types\/page"}],"author":[{"embeddable":true,"href":"https:\/\/steeltechitalia.com\/fr\/wp-json\/wp\/v2\/users\/1"}],"replies":[{"embeddable":true,"href":"https:\/\/steeltechitalia.com\/fr\/wp-json\/wp\/v2\/comments?post=2829"}],"version-history":[{"count":1,"href":"https:\/\/steeltechitalia.com\/fr\/wp-json\/wp\/v2\/pages\/2829\/revisions"}],"predecessor-version":[{"id":2830,"href":"https:\/\/steeltechitalia.com\/fr\/wp-json\/wp\/v2\/pages\/2829\/revisions\/2830"}],"wp:attachment":[{"href":"https:\/\/steeltechitalia.com\/fr\/wp-json\/wp\/v2\/media?parent=2829"}],"curies":[{"name":"wp","href":"https:\/\/api.w.org\/{rel}","templated":true}]}}