{"id":2837,"date":"2025-07-08T15:18:41","date_gmt":"2025-07-08T15:18:41","guid":{"rendered":"https:\/\/steeltechitalia.com\/inn-oleo-lat\/"},"modified":"2025-08-26T15:43:27","modified_gmt":"2025-08-26T15:43:27","slug":"inn-oleo-lat","status":"publish","type":"page","link":"https:\/\/steeltechitalia.com\/fr\/inn-oleo-lat\/","title":{"rendered":"INN.OLEO.LAT"},"content":{"rendered":"\t\t<div data-elementor-type=\"wp-page\" data-elementor-id=\"2837\" class=\"elementor elementor-2837 elementor-837\" data-elementor-post-type=\"page\">\n\t\t\t\t<div class=\"elementor-element elementor-element-a9104df e-flex e-con-boxed e-con e-parent\" data-id=\"a9104df\" data-element_type=\"container\" data-settings=\"{&quot;background_background&quot;:&quot;classic&quot;,&quot;background_motion_fx_motion_fx_scrolling&quot;:&quot;yes&quot;,&quot;background_motion_fx_translateY_effect&quot;:&quot;yes&quot;,&quot;background_motion_fx_translateY_speed&quot;:{&quot;unit&quot;:&quot;px&quot;,&quot;size&quot;:6.9,&quot;sizes&quot;:[]},&quot;background_motion_fx_translateY_affectedRange&quot;:{&quot;unit&quot;:&quot;%&quot;,&quot;size&quot;:&quot;&quot;,&quot;sizes&quot;:{&quot;start&quot;:0,&quot;end&quot;:100}},&quot;background_motion_fx_devices&quot;:[&quot;desktop&quot;,&quot;tablet&quot;,&quot;mobile&quot;]}\">\n\t\t\t\t\t<div class=\"e-con-inner\">\n\t\t\t\t<div class=\"elementor-element elementor-element-0b98f63 elementor-widget elementor-widget-heading\" data-id=\"0b98f63\" data-element_type=\"widget\" data-widget_type=\"heading.default\">\n\t\t\t\t<div class=\"elementor-widget-container\">\n\t\t\t\t\t<p class=\"elementor-heading-title elementor-size-default\">RECHERCHE ET D\u00c9VELOPPEMENT<\/p>\t\t\t\t<\/div>\n\t\t\t\t<\/div>\n\t\t\t\t<div class=\"elementor-element elementor-element-8f8d925 elementor-widget__width-initial elementor-widget elementor-widget-heading\" data-id=\"8f8d925\" data-element_type=\"widget\" data-widget_type=\"heading.default\">\n\t\t\t\t<div class=\"elementor-widget-container\">\n\t\t\t\t\t<h1 class=\"elementor-heading-title elementor-size-default\">INN.OLEO.LAT<\/h1>\t\t\t\t<\/div>\n\t\t\t\t<\/div>\n\t\t\t\t<div class=\"elementor-element elementor-element-b2cfb66 elementor-widget__width-initial elementor-widget elementor-widget-heading\" data-id=\"b2cfb66\" data-element_type=\"widget\" data-widget_type=\"heading.default\">\n\t\t\t\t<div class=\"elementor-widget-container\">\n\t\t\t\t\t<p class=\"elementor-heading-title elementor-size-default\">Inn.oleo.lat est notre projet int\u00e9gr\u00e9 de R&amp;D dans le domaine agroalimentaire, en particulier pour les secteurs ol\u00e9icole et laitier.<\/p>\t\t\t\t<\/div>\n\t\t\t\t<\/div>\n\t\t\t\t\t<\/div>\n\t\t\t\t<\/div>\n\t\t<div class=\"elementor-element elementor-element-de15685 e-flex e-con-boxed e-con e-parent\" data-id=\"de15685\" data-element_type=\"container\" data-settings=\"{&quot;background_background&quot;:&quot;classic&quot;}\">\n\t\t\t\t\t<div class=\"e-con-inner\">\n\t\t<div class=\"elementor-element elementor-element-c34c7ff e-con-full e-flex e-con e-child\" data-id=\"c34c7ff\" data-element_type=\"container\">\n\t\t\t\t<div class=\"elementor-element elementor-element-b406bb5 elementor-widget elementor-widget-image\" data-id=\"b406bb5\" data-element_type=\"widget\" data-widget_type=\"image.default\">\n\t\t\t\t<div class=\"elementor-widget-container\">\n\t\t\t\t\t\t\t\t\t\t\t\t\t\t\t<img fetchpriority=\"high\" decoding=\"async\" width=\"400\" height=\"455\" src=\"https:\/\/steeltechitalia.com\/wp-content\/uploads\/2025\/07\/innoleolat-logo-400x455-1.png\" class=\"attachment-large size-large wp-image-2227\" alt=\"Innoleolat logo 400x455\" srcset=\"https:\/\/steeltechitalia.com\/wp-content\/uploads\/2025\/07\/innoleolat-logo-400x455-1.png 400w, https:\/\/steeltechitalia.com\/wp-content\/uploads\/2025\/07\/innoleolat-logo-400x455-1-264x300.png 264w\" sizes=\"(max-width: 400px) 100vw, 400px\" \/>\t\t\t\t\t\t\t\t\t\t\t\t\t\t\t<\/div>\n\t\t\t\t<\/div>\n\t\t\t\t<\/div>\n\t\t<div class=\"elementor-element elementor-element-fdafef1 e-con-full e-flex e-con e-child\" data-id=\"fdafef1\" data-element_type=\"container\">\n\t\t\t\t<div class=\"elementor-element elementor-element-5381543 elementor-widget elementor-widget-heading\" data-id=\"5381543\" data-element_type=\"widget\" data-widget_type=\"heading.default\">\n\t\t\t\t<div class=\"elementor-widget-container\">\n\t\t\t\t\t<p class=\"elementor-heading-title elementor-size-default\">NOTRE ENGAGEMENT<\/p>\t\t\t\t<\/div>\n\t\t\t\t<\/div>\n\t\t\t\t<div class=\"elementor-element elementor-element-eb953a8 elementor-widget__width-initial elementor-widget elementor-widget-heading\" data-id=\"eb953a8\" data-element_type=\"widget\" data-widget_type=\"heading.default\">\n\t\t\t\t<div class=\"elementor-widget-container\">\n\t\t\t\t\t<h2 class=\"elementor-heading-title elementor-size-default\">Projets innovants pour l\u2019industrie agroalimentaire<\/h2>\t\t\t\t<\/div>\n\t\t\t\t<\/div>\n\t\t\t\t<div class=\"elementor-element elementor-element-b4f5841 elementor-widget-divider--view-line elementor-widget elementor-widget-divider\" data-id=\"b4f5841\" data-element_type=\"widget\" data-widget_type=\"divider.default\">\n\t\t\t\t<div class=\"elementor-widget-container\">\n\t\t\t\t\t\t\t<div class=\"elementor-divider\">\n\t\t\t<span class=\"elementor-divider-separator\">\n\t\t\t\t\t\t<\/span>\n\t\t<\/div>\n\t\t\t\t\t\t<\/div>\n\t\t\t\t<\/div>\n\t\t\t\t<div class=\"elementor-element elementor-element-7e89424 elementor-widget__width-initial elementor-widget elementor-widget-text-editor\" data-id=\"7e89424\" data-element_type=\"widget\" data-widget_type=\"text-editor.default\">\n\t\t\t\t<div class=\"elementor-widget-container\">\n\t\t\t\t\t\t\t\t\t<p>Inn.oleo.lat est au c\u0153ur du Plan d\u2019Investissement approuv\u00e9 par Puglia Sviluppo. En particulier, l\u2019id\u00e9e du projet rel\u00e8ve du domaine \u201cManufacture durable\u201d \u2013 Usine intelligente \u2013 Technologies de production avanc\u00e9es et du domaine \u201cSant\u00e9 de l\u2019homme et de l\u2019environnement\u201d de l\u2019appel relatif aux \u201cAides aux programmes int\u00e9gr\u00e9s promus par les petites entreprises \u2013 PIA\u201d de la R\u00e9gion des Pouilles. Inn.oleo.lat a pr\u00e9vu un important plan d\u2019investissement pour le d\u00e9veloppement de deux projets innovants : l\u2019un, actuellement en cours, pour la pasteurisation, le traitement thermique et la transformation de produits laitiers, l\u2019autre, termin\u00e9, pour l\u2019extraction d\u2019huile d\u2019olive extra vierge. \u00c0 la suite des activit\u00e9s de Recherche &amp; D\u00e9veloppement r\u00e9alis\u00e9es, deux demandes de Brevet Industriel ont \u00e9t\u00e9 d\u00e9pos\u00e9es.  <\/p>\t\t\t\t\t\t\t\t<\/div>\n\t\t\t\t<\/div>\n\t\t<div class=\"elementor-element elementor-element-c5fad2e e-con-full e-flex e-con e-child\" data-id=\"c5fad2e\" data-element_type=\"container\">\n\t\t<div class=\"elementor-element elementor-element-057f80a e-con-full e-flex e-con e-child\" data-id=\"057f80a\" data-element_type=\"container\">\n\t\t\t\t<div class=\"elementor-element elementor-element-8bab4f8 elementor-widget elementor-widget-image\" data-id=\"8bab4f8\" data-element_type=\"widget\" data-widget_type=\"image.default\">\n\t\t\t\t<div class=\"elementor-widget-container\">\n\t\t\t\t\t\t\t\t\t\t\t\t\t\t\t<img decoding=\"async\" width=\"200\" height=\"200\" src=\"https:\/\/steeltechitalia.com\/wp-content\/uploads\/2025\/07\/logo-unione-europea-200x200-1.jpg\" class=\"attachment-large size-large wp-image-2392\" alt=\"Logo unione europea 200x200\" srcset=\"https:\/\/steeltechitalia.com\/wp-content\/uploads\/2025\/07\/logo-unione-europea-200x200-1.jpg 200w, https:\/\/steeltechitalia.com\/wp-content\/uploads\/2025\/07\/logo-unione-europea-200x200-1-150x150.jpg 150w\" sizes=\"(max-width: 200px) 100vw, 200px\" \/>\t\t\t\t\t\t\t\t\t\t\t\t\t\t\t<\/div>\n\t\t\t\t<\/div>\n\t\t\t\t<\/div>\n\t\t<div class=\"elementor-element elementor-element-34baa6e e-con-full e-flex e-con e-child\" data-id=\"34baa6e\" data-element_type=\"container\">\n\t\t\t\t<div class=\"elementor-element elementor-element-9ff7632 elementor-widget elementor-widget-image\" data-id=\"9ff7632\" data-element_type=\"widget\" data-widget_type=\"image.default\">\n\t\t\t\t<div class=\"elementor-widget-container\">\n\t\t\t\t\t\t\t\t\t\t\t\t\t\t\t<img decoding=\"async\" width=\"200\" height=\"200\" src=\"https:\/\/steeltechitalia.com\/wp-content\/uploads\/2025\/07\/logo-repubblica-italiana-200x200-1.jpg\" class=\"attachment-large size-large wp-image-2398\" alt=\"Logo repubblica italiana 200x200\" srcset=\"https:\/\/steeltechitalia.com\/wp-content\/uploads\/2025\/07\/logo-repubblica-italiana-200x200-1.jpg 200w, https:\/\/steeltechitalia.com\/wp-content\/uploads\/2025\/07\/logo-repubblica-italiana-200x200-1-150x150.jpg 150w\" sizes=\"(max-width: 200px) 100vw, 200px\" \/>\t\t\t\t\t\t\t\t\t\t\t\t\t\t\t<\/div>\n\t\t\t\t<\/div>\n\t\t\t\t<\/div>\n\t\t<div class=\"elementor-element elementor-element-545cbc7 e-con-full e-flex e-con e-child\" data-id=\"545cbc7\" data-element_type=\"container\">\n\t\t\t\t<div class=\"elementor-element elementor-element-d2a58ee elementor-widget elementor-widget-image\" data-id=\"d2a58ee\" data-element_type=\"widget\" data-widget_type=\"image.default\">\n\t\t\t\t<div class=\"elementor-widget-container\">\n\t\t\t\t\t\t\t\t\t\t\t\t\t\t\t<img loading=\"lazy\" decoding=\"async\" width=\"200\" height=\"200\" src=\"https:\/\/steeltechitalia.com\/wp-content\/uploads\/2025\/07\/logo-regione-puglia-200x200-1.jpg\" class=\"attachment-large size-large wp-image-2395\" alt=\"Logo regione puglia 200x200\" srcset=\"https:\/\/steeltechitalia.com\/wp-content\/uploads\/2025\/07\/logo-regione-puglia-200x200-1.jpg 200w, https:\/\/steeltechitalia.com\/wp-content\/uploads\/2025\/07\/logo-regione-puglia-200x200-1-150x150.jpg 150w\" sizes=\"(max-width: 200px) 100vw, 200px\" \/>\t\t\t\t\t\t\t\t\t\t\t\t\t\t\t<\/div>\n\t\t\t\t<\/div>\n\t\t\t\t<\/div>\n\t\t\t\t<\/div>\n\t\t\t\t<\/div>\n\t\t\t\t\t<\/div>\n\t\t\t\t<\/div>\n\t\t<div class=\"elementor-element elementor-element-442e237 e-con-full e-flex e-con e-parent\" data-id=\"442e237\" data-element_type=\"container\">\n\t\t<div class=\"elementor-element elementor-element-69f9909 e-con-full e-flex e-con e-child\" data-id=\"69f9909\" data-element_type=\"container\" data-settings=\"{&quot;background_background&quot;:&quot;classic&quot;}\">\n\t\t<div class=\"elementor-element elementor-element-69bd088 e-con-full e-flex e-con e-child\" data-id=\"69bd088\" data-element_type=\"container\">\n\t\t\t\t<div class=\"elementor-element elementor-element-d6778da elementor-widget elementor-widget-heading\" data-id=\"d6778da\" data-element_type=\"widget\" data-widget_type=\"heading.default\">\n\t\t\t\t<div class=\"elementor-widget-container\">\n\t\t\t\t\t<h3 class=\"elementor-heading-title elementor-size-default\">MADE IN PUGLIA<\/h3>\t\t\t\t<\/div>\n\t\t\t\t<\/div>\n\t\t\t\t<div class=\"elementor-element elementor-element-9c236e4 elementor-widget-divider--view-line elementor-widget elementor-widget-divider\" data-id=\"9c236e4\" data-element_type=\"widget\" data-widget_type=\"divider.default\">\n\t\t\t\t<div class=\"elementor-widget-container\">\n\t\t\t\t\t\t\t<div class=\"elementor-divider\">\n\t\t\t<span class=\"elementor-divider-separator\">\n\t\t\t\t\t\t<\/span>\n\t\t<\/div>\n\t\t\t\t\t\t<\/div>\n\t\t\t\t<\/div>\n\t\t\t\t<div class=\"elementor-element elementor-element-9ccb73a elementor-widget elementor-widget-text-editor\" data-id=\"9ccb73a\" data-element_type=\"widget\" data-widget_type=\"text-editor.default\">\n\t\t\t\t<div class=\"elementor-widget-container\">\n\t\t\t\t\t\t\t\t\t<p>Les Pouilles, avec 60 % de la production italienne d\u2019huile d\u2019olive extra vierge, plus de mille moulins actifs et ses 21 cultivars \u2014 parmi lesquels la Coratina se distingue comme l\u2019une des meilleures d\u2019Italie pour sa teneur \u00e9lev\u00e9e en polyph\u00e9nols et son go\u00fbt intense \u2014 ont repr\u00e9sent\u00e9 le cadre id\u00e9al pour le d\u00e9veloppement, les essais et la mise en \u0153uvre de l\u2019installation innovante.<\/p>\t\t\t\t\t\t\t\t<\/div>\n\t\t\t\t<\/div>\n\t\t\t\t<\/div>\n\t\t\t\t<\/div>\n\t\t<div class=\"elementor-element elementor-element-20eb1c4 e-con-full e-flex e-con e-child\" data-id=\"20eb1c4\" data-element_type=\"container\" data-settings=\"{&quot;background_background&quot;:&quot;classic&quot;}\">\n\t\t\t\t<\/div>\n\t\t\t\t<\/div>\n\t\t<div class=\"elementor-element elementor-element-453d58c e-flex e-con-boxed e-con e-parent\" data-id=\"453d58c\" data-element_type=\"container\" data-settings=\"{&quot;background_background&quot;:&quot;classic&quot;}\">\n\t\t\t\t\t<div class=\"e-con-inner\">\n\t\t<div class=\"elementor-element elementor-element-6d82fba e-con-full e-flex e-con e-child\" data-id=\"6d82fba\" data-element_type=\"container\">\n\t\t\t\t<div class=\"elementor-element elementor-element-f69c2bb elementor-widget elementor-widget-heading\" data-id=\"f69c2bb\" data-element_type=\"widget\" data-widget_type=\"heading.default\">\n\t\t\t\t<div class=\"elementor-widget-container\">\n\t\t\t\t\t<h3 class=\"elementor-heading-title elementor-size-default\">L\u2019INSTALLATION<\/h3>\t\t\t\t<\/div>\n\t\t\t\t<\/div>\n\t\t\t\t<div class=\"elementor-element elementor-element-6a264be elementor-widget-divider--view-line elementor-widget elementor-widget-divider\" data-id=\"6a264be\" data-element_type=\"widget\" data-widget_type=\"divider.default\">\n\t\t\t\t<div class=\"elementor-widget-container\">\n\t\t\t\t\t\t\t<div class=\"elementor-divider\">\n\t\t\t<span class=\"elementor-divider-separator\">\n\t\t\t\t\t\t<\/span>\n\t\t<\/div>\n\t\t\t\t\t\t<\/div>\n\t\t\t\t<\/div>\n\t\t\t\t<div class=\"elementor-element elementor-element-7364abd elementor-widget elementor-widget-text-editor\" data-id=\"7364abd\" data-element_type=\"widget\" data-widget_type=\"text-editor.default\">\n\t\t\t\t<div class=\"elementor-widget-container\">\n\t\t\t\t\t\t\t\t\t<div class=\"fusion-text fusion-text-15\"><div class=\"fusion-text fusion-text-17\"><p>La nouvelle m\u00e9thode d\u2019extraction de l\u2019huile repose sur une installation qui associe un \u00e9changeur thermique \u2014 davantage optimis\u00e9 et dont les avantages sont d\u00e9j\u00e0 largement reconnus ces derni\u00e8res ann\u00e9es \u2014 \u00e0 un syst\u00e8me \u00e0 micro-ondes permettant un chauffage uniforme de la p\u00e2te d\u2019olives et qui, conjugu\u00e9 \u00e0 l\u2019action m\u00e9canique due \u00e0 l\u2019agitation des mol\u00e9cules d\u2019eau, rend possible un processus d\u2019extraction offrant de nombreux avantages par rapport aux m\u00e9thodes plus traditionnelles.<\/p><\/div><\/div>\t\t\t\t\t\t\t\t<\/div>\n\t\t\t\t<\/div>\n\t\t\t\t<div class=\"elementor-element elementor-element-e4d6c6d elementor-widget elementor-widget-heading\" data-id=\"e4d6c6d\" data-element_type=\"widget\" data-widget_type=\"heading.default\">\n\t\t\t\t<div class=\"elementor-widget-container\">\n\t\t\t\t\t<h3 class=\"elementor-heading-title elementor-size-default\">AVANTAGES<\/h3>\t\t\t\t<\/div>\n\t\t\t\t<\/div>\n\t\t\t\t<div class=\"elementor-element elementor-element-df15ec9 elementor-widget-divider--view-line elementor-widget elementor-widget-divider\" data-id=\"df15ec9\" data-element_type=\"widget\" data-widget_type=\"divider.default\">\n\t\t\t\t<div class=\"elementor-widget-container\">\n\t\t\t\t\t\t\t<div class=\"elementor-divider\">\n\t\t\t<span class=\"elementor-divider-separator\">\n\t\t\t\t\t\t<\/span>\n\t\t<\/div>\n\t\t\t\t\t\t<\/div>\n\t\t\t\t<\/div>\n\t\t\t\t<div class=\"elementor-element elementor-element-f05913e elementor-widget elementor-widget-text-editor\" data-id=\"f05913e\" data-element_type=\"widget\" data-widget_type=\"text-editor.default\">\n\t\t\t\t<div class=\"elementor-widget-container\">\n\t\t\t\t\t\t\t\t\t<div class=\"fusion-text fusion-text-15\"><div class=\"fusion-text fusion-text-17\"><p>Les \u00e9tudes sur l\u2019huile d\u2019olive extra vierge extraite, men\u00e9es par le D\u00e9partement des Sciences Agro-Environnementales et Territoriales de l\u2019Universit\u00e9 de Bari Aldo Moro, ont d\u00e9montr\u00e9 des avantages \u00e9vidents en termes de rendement et de qualit\u00e9 organoleptique. Il a \u00e9t\u00e9 constat\u00e9 que l\u2019installation innovante, au cours du processus d\u2019extraction, permet par rapport aux m\u00e9thodes plus traditionnelles un contr\u00f4le du chauffage plus rapide et plus s\u00fbr, une r\u00e9duction de 50 % de la phase de conditionnement, une r\u00e9duction du processus d\u2019extraction, de la consommation \u00e9nerg\u00e9tique et des co\u00fbts op\u00e9rationnels, tout en augmentant significativement jusqu\u2019\u00e0 30 % les compos\u00e9s ph\u00e9noliques hydrophiles. En particulier, les ph\u00e9nols totaux ont montr\u00e9 une concentration d\u2019environ 1 g\/kg, am\u00e9liorant sensiblement les propri\u00e9t\u00e9s b\u00e9n\u00e9fiques du produit, qui peut \u00eatre class\u00e9 parmi les huiles \u00e0 haute teneur en ph\u00e9nols. \u00c0 ces avantages s\u2019ajoute le fait que le syst\u00e8me permet des d\u00e9bits \u00e9lev\u00e9s m\u00eame pour les moulins qui ne disposent pas de grands espaces.   <\/p><\/div><\/div>\t\t\t\t\t\t\t\t<\/div>\n\t\t\t\t<\/div>\n\t\t\t\t<div class=\"elementor-element elementor-element-05c4ef6 elementor-align-justify elementor-widget elementor-widget-button\" data-id=\"05c4ef6\" data-element_type=\"widget\" data-widget_type=\"button.default\">\n\t\t\t\t<div class=\"elementor-widget-container\">\n\t\t\t\t\t\t\t\t\t<div class=\"elementor-button-wrapper\">\n\t\t\t\t\t<a class=\"elementor-button elementor-button-link elementor-size-sm\" href=\"https:\/\/steeltechitalia.com\/fr\/contactez-nous\/\">\n\t\t\t\t\t\t<span class=\"elementor-button-content-wrapper\">\n\t\t\t\t\t\t\t\t\t<span class=\"elementor-button-text\">CONTACTEZ-NOUS MAINTENANT<\/span>\n\t\t\t\t\t<\/span>\n\t\t\t\t\t<\/a>\n\t\t\t\t<\/div>\n\t\t\t\t\t\t\t\t<\/div>\n\t\t\t\t<\/div>\n\t\t\t\t<\/div>\n\t\t<div class=\"elementor-element elementor-element-29884a6 e-con-full e-flex e-con e-child\" data-id=\"29884a6\" data-element_type=\"container\">\n\t\t\t\t<div class=\"elementor-element elementor-element-4b94d62 elementor-widget elementor-widget-image\" data-id=\"4b94d62\" data-element_type=\"widget\" data-widget_type=\"image.default\">\n\t\t\t\t<div class=\"elementor-widget-container\">\n\t\t\t\t\t\t\t\t\t\t\t\t\t\t\t<img loading=\"lazy\" decoding=\"async\" width=\"800\" height=\"973\" src=\"https:\/\/steeltechitalia.com\/wp-content\/uploads\/2025\/07\/st-innoleolat-800x973-1.jpg\" class=\"attachment-large size-large wp-image-2404\" alt=\"St innoleolat 800x973\" srcset=\"https:\/\/steeltechitalia.com\/wp-content\/uploads\/2025\/07\/st-innoleolat-800x973-1.jpg 800w, https:\/\/steeltechitalia.com\/wp-content\/uploads\/2025\/07\/st-innoleolat-800x973-1-247x300.jpg 247w, https:\/\/steeltechitalia.com\/wp-content\/uploads\/2025\/07\/st-innoleolat-800x973-1-768x934.jpg 768w\" sizes=\"(max-width: 800px) 100vw, 800px\" \/>\t\t\t\t\t\t\t\t\t\t\t\t\t\t\t<\/div>\n\t\t\t\t<\/div>\n\t\t\t\t<\/div>\n\t\t\t\t\t<\/div>\n\t\t\t\t<\/div>\n\t\t\t\t<\/div>\n\t\t","protected":false},"excerpt":{"rendered":"<p>RECHERCHE ET D\u00c9VELOPPEMENT INN.OLEO.LAT Inn.oleo.lat est notre projet int\u00e9gr\u00e9 de R&amp;D dans le domaine agroalimentaire, en particulier pour les secteurs ol\u00e9icole et laitier. NOTRE ENGAGEMENT Projets innovants pour l\u2019industrie agroalimentaire Inn.oleo.lat est au c\u0153ur du Plan d\u2019Investissement approuv\u00e9 par Puglia Sviluppo. En particulier, l\u2019id\u00e9e du projet rel\u00e8ve du domaine \u201cManufacture durable\u201d \u2013 Usine intelligente \u2013 [&hellip;]<\/p>\n","protected":false},"author":1,"featured_media":0,"parent":0,"menu_order":0,"comment_status":"closed","ping_status":"closed","template":"","meta":{"_acf_changed":false,"slim_seo":{"title":"INN.OLEO.LAT - SteelTech srl","description":"RECHERCHE ET D\u00c9VELOPPEMENT INN.OLEO.LAT Inn.oleo.lat est notre projet int\u00e9gr\u00e9 de R&amp;D dans le domaine agroalimentaire, en particulier pour les secteurs ol\u00e9ic"},"footnotes":""},"class_list":["post-2837","page","type-page","status-publish","hentry"],"acf":[],"_links":{"self":[{"href":"https:\/\/steeltechitalia.com\/fr\/wp-json\/wp\/v2\/pages\/2837","targetHints":{"allow":["GET"]}}],"collection":[{"href":"https:\/\/steeltechitalia.com\/fr\/wp-json\/wp\/v2\/pages"}],"about":[{"href":"https:\/\/steeltechitalia.com\/fr\/wp-json\/wp\/v2\/types\/page"}],"author":[{"embeddable":true,"href":"https:\/\/steeltechitalia.com\/fr\/wp-json\/wp\/v2\/users\/1"}],"replies":[{"embeddable":true,"href":"https:\/\/steeltechitalia.com\/fr\/wp-json\/wp\/v2\/comments?post=2837"}],"version-history":[{"count":1,"href":"https:\/\/steeltechitalia.com\/fr\/wp-json\/wp\/v2\/pages\/2837\/revisions"}],"predecessor-version":[{"id":2838,"href":"https:\/\/steeltechitalia.com\/fr\/wp-json\/wp\/v2\/pages\/2837\/revisions\/2838"}],"wp:attachment":[{"href":"https:\/\/steeltechitalia.com\/fr\/wp-json\/wp\/v2\/media?parent=2837"}],"curies":[{"name":"wp","href":"https:\/\/api.w.org\/{rel}","templated":true}]}}