{"id":3106,"date":"2025-08-01T08:47:37","date_gmt":"2025-08-01T08:47:37","guid":{"rendered":"https:\/\/steeltechitalia.com\/construction-de-silos-et-de-reservoirs-selon-les-ntc-2018-et-les-normes-europeennes\/"},"modified":"2025-08-26T15:43:06","modified_gmt":"2025-08-26T15:43:06","slug":"construction-de-silos-et-de-reservoirs-selon-les-ntc-2018-et-les-normes-europeennes","status":"publish","type":"page","link":"https:\/\/steeltechitalia.com\/fr\/construction-de-silos-et-de-reservoirs-selon-les-ntc-2018-et-les-normes-europeennes\/","title":{"rendered":"Construction de silos et de r\u00e9servoirs selon les NTC 2018 et les normes europ\u00e9ennes"},"content":{"rendered":"\t\t<div data-elementor-type=\"wp-page\" data-elementor-id=\"3106\" class=\"elementor elementor-3106 elementor-1623\" data-elementor-post-type=\"page\">\n\t\t\t\t<div class=\"elementor-element elementor-element-44d7a80 e-flex e-con-boxed e-con e-parent\" data-id=\"44d7a80\" data-element_type=\"container\" data-settings=\"{&quot;background_background&quot;:&quot;classic&quot;,&quot;background_motion_fx_motion_fx_scrolling&quot;:&quot;yes&quot;,&quot;background_motion_fx_translateY_effect&quot;:&quot;yes&quot;,&quot;background_motion_fx_translateY_speed&quot;:{&quot;unit&quot;:&quot;px&quot;,&quot;size&quot;:6.9,&quot;sizes&quot;:[]},&quot;background_motion_fx_translateY_affectedRange&quot;:{&quot;unit&quot;:&quot;%&quot;,&quot;size&quot;:&quot;&quot;,&quot;sizes&quot;:{&quot;start&quot;:0,&quot;end&quot;:100}},&quot;background_motion_fx_devices&quot;:[&quot;desktop&quot;,&quot;tablet&quot;,&quot;mobile&quot;]}\">\n\t\t\t\t\t<div class=\"e-con-inner\">\n\t\t\t\t<div class=\"elementor-element elementor-element-eac157c elementor-widget elementor-widget-heading\" data-id=\"eac157c\" data-element_type=\"widget\" data-widget_type=\"heading.default\">\n\t\t\t\t<div class=\"elementor-widget-container\">\n\t\t\t\t\t<p class=\"elementor-heading-title elementor-size-default\">S\u00e9curit\u00e9 environnementale et conformit\u00e9 r\u00e9glementaire<\/p>\t\t\t\t<\/div>\n\t\t\t\t<\/div>\n\t\t\t\t<div class=\"elementor-element elementor-element-0810114 elementor-widget__width-initial elementor-widget elementor-widget-heading\" data-id=\"0810114\" data-element_type=\"widget\" data-widget_type=\"heading.default\">\n\t\t\t\t<div class=\"elementor-widget-container\">\n\t\t\t\t\t<h1 class=\"elementor-heading-title elementor-size-default\">Normes europ\u00e9ennes<\/h1>\t\t\t\t<\/div>\n\t\t\t\t<\/div>\n\t\t\t\t\t<\/div>\n\t\t\t\t<\/div>\n\t\t<div class=\"elementor-element elementor-element-398e6a4 e-flex e-con-boxed e-con e-parent\" data-id=\"398e6a4\" data-element_type=\"container\" data-settings=\"{&quot;background_background&quot;:&quot;classic&quot;}\">\n\t\t\t\t\t<div class=\"e-con-inner\">\n\t\t<div class=\"elementor-element elementor-element-035f440 e-con-full e-flex e-con e-child\" data-id=\"035f440\" data-element_type=\"container\" data-settings=\"{&quot;sticky&quot;:&quot;top&quot;,&quot;sticky_on&quot;:[&quot;desktop&quot;],&quot;sticky_parent&quot;:&quot;yes&quot;,&quot;sticky_offset&quot;:0,&quot;sticky_effects_offset&quot;:0,&quot;sticky_anchor_link_offset&quot;:0}\">\n\t\t<div class=\"elementor-element elementor-element-819a8f6 e-con-full e-flex e-con e-child\" data-id=\"819a8f6\" data-element_type=\"container\" data-settings=\"{&quot;background_background&quot;:&quot;classic&quot;}\">\n\t\t\t\t<div class=\"elementor-element elementor-element-c55422e elementor-widget elementor-widget-heading\" data-id=\"c55422e\" data-element_type=\"widget\" data-widget_type=\"heading.default\">\n\t\t\t\t<div class=\"elementor-widget-container\">\n\t\t\t\t\t<h4 class=\"elementor-heading-title elementor-size-default\">Notre \u00e9quipe est l\u00e0 pour vous<\/h4>\t\t\t\t<\/div>\n\t\t\t\t<\/div>\n\t\t\t\t<div class=\"elementor-element elementor-element-51784c2 elementor-widget elementor-widget-text-editor\" data-id=\"51784c2\" data-element_type=\"widget\" data-widget_type=\"text-editor.default\">\n\t\t\t\t<div class=\"elementor-widget-container\">\n\t\t\t\t\t\t\t\t\t<p>Voulez-vous en savoir plus sur nos produits ? Souhaitez-vous d\u00e9couvrir les solutions que nous pouvons vous proposer ou pr\u00e9f\u00e9rez-vous recevoir imm\u00e9diatement un devis personnalis\u00e9 ? Contactez-nous : nous serons ravis de vous fournir toutes les informations que vous recherchez.<\/p>\t\t\t\t\t\t\t\t<\/div>\n\t\t\t\t<\/div>\n\t\t\t\t<div class=\"elementor-element elementor-element-792dccd elementor-align-left elementor-widget elementor-widget-button\" data-id=\"792dccd\" data-element_type=\"widget\" data-widget_type=\"button.default\">\n\t\t\t\t<div class=\"elementor-widget-container\">\n\t\t\t\t\t\t\t\t\t<div class=\"elementor-button-wrapper\">\n\t\t\t\t\t<a class=\"elementor-button elementor-button-link elementor-size-sm\" href=\"https:\/\/steeltechitalia.com\/fr\/contactez-nous\/\">\n\t\t\t\t\t\t<span class=\"elementor-button-content-wrapper\">\n\t\t\t\t\t\t<span class=\"elementor-button-icon\">\n\t\t\t\t<svg aria-hidden=\"true\" class=\"e-font-icon-svg e-fas-angle-right\" viewBox=\"0 0 256 512\" xmlns=\"http:\/\/www.w3.org\/2000\/svg\"><path d=\"M224.3 273l-136 136c-9.4 9.4-24.6 9.4-33.9 0l-22.6-22.6c-9.4-9.4-9.4-24.6 0-33.9l96.4-96.4-96.4-96.4c-9.4-9.4-9.4-24.6 0-33.9L54.3 103c9.4-9.4 24.6-9.4 33.9 0l136 136c9.5 9.4 9.5 24.6.1 34z\"><\/path><\/svg>\t\t\t<\/span>\n\t\t\t\t\t\t\t\t\t<span class=\"elementor-button-text\">Demandez un devis<\/span>\n\t\t\t\t\t<\/span>\n\t\t\t\t\t<\/a>\n\t\t\t\t<\/div>\n\t\t\t\t\t\t\t\t<\/div>\n\t\t\t\t<\/div>\n\t\t\t\t<\/div>\n\t\t<div class=\"elementor-element elementor-element-9597f47 e-con-full e-flex e-con e-child\" data-id=\"9597f47\" data-element_type=\"container\" data-settings=\"{&quot;background_background&quot;:&quot;classic&quot;}\">\n\t\t\t\t<div class=\"elementor-element elementor-element-b255a9f elementor-icon-list--layout-traditional elementor-list-item-link-full_width elementor-widget elementor-widget-icon-list\" data-id=\"b255a9f\" data-element_type=\"widget\" data-widget_type=\"icon-list.default\">\n\t\t\t\t<div class=\"elementor-widget-container\">\n\t\t\t\t\t\t\t<ul class=\"elementor-icon-list-items\">\n\t\t\t\t\t\t\t<li class=\"elementor-icon-list-item\">\n\t\t\t\t\t\t\t\t\t\t\t<span class=\"elementor-icon-list-icon\">\n\t\t\t\t\t\t\t<svg xmlns=\"http:\/\/www.w3.org\/2000\/svg\" xmlns:xlink=\"http:\/\/www.w3.org\/1999\/xlink\" width=\"512\" height=\"512\" x=\"0\" y=\"0\" viewBox=\"0 0 25.625 25.625\" style=\"enable-background:new 0 0 512 512\" xml:space=\"preserve\" class=\"\"><rect width=\"25.625\" height=\"25.625\" rx=\"5.125\" ry=\"5.125\" fill=\"#025ba4\"><\/rect><g transform=\"matrix(0.7,0,0,0.7,3.843821507692338,3.8436547994613655)\"><path d=\"M22.079 17.835c-1.548-1.324-3.119-2.126-4.648-.804l-.913.799c-.668.58-1.91 3.29-6.712-2.234-4.801-5.517-1.944-6.376-1.275-6.951l.918-.8c1.521-1.325.947-2.993-.15-4.71l-.662-1.04C7.535.382 6.335-.743 4.81.58l-.824.72c-.674.491-2.558 2.087-3.015 5.119-.55 3.638 1.185 7.804 5.16 12.375 3.97 4.573 7.857 6.87 11.539 6.83 3.06-.033 4.908-1.675 5.486-2.272l.827-.721c1.521-1.322.576-2.668-.973-3.995l-.931-.801z\" style=\"\" fill=\"#ffffff\" data-original=\"#030104\" class=\"\" opacity=\"1\"><\/path><\/g><\/svg>\t\t\t\t\t\t<\/span>\n\t\t\t\t\t\t\t\t\t\t<span class=\"elementor-icon-list-text\">  +39 080 8721785<\/span>\n\t\t\t\t\t\t\t\t\t<\/li>\n\t\t\t\t\t\t\t\t<li class=\"elementor-icon-list-item\">\n\t\t\t\t\t\t\t\t\t\t\t<a href=\"mailto:%20info@steeltechitalia.com\">\n\n\t\t\t\t\t\t\t\t\t\t\t\t<span class=\"elementor-icon-list-icon\">\n\t\t\t\t\t\t\t<svg xmlns=\"http:\/\/www.w3.org\/2000\/svg\" xmlns:xlink=\"http:\/\/www.w3.org\/1999\/xlink\" width=\"512\" height=\"512\" x=\"0\" y=\"0\" viewBox=\"0 0 32 32\" style=\"enable-background:new 0 0 512 512\" xml:space=\"preserve\" class=\"\"><rect width=\"32\" height=\"32\" rx=\"6.4\" ry=\"6.4\" fill=\"#025ba4\"><\/rect><g transform=\"matrix(0.7,0,0,0.7,4.798022845387459,4.785767304897309)\"><path d=\"M31.348 13.8A15.5 15.5 0 0 0 .627 18.015a15.614 15.614 0 0 0 13.31 13.351 16.058 16.058 0 0 0 2.08.136 15.351 15.351 0 0 0 7.972-2.217 1.5 1.5 0 0 0-1.548-2.57 12.5 12.5 0 1 1-4.789-23.109 12.5 12.5 0 0 1 10.162 16.488 2.166 2.166 0 0 1-2.079 1.406 2.238 2.238 0 0 1-2.235-2.235V10a1.5 1.5 0 0 0-3 0v.014a7.5 7.5 0 1 0 .541 11.523 5.224 5.224 0 0 0 4.694 2.963 5.167 5.167 0 0 0 4.914-3.424 15.535 15.535 0 0 0 .699-7.276zM16 20.5a4.5 4.5 0 1 1 4.5-4.5 4.505 4.505 0 0 1-4.5 4.5z\" fill=\"#ffffff\" opacity=\"1\" data-original=\"#000000\" class=\"\"><\/path><\/g><\/svg>\t\t\t\t\t\t<\/span>\n\t\t\t\t\t\t\t\t\t\t<span class=\"elementor-icon-list-text\"> info@steeltechitalia.com<\/span>\n\t\t\t\t\t\t\t\t\t\t\t<\/a>\n\t\t\t\t\t\t\t\t\t<\/li>\n\t\t\t\t\t\t<\/ul>\n\t\t\t\t\t\t<\/div>\n\t\t\t\t<\/div>\n\t\t\t\t<\/div>\n\t\t\t\t<\/div>\n\t\t<div class=\"elementor-element elementor-element-7037d0c e-con-full e-flex e-con e-child\" data-id=\"7037d0c\" data-element_type=\"container\">\n\t\t\t\t<div class=\"elementor-element elementor-element-5837882 elementor-widget elementor-widget-heading\" data-id=\"5837882\" data-element_type=\"widget\" data-widget_type=\"heading.default\">\n\t\t\t\t<div class=\"elementor-widget-container\">\n\t\t\t\t\t<p class=\"elementor-heading-title elementor-size-default\">Les normes<\/p>\t\t\t\t<\/div>\n\t\t\t\t<\/div>\n\t\t\t\t<div class=\"elementor-element elementor-element-673cd29 elementor-widget__width-initial elementor-widget elementor-widget-heading\" data-id=\"673cd29\" data-element_type=\"widget\" data-widget_type=\"heading.default\">\n\t\t\t\t<div class=\"elementor-widget-container\">\n\t\t\t\t\t<h2 class=\"elementor-heading-title elementor-size-default\">Construction de silos et de r\u00e9servoirs selon les NTC 2018 et les normes europ\u00e9ennes<\/h2>\t\t\t\t<\/div>\n\t\t\t\t<\/div>\n\t\t\t\t<div class=\"elementor-element elementor-element-a5d4df3 elementor-widget-divider--view-line elementor-widget elementor-widget-divider\" data-id=\"a5d4df3\" data-element_type=\"widget\" data-widget_type=\"divider.default\">\n\t\t\t\t<div class=\"elementor-widget-container\">\n\t\t\t\t\t\t\t<div class=\"elementor-divider\">\n\t\t\t<span class=\"elementor-divider-separator\">\n\t\t\t\t\t\t<\/span>\n\t\t<\/div>\n\t\t\t\t\t\t<\/div>\n\t\t\t\t<\/div>\n\t\t\t\t<div class=\"elementor-element elementor-element-e90a9a1 elementor-widget elementor-widget-heading\" data-id=\"e90a9a1\" data-element_type=\"widget\" data-widget_type=\"heading.default\">\n\t\t\t\t<div class=\"elementor-widget-container\">\n\t\t\t\t\t<h3 class=\"elementor-heading-title elementor-size-default\">Priorit\u00e9 \u00e0 la s\u00e9curit\u00e9 structurelle et \u00e0 la conformit\u00e9 r\u00e9glementaire\nAper\u00e7u des normes NTC 2018 et des Eurocodes de r\u00e9f\u00e9rence<\/h3>\t\t\t\t<\/div>\n\t\t\t\t<\/div>\n\t\t\t\t<div class=\"elementor-element elementor-element-a6514ec elementor-widget__width-initial elementor-widget elementor-widget-text-editor\" data-id=\"a6514ec\" data-element_type=\"widget\" data-widget_type=\"text-editor.default\">\n\t\t\t\t<div class=\"elementor-widget-container\">\n\t\t\t\t\t\t\t\t\t<p>Les <strong>NTC 2018<\/strong> (Normes Techniques pour les Constructions) constituent la principale r\u00e9f\u00e9rence r\u00e9glementaire en Italie pour la <strong>conception, la v\u00e9rification et l\u2019essai des structures<\/strong>, y compris celles destin\u00e9es au <strong>stockage de liquides ou de mat\u00e9riaux en vrac<\/strong>, comme <strong>les silos et les r\u00e9servoirs<\/strong>. En int\u00e9grant les principes des <strong>Eurocodes<\/strong>, les NTC garantissent une approche scientifique et rigoureuse de la <strong>s\u00e9curit\u00e9 structurelle<\/strong>, de la <strong>r\u00e9sistance sismique<\/strong> et de la <strong>durabilit\u00e9 <\/strong>dans le temps des constructions.<\/p><p>Concevoir et construire selon les NTC 2018 signifie garantir que chaque structure soit capable de r\u00e9sister de mani\u00e8re fiable aux <strong>actions statiques et dynamiques<\/strong> pr\u00e9vues, notamment <strong>les pressions internes, les charges de vent et de neige, les actions sismiques et les ph\u00e9nom\u00e8nes d\u2019instabilit\u00e9.<\/strong> Les normes exigent \u00e9galement une \u00e9valuation attentive des<strong> caract\u00e9ristiques m\u00e9caniques des mat\u00e9riaux<\/strong>, des <strong>techniques de construction<\/strong> adopt\u00e9es et de l\u2019interaction avec le sol.<\/p><p>Les v\u00e9rifications structurelles reposent principalement sur les <strong>Eurocodes structurels<\/strong>, parmi lesquels :<\/p><ul><li><strong>EN 1991<\/strong> pour la d\u00e9finition des charges et des actions environnementales<\/li><li><strong>EN 1993<\/strong> pour la conception en acier, y compris les ph\u00e9nom\u00e8nes d\u2019instabilit\u00e9 et de fatigue<\/li><li><strong>EN 1998<\/strong> pour la conception sismique des structures industrielles<\/li><\/ul><p>L\u2019application conjointe des NTC et des Eurocodes garantit que l\u2019ouvrage est conforme aux normes europ\u00e9ennes les plus \u00e9lev\u00e9es en mati\u00e8re de<strong> s\u00e9curit\u00e9, de fiabilit\u00e9 et de durabilit\u00e9.<\/strong><br>Le processus de conception pr\u00e9voit des <strong>analyses structurelles d\u00e9taill\u00e9es<\/strong>, des <strong>mod\u00e9lisations FEM<\/strong>, des <strong>contr\u00f4les documentaires<\/strong> et, le cas \u00e9ch\u00e9ant, la <strong>validation par les organismes charg\u00e9s du contr\u00f4le sismique et structurel.<\/strong><\/p><p>Les silos et r\u00e9servoirs r\u00e9alis\u00e9s conform\u00e9ment aux NTC 2018 repr\u00e9sentent donc non seulement un investissement s\u00fbr et durable, mais aussi un indicateur clair de la <strong>qualit\u00e9 de conception <\/strong>et du <strong>respect des r\u00e9glementations<\/strong> en vigueur dans le contexte national et europ\u00e9en.<\/p>\t\t\t\t\t\t\t\t<\/div>\n\t\t\t\t<\/div>\n\t\t\t\t<div class=\"elementor-element elementor-element-09deaf0 elementor-widget elementor-widget-image\" data-id=\"09deaf0\" data-element_type=\"widget\" data-widget_type=\"image.default\">\n\t\t\t\t<div class=\"elementor-widget-container\">\n\t\t\t\t\t\t\t\t\t\t\t\t\t\t\t<img fetchpriority=\"high\" decoding=\"async\" width=\"585\" height=\"820\" src=\"https:\/\/steeltechitalia.com\/wp-content\/uploads\/2025\/08\/EN-14015.png\" class=\"attachment-large size-large wp-image-2680\" alt=\"EN\" srcset=\"https:\/\/steeltechitalia.com\/wp-content\/uploads\/2025\/08\/EN-14015.png 585w, https:\/\/steeltechitalia.com\/wp-content\/uploads\/2025\/08\/EN-14015-214x300.png 214w\" sizes=\"(max-width: 585px) 100vw, 585px\" \/>\t\t\t\t\t\t\t\t\t\t\t\t\t\t\t<\/div>\n\t\t\t\t<\/div>\n\t\t\t\t<div class=\"elementor-element elementor-element-d3b6a09 elementor-widget__width-initial elementor-widget elementor-widget-text-editor\" data-id=\"d3b6a09\" data-element_type=\"widget\" data-widget_type=\"text-editor.default\">\n\t\t\t\t<div class=\"elementor-widget-container\">\n\t\t\t\t\t\t\t\t\t<p><strong>Que signifie la conformit\u00e9 r\u00e9glementaire dans la construction de r\u00e9servoirs industriels<\/strong><\/p><p><strong>Conception structurelle (NTC 2018 + Eurocodes)<\/strong><br>La conformit\u00e9 aux <strong>NTC 2018 <\/strong>et aux <strong>Eurocodes <\/strong>garantit que les r\u00e9servoirs sont dimensionn\u00e9s pour r\u00e9sister aux charges statiques, dynamiques et sismiques, conform\u00e9ment aux normes les plus \u00e9lev\u00e9es de s\u00e9curit\u00e9 structurelle pr\u00e9vues par la r\u00e9glementation europ\u00e9enne et italienne.<\/p><p><strong>Syst\u00e8me de pr\u00e9vention des fuites<\/strong><br>Toutes les normes cit\u00e9es pr\u00e9voient des mesures sp\u00e9cifiques pour <strong>\u00e9viter les fuites accidentelles<\/strong>, gr\u00e2ce \u00e0 l\u2019utilisation de parois multiples, de dispositifs de s\u00e9curit\u00e9, de contr\u00f4les automatiques et de plans d\u2019inspection.<\/p><p><strong>Syst\u00e8me de surveillance et d\u2019essais<\/strong><br>Il est obligatoire de pr\u00e9voir des <strong>v\u00e9rifications fonctionnelles et structurelles<\/strong>, y compris des tests d\u2019\u00e9tanch\u00e9it\u00e9, des \u00e9preuves de pression et des essais finaux, afin de garantir l\u2019aptitude du r\u00e9servoir avant sa mise en service.<\/p><p><strong>Inspections p\u00e9riodiques et maintenance<\/strong><br>La r\u00e9glementation exige que les r\u00e9servoirs fassent l\u2019objet d\u2019<strong>inspections r\u00e9guli\u00e8res<\/strong> par des techniciens qualifi\u00e9s ou des organismes notifi\u00e9s, avec une fr\u00e9quence variable selon le type de service et la cat\u00e9gorie de risque.<\/p><p><strong>Documentation technique et tra\u00e7abilit\u00e9<\/strong><br>Chaque r\u00e9servoir doit \u00eatre accompagn\u00e9 d\u2019une <strong>documentation compl\u00e8te<\/strong> attestant les mat\u00e9riaux utilis\u00e9s, les proc\u00e9d\u00e9s de soudage, les contr\u00f4les effectu\u00e9s et le plan de maintenance, garantissant la tra\u00e7abilit\u00e9 et la conformit\u00e9 r\u00e9glementaire.<\/p><p><strong>Comp\u00e9tence consolid\u00e9e \u2013 NTC 2018 + Eurocodes<\/strong><\/p><p>Dans la r\u00e9alisation de structures de support et de r\u00e9servoirs soumis \u00e0 des actions sismiques et environnementales, Steeltech applique rigoureusement les <strong>NTC 2018<\/strong> et les <strong>Eurocodes <\/strong>associ\u00e9s, assurant la conformit\u00e9 aux r\u00e9glementations italiennes en mati\u00e8re de s\u00e9curit\u00e9 structurelle.<br>Gr\u00e2ce \u00e0 une conception int\u00e9gr\u00e9e et \u00e0 l\u2019utilisation de logiciels FEM avanc\u00e9s, l\u2019entreprise garantit que chaque structure est <strong>calcul\u00e9e, v\u00e9rifi\u00e9e et test\u00e9e<\/strong> pour r\u00e9sister \u00e0 des conditions de service s\u00e9v\u00e8res, dans le plein respect de la r\u00e9glementation technique.<br>Steeltech est reconnue pour sa<strong> fiabilit\u00e9 en conception et sa capacit\u00e9 de dialogue avec les organismes publics et priv\u00e9s<\/strong> pour les ouvrages soumis \u00e0 d\u00e9claration sismique et \u00e0 contr\u00f4les statiques.<\/p><p><strong>Pourquoi choisir Steeltech pour vos r\u00e9cipients certifi\u00e9s<\/strong><\/p><p>Dans chaque projet, Steeltech applique une <strong>connaissance approfondie des normes<\/strong> et une <strong>m\u00e9thodologie de travail certifi\u00e9e<\/strong>, soutenue par une \u00e9quipe technique qualifi\u00e9e, des soudeurs agr\u00e9\u00e9s, des contr\u00f4les non destructifs et une documentation technique compl\u00e8te.<\/p><p>Les r\u00e9cipients r\u00e9alis\u00e9s par Steeltech sont con\u00e7us pour garantir :<\/p><ul><li><strong>Fiabilit\u00e9 structurelle dans le temps<\/strong><\/li><li><strong>Conformit\u00e9 aux r\u00e9glementations italiennes, europ\u00e9ennes et internationales<\/strong><\/li><li><strong>Adaptabilit\u00e9 \u00e0 diff\u00e9rents secteurs industriels<\/strong> (chimique, alimentaire, pharmaceutique, environnemental, \u00e9nergie, traitement des eaux)<\/li><\/ul><p><strong>Gestion compl\u00e8te de la commande<\/strong>, de la conception aux essais finaux<\/p>\t\t\t\t\t\t\t\t<\/div>\n\t\t\t\t<\/div>\n\t\t\t\t<\/div>\n\t\t\t\t\t<\/div>\n\t\t\t\t<\/div>\n\t\t<div class=\"elementor-element elementor-element-dfc4f0e e-flex e-con-boxed e-con e-parent\" data-id=\"dfc4f0e\" data-element_type=\"container\" data-settings=\"{&quot;background_background&quot;:&quot;classic&quot;}\">\n\t\t\t\t\t<div class=\"e-con-inner\">\n\t\t\t\t<div class=\"elementor-element elementor-element-35b7884 elementor-widget elementor-widget-heading\" data-id=\"35b7884\" data-element_type=\"widget\" data-widget_type=\"heading.default\">\n\t\t\t\t<div class=\"elementor-widget-container\">\n\t\t\t\t\t<p class=\"elementor-heading-title elementor-size-default\">Solutions cl\u00e9s en main<\/p>\t\t\t\t<\/div>\n\t\t\t\t<\/div>\n\t\t\t\t<div class=\"elementor-element elementor-element-147807f elementor-widget__width-initial elementor-widget elementor-widget-heading\" data-id=\"147807f\" data-element_type=\"widget\" data-widget_type=\"heading.default\">\n\t\t\t\t<div class=\"elementor-widget-container\">\n\t\t\t\t\t<h2 class=\"elementor-heading-title elementor-size-default\">R\u00e9cipients certifi\u00e9s selon les normes internationales<\/h2>\t\t\t\t<\/div>\n\t\t\t\t<\/div>\n\t\t\t\t<div class=\"elementor-element elementor-element-ce218fd elementor-widget-divider--view-line elementor-widget elementor-widget-divider\" data-id=\"ce218fd\" data-element_type=\"widget\" data-widget_type=\"divider.default\">\n\t\t\t\t<div class=\"elementor-widget-container\">\n\t\t\t\t\t\t\t<div class=\"elementor-divider\">\n\t\t\t<span class=\"elementor-divider-separator\">\n\t\t\t\t\t\t<\/span>\n\t\t<\/div>\n\t\t\t\t\t\t<\/div>\n\t\t\t\t<\/div>\n\t\t\t\t<div class=\"elementor-element elementor-element-5b07810 elementor-widget__width-initial elementor-widget elementor-widget-text-editor\" data-id=\"5b07810\" data-element_type=\"widget\" data-widget_type=\"text-editor.default\">\n\t\t\t\t<div class=\"elementor-widget-container\">\n\t\t\t\t\t\t\t\t\t<p>Nous concevons des r\u00e9cipients en conformit\u00e9 avec les normes et standards les plus r\u00e9cents utilis\u00e9s dans le monde, tels que :<\/p>\t\t\t\t\t\t\t\t<\/div>\n\t\t\t\t<\/div>\n\t\t\t\t\t<\/div>\n\t\t\t\t<\/div>\n\t\t<div class=\"elementor-element elementor-element-154ec16 e-flex e-con-boxed e-con e-parent\" data-id=\"154ec16\" data-element_type=\"container\" data-settings=\"{&quot;background_background&quot;:&quot;classic&quot;}\">\n\t\t\t\t\t<div class=\"e-con-inner\">\n\t\t<a class=\"elementor-element elementor-element-7c1ee70 e-con-full e-flex e-con e-child\" data-id=\"7c1ee70\" data-element_type=\"container\" href=\"https:\/\/steeltechitalia.com\/fr\/construction-de-reservoirs-sous-pression-selon-la-norme-uni-en-13455-et-la-directive-ped\/\">\n\t\t\t\t<div class=\"elementor-element elementor-element-6c90640 elementor-widget elementor-widget-heading\" data-id=\"6c90640\" data-element_type=\"widget\" data-widget_type=\"heading.default\">\n\t\t\t\t<div class=\"elementor-widget-container\">\n\t\t\t\t\t<h4 class=\"elementor-heading-title elementor-size-default\">EN13445<\/h4>\t\t\t\t<\/div>\n\t\t\t\t<\/div>\n\t\t\t\t<\/a>\n\t\t<a class=\"elementor-element elementor-element-022a5e2 e-con-full e-flex e-con e-child\" data-id=\"022a5e2\" data-element_type=\"container\" href=\"https:\/\/steeltechitalia.com\/fr\/construction-de-reservoirs-en-acier-conformes-a-la-norme-uni-en-14015\/\">\n\t\t\t\t<div class=\"elementor-element elementor-element-898279c elementor-widget elementor-widget-heading\" data-id=\"898279c\" data-element_type=\"widget\" data-widget_type=\"heading.default\">\n\t\t\t\t<div class=\"elementor-widget-container\">\n\t\t\t\t\t<h4 class=\"elementor-heading-title elementor-size-default\">EN14015<\/h4>\t\t\t\t<\/div>\n\t\t\t\t<\/div>\n\t\t\t\t<\/a>\n\t\t<a class=\"elementor-element elementor-element-528bcbb e-con-full e-flex e-con e-child\" data-id=\"528bcbb\" data-element_type=\"container\" href=\"https:\/\/steeltechitalia.com\/fr\/construction-de-reservoirs-selon-la-norme-api-650\/\">\n\t\t\t\t<div class=\"elementor-element elementor-element-904a009 elementor-widget elementor-widget-heading\" data-id=\"904a009\" data-element_type=\"widget\" data-widget_type=\"heading.default\">\n\t\t\t\t<div class=\"elementor-widget-container\">\n\t\t\t\t\t<h4 class=\"elementor-heading-title elementor-size-default\">API650<\/h4>\t\t\t\t<\/div>\n\t\t\t\t<\/div>\n\t\t\t\t<\/a>\n\t\t<a class=\"elementor-element elementor-element-91a884a e-con-full e-flex e-con e-child\" data-id=\"91a884a\" data-element_type=\"container\" href=\"https:\/\/steeltechitalia.com\/fr\/construction-de-silos-et-de-reservoirs-selon-les-ntc-2018-et-les-normes-europeennes\/\">\n\t\t\t\t<div class=\"elementor-element elementor-element-64aa5e6 elementor-widget elementor-widget-heading\" data-id=\"64aa5e6\" data-element_type=\"widget\" data-widget_type=\"heading.default\">\n\t\t\t\t<div class=\"elementor-widget-container\">\n\t\t\t\t\t<h4 class=\"elementor-heading-title elementor-size-default\">NTC 2018<\/h4>\t\t\t\t<\/div>\n\t\t\t\t<\/div>\n\t\t\t\t<\/a>\n\t\t<a class=\"elementor-element elementor-element-8b4c8a6 e-con-full e-flex e-con e-child\" data-id=\"8b4c8a6\" data-element_type=\"container\" href=\"https:\/\/steeltechitalia.com\/serbatoi-in-acciaio-inox-conformi-agli-standard-whg\/\">\n\t\t\t\t<div class=\"elementor-element elementor-element-3bd18fa elementor-widget elementor-widget-heading\" data-id=\"3bd18fa\" data-element_type=\"widget\" data-widget_type=\"heading.default\">\n\t\t\t\t<div class=\"elementor-widget-container\">\n\t\t\t\t\t<h4 class=\"elementor-heading-title elementor-size-default\">WHC<\/h4>\t\t\t\t<\/div>\n\t\t\t\t<\/div>\n\t\t\t\t<\/a>\n\t\t\t\t\t<\/div>\n\t\t\t\t<\/div>\n\t\t<div class=\"elementor-element elementor-element-34b1b00 e-flex e-con-boxed e-con e-parent\" data-id=\"34b1b00\" data-element_type=\"container\" data-settings=\"{&quot;background_background&quot;:&quot;classic&quot;}\">\n\t\t\t\t\t<div class=\"e-con-inner\">\n\t\t\t\t<div class=\"elementor-element elementor-element-fdf08f2 elementor-widget__width-initial elementor-widget elementor-widget-text-editor\" data-id=\"fdf08f2\" data-element_type=\"widget\" data-widget_type=\"text-editor.default\">\n\t\t\t\t<div class=\"elementor-widget-container\">\n\t\t\t\t\t\t\t\t\t<p>Gr\u00e2ce \u00e0 son savoir-faire et \u00e0 l\u2019exp\u00e9rience acquise en 50 ans, Steel Tech est en mesure de fournir un produit cl\u00e9 en main, depuis la conception, les rapports de calcul, la construction, la livraison et l\u2019installation\/le montage sur site.<\/p>\t\t\t\t\t\t\t\t<\/div>\n\t\t\t\t<\/div>\n\t\t\t\t\t<\/div>\n\t\t\t\t<\/div>\n\t\t\t\t<\/div>\n\t\t","protected":false},"excerpt":{"rendered":"<p>S\u00e9curit\u00e9 environnementale et conformit\u00e9 r\u00e9glementaire Normes europ\u00e9ennes Notre \u00e9quipe est l\u00e0 pour vous Voulez-vous en savoir plus sur nos produits ? Souhaitez-vous d\u00e9couvrir les solutions que nous pouvons vous proposer ou pr\u00e9f\u00e9rez-vous recevoir imm\u00e9diatement un devis personnalis\u00e9 ? Contactez-nous : nous serons ravis de vous fournir toutes les informations que vous recherchez. Demandez un devis [&hellip;]<\/p>\n","protected":false},"author":1,"featured_media":0,"parent":0,"menu_order":0,"comment_status":"closed","ping_status":"closed","template":"","meta":{"_acf_changed":false,"slim_seo":{"title":"Construction de silos et de r\u00e9servoirs selon les NTC 2018 et les normes europ\u00e9ennes - SteelTech srl","description":"S\u00e9curit\u00e9 environnementale et conformit\u00e9 r\u00e9glementaire Normes europ\u00e9ennes Notre \u00e9quipe est l\u00e0 pour vous Voulez-vous en savoir plus sur nos produits ? Souhaitez-v"},"footnotes":""},"class_list":["post-3106","page","type-page","status-publish","hentry"],"acf":[],"_links":{"self":[{"href":"https:\/\/steeltechitalia.com\/fr\/wp-json\/wp\/v2\/pages\/3106","targetHints":{"allow":["GET"]}}],"collection":[{"href":"https:\/\/steeltechitalia.com\/fr\/wp-json\/wp\/v2\/pages"}],"about":[{"href":"https:\/\/steeltechitalia.com\/fr\/wp-json\/wp\/v2\/types\/page"}],"author":[{"embeddable":true,"href":"https:\/\/steeltechitalia.com\/fr\/wp-json\/wp\/v2\/users\/1"}],"replies":[{"embeddable":true,"href":"https:\/\/steeltechitalia.com\/fr\/wp-json\/wp\/v2\/comments?post=3106"}],"version-history":[{"count":3,"href":"https:\/\/steeltechitalia.com\/fr\/wp-json\/wp\/v2\/pages\/3106\/revisions"}],"predecessor-version":[{"id":3132,"href":"https:\/\/steeltechitalia.com\/fr\/wp-json\/wp\/v2\/pages\/3106\/revisions\/3132"}],"wp:attachment":[{"href":"https:\/\/steeltechitalia.com\/fr\/wp-json\/wp\/v2\/media?parent=3106"}],"curies":[{"name":"wp","href":"https:\/\/api.w.org\/{rel}","templated":true}]}}