{"id":3515,"date":"2025-09-03T08:25:19","date_gmt":"2025-09-03T08:25:19","guid":{"rendered":"https:\/\/steeltechitalia.com\/politique-de-confidentialite\/"},"modified":"2025-09-03T08:25:19","modified_gmt":"2025-09-03T08:25:19","slug":"politique-de-confidentialite","status":"publish","type":"page","link":"https:\/\/steeltechitalia.com\/fr\/politique-de-confidentialite\/","title":{"rendered":"Politique de confidentialit\u00e9"},"content":{"rendered":"<h1 class=\"privacy-policy-h1\">Derni\u00e8re mise \u00e0 jour le 03-sept-2025<\/h1>\n<p>Date d\u2019entr\u00e9e en vigueur : 03-sept-2025<\/p>\n<p class=\"privacy-policy-p\">Cette politique de confidentialit\u00e9 d\u00e9crit les politiques de<\/p>\n<p>STEEL TECH SRL,<br \/>\nVia Vecchia Molfetta, 14,<br \/>\nBari<br \/>\n70033,<br \/>\nItalia,<br \/>\nemail: info@steeltechitalia.com,<br \/>\nt\u00e9l\u00e9phone: +39 080 3591770<\/p>\n<p>sur la collecte,<br \/>\nl\u2019utilisation et la divulgation de vos informations que nous recueillons<br \/>\nlorsque vous utilisez notre site web (https:\/\/steeltechitalia.com).<br \/>\n(le \u00ab Service \u00bb). En acc\u00e9dant ou en utilisant<br \/>\nle Service, vous consentez \u00e0 la collecte, \u00e0 l\u2019utilisation et<br \/>\n\u00e0 la divulgation de vos informations conform\u00e9ment \u00e0 cette<br \/>\npolitique de confidentialit\u00e9. Si vous n\u2019y consentez pas,<br \/>\nveuillez ne pas acc\u00e9der ni utiliser le Service.  <\/p>\n<p class=\"privacy-policy-p\">Nous pouvons modifier cette politique de confidentialit\u00e9 \u00e0 tout moment sans<br \/>\npr\u00e9avis et publierons la politique r\u00e9vis\u00e9e<br \/>\nsur le Service. La politique r\u00e9vis\u00e9e entrera en<br \/>\nvigueur 180 jours apr\u00e8s sa publication sur le Service, et votre<br \/>\nacc\u00e8s continu ou utilisation du Service apr\u00e8s cette date<br \/>\nvaudra acceptation de la politique de confidentialit\u00e9 r\u00e9vis\u00e9e. Nous vous recommandons donc de consulter r\u00e9guli\u00e8rement cette page.  <\/p>\n<ol class=\"privacy-policy-ol\">\n<li>\n<h2 class=\"privacy-policy-h2\">Informations que nous recueillons :<\/h2>\n<p class=\"privacy-policy-p\">Nous recueillerons et traiterons les informations personnelles suivantes vous concernant :<\/p>\n<ol class=\"privacy-policy-ol\">\n<li>Pr\u00e9nom<\/li>\n<li>Nom de famille<\/li>\n<li>Entreprise<\/li>\n<li>Email<\/li>\n<li>Num\u00e9ro de t\u00e9l\u00e9phone<\/li>\n<\/ol>\n<\/li>\n<li>\n<h2 class=\"privacy-policy-h2\">Comment nous utilisons vos informations :<\/h2>\n<p class=\"privacy-policy-p\">Nous utiliserons les informations que nous recueillons<br \/>\n\u00e0 votre sujet aux fins suivantes :<\/p>\n<ol class=\"privacy-policy-ol\">\n<li>Marketing \/ Promotionnel<\/li>\n<\/ol>\n<p class=\"privacy-policy-p\">Si nous souhaitons utiliser vos informations \u00e0 toute autre<br \/>\nfin, nous vous demanderons votre consentement et<br \/>\nn\u2019utiliserons vos informations qu\u2019apr\u00e8s avoir obtenu votre<br \/>\nconsentement et uniquement aux fins pour lesquelles<br \/>\nvous l\u2019avez accord\u00e9, sauf obligation l\u00e9gale contraire.<\/p>\n<\/li>\n<li>\n<h2 class=\"privacy-policy-h2\">Conservation de vos informations :<\/h2>\n<p class=\"privacy-policy-p\">Nous conserverons vos informations personnelles<br \/>\npendant une p\u00e9riode de 90 jours \u00e0 2 ans apr\u00e8s la cl\u00f4ture de votre compte<br \/>\nou aussi longtemps que n\u00e9cessaire pour atteindre les objectifs<br \/>\npour lesquels elles ont \u00e9t\u00e9 collect\u00e9es, tels que d\u00e9crits dans la pr\u00e9sente<br \/>\npolitique de confidentialit\u00e9. Nous pourrions \u00eatre amen\u00e9s \u00e0 conserver certaines<br \/>\ninformations plus longtemps pour des raisons telles que<br \/>\nla tenue de registres \/ la conformit\u00e9 aux lois applicables ou pour<br \/>\nd\u2019autres motifs l\u00e9gitimes comme l\u2019exercice de droits l\u00e9gaux,<br \/>\nla pr\u00e9vention des fraudes, etc. Les informations r\u00e9siduelles anonymes<br \/>\net les donn\u00e9es agr\u00e9g\u00e9es, qui ne vous identifient pas<br \/>\n(directement ou indirectement), peuvent \u00eatre<br \/>\nconserv\u00e9es ind\u00e9finiment. <\/p>\n<\/li>\n<li>\n<h2 class=\"privacy-policy-h2\">Vos droits :<\/h2>\n<p class=\"privacy-policy-p\">Selon la loi applicable, vous pouvez avoir<br \/>\nle droit d\u2019acc\u00e9der \u00e0 vos donn\u00e9es personnelles, de les rectifier ou de les supprimer,<br \/>\nd\u2019en recevoir une copie, de limiter ou de vous opposer au traitement actif<br \/>\nde vos donn\u00e9es, de nous demander de transf\u00e9rer<br \/>\nvos informations personnelles \u00e0 une autre entit\u00e9,<br \/>\nde retirer tout consentement que vous nous avez donn\u00e9 pour<br \/>\nle traitement de vos donn\u00e9es, de d\u00e9poser une plainte<br \/>\naupr\u00e8s d\u2019une autorit\u00e9 comp\u00e9tente et de b\u00e9n\u00e9ficier d\u2019autres droits<br \/>\npr\u00e9vue par les lois applicables. Pour<br \/>\nexercer ces droits, vous pouvez nous \u00e9crire \u00e0<br \/>\ninfo@steeltechitalia.com.<br \/>\nNous r\u00e9pondrons \u00e0 votre<br \/>\ndemande conform\u00e9ment \u00e0 la loi applicable. <\/p>\n<p class=\"privacy-policy-p\">Veuillez noter que si vous ne nous autorisez pas \u00e0 collecter<br \/>\nou traiter les informations personnelles demand\u00e9es, ou<br \/>\nsi vous retirez votre consentement au traitement de celles-ci aux fins pr\u00e9vues,<br \/>\nvous pourriez ne pas \u00eatre en mesure d\u2019acc\u00e9der aux services<br \/>\nou de les utiliser lorsque vos informations sont n\u00e9cessaires.<\/p>\n<\/li>\n<li>\n<h2 class=\"privacy-policy-h2\">Cookie Ecc.<\/h2>\n<p>Pour en savoir plus sur la mani\u00e8re dont nous utilisons ces<br \/>\net vos choix concernant ces technologies de suivi, veuillez vous r\u00e9f\u00e9rer \u00e0 notre<br \/>\n<a href=\"https:\/\/steeltechitalia.com\/fr\/\">Politique en mati\u00e8re de cookies.<\/a><\/li>\n<li>\n<h2 class=\"privacy-policy-h2\">S\u00e9curit\u00e9 :<\/h2>\n<p class=\"privacy-policy-p\">La s\u00e9curit\u00e9 de vos informations est importante pour<br \/>\nnous et nous mettrons en \u0153uvre des mesures de s\u00e9curit\u00e9 raisonnables<br \/>\npour pr\u00e9venir la perte, l\u2019utilisation abusive ou la modification non autoris\u00e9e<br \/>\nde vos informations sous notre contr\u00f4le. Toutefois, compte tenu des risques inh\u00e9rents,<br \/>\nnous ne pouvons garantir une s\u00e9curit\u00e9 absolue et,<br \/>\npar cons\u00e9quent, nous ne pouvons ni assurer ni garantir la<br \/>\ns\u00e9curit\u00e9 des informations que vous nous transmettez,<br \/>\net vous le faites \u00e0 vos propres risques. <\/p>\n<\/li>\n<li>\n<h2 class=\"privacy-policy-h2\">R\u00e9clamations \/ D\u00e9l\u00e9gu\u00e9 \u00e0 la protection des donn\u00e9es :<\/h2>\n<p class=\"privacy-policy-p\">Si vous avez des questions ou des pr\u00e9occupations concernant<br \/>\nle traitement de vos informations d\u00e9tenues par nos soins,<br \/>\nvous pouvez envoyer un e-mail \u00e0 notre responsable des r\u00e9clamations \u00e0<br \/>\nSTEEL TECH SRL,<br \/>\nVia Vecchia Molfetta, 14,<br \/>\ne-mail : info@steeltechitalia.com.<br \/>\nNous traiterons vos pr\u00e9occupations conform\u00e9ment \u00e0 la loi applicable.<\/p>\n<\/li>\n<\/ol>\n<p class=\"privacy-policy-p\">\n","protected":false},"excerpt":{"rendered":"<p>Derni\u00e8re mise \u00e0 jour le 03-sept-2025 Date d\u2019entr\u00e9e en vigueur : 03-sept-2025 Cette politique de confidentialit\u00e9 d\u00e9crit les politiques de STEEL TECH SRL, Via Vecchia Molfetta, 14, Bari 70033, Italia, email: info@steeltechitalia.com, t\u00e9l\u00e9phone: +39 080 3591770 sur la collecte, l\u2019utilisation et la divulgation de vos informations que nous recueillons lorsque vous utilisez notre site web [&hellip;]<\/p>\n","protected":false},"author":1,"featured_media":0,"parent":0,"menu_order":0,"comment_status":"closed","ping_status":"closed","template":"","meta":{"_acf_changed":false,"slim_seo":{"title":"Politique de confidentialit\u00e9 - SteelTech srl","description":"Derni\u00e8re mise \u00e0 jour le 03-sept-2025 Date d\u2019entr\u00e9e en vigueur : 03-sept-2025 Cette politique de confidentialit\u00e9 d\u00e9crit les politiques de STEEL TECH SRL, Via Vec"},"footnotes":""},"class_list":["post-3515","page","type-page","status-publish","hentry"],"acf":[],"_links":{"self":[{"href":"https:\/\/steeltechitalia.com\/fr\/wp-json\/wp\/v2\/pages\/3515","targetHints":{"allow":["GET"]}}],"collection":[{"href":"https:\/\/steeltechitalia.com\/fr\/wp-json\/wp\/v2\/pages"}],"about":[{"href":"https:\/\/steeltechitalia.com\/fr\/wp-json\/wp\/v2\/types\/page"}],"author":[{"embeddable":true,"href":"https:\/\/steeltechitalia.com\/fr\/wp-json\/wp\/v2\/users\/1"}],"replies":[{"embeddable":true,"href":"https:\/\/steeltechitalia.com\/fr\/wp-json\/wp\/v2\/comments?post=3515"}],"version-history":[{"count":0,"href":"https:\/\/steeltechitalia.com\/fr\/wp-json\/wp\/v2\/pages\/3515\/revisions"}],"wp:attachment":[{"href":"https:\/\/steeltechitalia.com\/fr\/wp-json\/wp\/v2\/media?parent=3515"}],"curies":[{"name":"wp","href":"https:\/\/api.w.org\/{rel}","templated":true}]}}