{"id":3516,"date":"2025-09-03T08:13:29","date_gmt":"2025-09-03T08:13:29","guid":{"rendered":"https:\/\/steeltechitalia.com\/politique-en-matiere-de-cookies\/"},"modified":"2025-09-03T08:13:29","modified_gmt":"2025-09-03T08:13:29","slug":"politique-en-matiere-de-cookies","status":"publish","type":"page","link":"https:\/\/steeltechitalia.com\/fr\/politique-en-matiere-de-cookies\/","title":{"rendered":"Politique en mati\u00e8re de cookies.<br> <br>"},"content":{"rendered":"<p><!-- Start CookieYes cookie policy --><\/p>\n<style>\n  a.cky-banner-element {<br \/>    padding: 8px 30px;<br \/>    background: #f8f9fa;<br \/>    color: #858a8f;<br \/>    border: 1px solid #dee2e6;<br \/>    box-sizing: border-box;<br \/>    border-radius: 2px;<br \/>    cursor: pointer<br \/>  }<br \/><\/style>\n<div class=\"cookie-policy-date-container\">\n<p>Date d\u2019entr\u00e9e en vigueur : 03 septembre 2025<br \/>\nDerni\u00e8re mise \u00e0 jour : 03 septembre 2025<\/p>\n<\/div>\n<p>&nbsp;<\/p>\n<h2>Que sont les cookies ?<\/h2>\n<div class=\"cookie-policy-p\">\n<p>La pr\u00e9sente politique en mati\u00e8re de cookies explique ce que sont les cookies, comment nous les utilisons, les types de cookies que nous utilisons (c\u2019est-\u00e0-dire les informations que nous collectons gr\u00e2ce aux cookies et la mani\u00e8re dont ces informations sont utilis\u00e9es) et comment g\u00e9rer les param\u00e8tres des cookies.<\/p>\n<p>Les cookies sont de petits fichiers texte utilis\u00e9s pour stocker de petites informations. Ils sont enregistr\u00e9s sur l\u2019appareil de l\u2019utilisateur lorsqu\u2019un site web est charg\u00e9 dans le navigateur. Ces cookies contribuent au bon fonctionnement du site web, renforcent la s\u00e9curit\u00e9, offrent une meilleure exp\u00e9rience utilisateur et analysent les performances afin d\u2019identifier ce qui fonctionne et ce qui doit \u00eatre am\u00e9lior\u00e9.  <\/p>\n<\/div>\n<p>&nbsp;<\/p>\n<h2>Comment utilisons-nous les cookies ?<\/h2>\n<div class=\"cookie-policy-p\">\n<p>Comme la plupart des services en ligne, notre site web utilise des cookies internes et tiers \u00e0 diverses fins. Les cookies internes sont principalement n\u00e9cessaires au bon fonctionnement du site web et ne collectent pas de donn\u00e9es personnelles identifiables. <\/p>\n<p>Les cookies tiers utilis\u00e9s sur notre site web nous aident principalement \u00e0 comprendre les performances du site, \u00e0 suivre votre interaction avec celui-ci, \u00e0 garantir la s\u00e9curit\u00e9 de nos services, \u00e0 diffuser des publicit\u00e9s pertinentes et \u00e0 am\u00e9liorer votre exp\u00e9rience globale, tout en optimisant la rapidit\u00e9 de vos interactions futures avec notre site.<\/p>\n<\/div>\n<p>&nbsp;<\/p>\n<h2>Types de cookies utilis\u00e9s<\/h2>\n<div class=\"cky-audit-table-element\"><\/div>\n<p>&nbsp;<\/p>\n<h2 style=\"margin-bottom: 20px;\">G\u00e9rer vos pr\u00e9f\u00e9rences en mati\u00e8re de cookies<\/h2>\n<p><a class=\"cky-banner-element\">Pr\u00e9f\u00e9rences relatives au consentement<\/a><\/p>\n<div>\n<p>Il est possible de modifier les param\u00e8tres des cookies \u00e0 tout moment en cliquant sur le bouton \u00ab Pr\u00e9f\u00e9rences de consentement \u00bb en haut. Cela permettra d\u2019afficher \u00e0 nouveau la banni\u00e8re de consentement aux cookies et de mettre \u00e0 jour vos pr\u00e9f\u00e9rences ou de retirer imm\u00e9diatement votre consentement. <\/p>\n<p>De plus, diff\u00e9rents navigateurs proposent diverses m\u00e9thodes pour bloquer et supprimer les cookies utilis\u00e9s par les sites web. Vous pouvez modifier les param\u00e8tres de votre navigateur pour bloquer ou supprimer les cookies. Vous trouverez ci-dessous des liens vers la documentation d\u2019aide expliquant comment g\u00e9rer et supprimer les cookies dans les principaux navigateurs web.  <\/p>\n<p>Chrome: <a href=\"https:\/\/support.google.com\/accounts\/answer\/32050\" target=\"_blank\" rel=\"noopener noreferrer\">https:\/\/support.google.com\/accounts\/answer\/32050<\/a><\/p>\n<p>Safari: <a href=\"https:\/\/support.apple.com\/en-in\/guide\/safari\/sfri11471\/mac\" target=\"_blank\" rel=\"noopener noreferrer\">https:\/\/support.apple.com\/en-in\/guide\/safari\/sfri11471\/mac<\/a><\/p>\n<p>Firefox: <a href=\"https:\/\/support.mozilla.org\/en-US\/kb\/clear-cookies-and-site-data-firefox?redirectslug=delete-cookies-remove-info-websites-stored&amp;redirectlocale=en-US\" target=\"_blank\" rel=\"noopener noreferrer\">https:\/\/support.mozilla.org\/en-US\/kb\/clear-cookies-and-site-data-firefox?redirectslug=delete-cookies-remove-info-websites-stored&amp;redirectlocale=en-US<\/a><\/p>\n<p>Internet Explorer: <a href=\"https:\/\/support.microsoft.com\/en-us\/topic\/how-to-delete-cookie-files-in-internet-explorer-bca9446f-d873-78de-77ba-d42645fa52fc\" target=\"_blank\" rel=\"noopener noreferrer\">https:\/\/support.microsoft.com\/en-us\/topic\/how-to-delete-cookie-files-in-internet-explorer-bca9446f-d873-78de-77ba-d42645fa52fc<\/a><\/p>\n<p>Si vous utilisez un autre navigateur web, veuillez vous r\u00e9f\u00e9rer \u00e0 la documentation d\u2019assistance officielle.<\/p>\n<\/div>\n<p><!-- End CookieYes cookie policy --><\/p>\n","protected":false},"excerpt":{"rendered":"<p>Date d\u2019entr\u00e9e en vigueur : 03 septembre 2025 Derni\u00e8re mise \u00e0 jour : 03 septembre 2025 &nbsp; Que sont les cookies ? La pr\u00e9sente politique en mati\u00e8re de cookies explique ce que sont les cookies, comment nous les utilisons, les types de cookies que nous utilisons (c\u2019est-\u00e0-dire les informations que nous collectons gr\u00e2ce aux cookies [&hellip;]<\/p>\n","protected":false},"author":1,"featured_media":0,"parent":0,"menu_order":0,"comment_status":"closed","ping_status":"closed","template":"","meta":{"_acf_changed":false,"slim_seo":{"title":"Politique en mati\u00e8re de cookies. - SteelTech srl","description":"Date d\u2019entr\u00e9e en vigueur : 03 septembre 2025 Derni\u00e8re mise \u00e0 jour : 03 septembre 2025 &nbsp; Que sont les cookies ? La pr\u00e9sente politique en mati\u00e8re de cookies"},"footnotes":""},"class_list":["post-3516","page","type-page","status-publish","hentry"],"acf":[],"_links":{"self":[{"href":"https:\/\/steeltechitalia.com\/fr\/wp-json\/wp\/v2\/pages\/3516","targetHints":{"allow":["GET"]}}],"collection":[{"href":"https:\/\/steeltechitalia.com\/fr\/wp-json\/wp\/v2\/pages"}],"about":[{"href":"https:\/\/steeltechitalia.com\/fr\/wp-json\/wp\/v2\/types\/page"}],"author":[{"embeddable":true,"href":"https:\/\/steeltechitalia.com\/fr\/wp-json\/wp\/v2\/users\/1"}],"replies":[{"embeddable":true,"href":"https:\/\/steeltechitalia.com\/fr\/wp-json\/wp\/v2\/comments?post=3516"}],"version-history":[{"count":0,"href":"https:\/\/steeltechitalia.com\/fr\/wp-json\/wp\/v2\/pages\/3516\/revisions"}],"wp:attachment":[{"href":"https:\/\/steeltechitalia.com\/fr\/wp-json\/wp\/v2\/media?parent=3516"}],"curies":[{"name":"wp","href":"https:\/\/api.w.org\/{rel}","templated":true}]}}